{"id":9938,"date":"2025-07-01T21:36:59","date_gmt":"2025-07-01T19:36:59","guid":{"rendered":"https:\/\/herbaltattoo.eu\/?post_type=product&#038;p=9938"},"modified":"2026-02-25T12:50:19","modified_gmt":"2026-02-25T11:50:19","slug":"zyletka","status":"publish","type":"product","link":"https:\/\/herbaltattoo.eu\/pl\/produkt\/zyletka\/","title":{"rendered":"\u017byletka"},"content":{"rendered":"<div class=\"relative flex-col gap-1 md:gap-3\">\n<div class=\"flex max-w-full flex-col grow\">\n<div class=\"min-h-8 text-message relative flex w-full flex-col items-end gap-2 text-start break-words whitespace-normal [.text-message+&amp;]:mt-5\" dir=\"auto\" data-message-author-role=\"assistant\" data-message-id=\"e8178d2b-82b4-4f72-b8a1-b6b389b527e1\" data-message-model-slug=\"gpt-4-1-mini\">\n<div class=\"flex w-full flex-col gap-1 empty:hidden first:pt-[3px]\">\n<div class=\"markdown prose dark:prose-invert w-full break-words light\">\n<p data-start=\"40\" data-end=\"232\"><span class=\"relative -mx-px my-[-0.2rem] rounded px-px py-[0.2rem] transition-colors duration-100 ease-in-out\">Tatua\u017c z \u017cyletk\u0105 mo\u017ce symbolizowa\u0107 si\u0142\u0119 i wytrwa\u0142o\u015b\u0107 w obliczu trudno\u015bci, reprezentuj\u0105c zdolno\u015b\u0107 do pokonywania \u017cyciowych przeszk\u00f3d.<\/span> <span class=\"relative -mx-px my-[-0.2rem] rounded px-px py-[0.2rem] transition-colors duration-100 ease-in-out\">Cz\u0119sto jest tak\u017ce wyrazem osobistej transformacji, oznaczaj\u0105c odci\u0119cie od przesz\u0142ych, negatywnych do\u015bwiadcze\u0144 i rozpocz\u0119cie nowego rozdzia\u0142u w \u017cyciu.<\/span> <span class=\"relative -mx-px my-[-0.2rem] rounded px-px py-[0.2rem] transition-colors duration-100 ease-in-out\">W niekt\u00f3rych przypadkach \u017cyletka w tatua\u017cu mo\u017ce odnosi\u0107 si\u0119 do przesz\u0142ych zmaga\u0144 z problemami emocjonalnymi, takimi jak depresja czy uzale\u017cnienia, stanowi\u0105c symbol pokonania tych trudno\u015bci.<\/span> <span class=\"relative -mx-px my-[-0.2rem] rounded px-px py-[0.2rem] transition-colors duration-100 ease-in-out\">Dodatkowo, \u017cyletka mo\u017ce by\u0107 postrzegana jako przypomnienie o r\u00f3wnowadze mi\u0119dzy pi\u0119knem a niebezpiecze\u0144stwem, zach\u0119caj\u0105c do ostro\u017cno\u015bci i refleksji nad w\u0142asnymi wyborami.<\/span><\/p>\n<\/div>\n<\/div>\n<\/div>\n<\/div>\n<\/div>\n","protected":false},"excerpt":{"rendered":"<p>Tatua\u017c z \u017cyletk\u0105 mo\u017ce symbolizowa\u0107 si\u0142\u0119 i wytrwa\u0142o\u015b\u0107 w obliczu trudno\u015bci, reprezentuj\u0105c zdolno\u015b\u0107 do pokonywania \u017cyciowych przeszk\u00f3d. Cz\u0119sto jest tak\u017ce wyrazem osobistej transformacji, oznaczaj\u0105c odci\u0119cie od przesz\u0142ych, negatywnych do\u015bwiadcze\u0144 i rozpocz\u0119cie nowego rozdzia\u0142u w \u017cyciu. W niekt\u00f3rych przypadkach \u017cyletka w tatua\u017cu mo\u017ce odnosi\u0107 si\u0119 do przesz\u0142ych zmaga\u0144 z problemami emocjonalnymi, takimi jak depresja czy uzale\u017cnienia,&#8230;<\/p>\n","protected":false},"featured_media":9939,"template":"","meta":{"_monsterinsights_skip_tracking":false,"_monsterinsights_sitenote_active":false,"_monsterinsights_sitenote_note":"","_monsterinsights_sitenote_category":0,"_kadence_starter_templates_imported_post":false,"_kad_post_transparent":"default","_kad_post_title":"","_kad_post_layout":"default","_kad_post_sidebar_id":"","_kad_post_content_style":"default","_kad_post_vertical_padding":"default","_kad_post_feature":"","_kad_post_feature_position":"","_kad_post_header":false,"_kad_post_footer":false,"_kad_post_classname":""},"product_brand":[],"product_cat":[51,16],"product_tag":[],"class_list":{"0":"post-9938","1":"product","2":"type-product","3":"status-publish","4":"has-post-thumbnail","6":"product_cat-male","7":"product_cat-wszystko","9":"first","10":"instock","11":"taxable","12":"shipping-taxable","13":"purchasable","14":"product-type-simple","15":"entry","16":"content-bg","17":"loop-entry"},"jetpack_sharing_enabled":true,"_links":{"self":[{"href":"https:\/\/herbaltattoo.eu\/pl\/wp-json\/wp\/v2\/product\/9938","targetHints":{"allow":["GET"]}}],"collection":[{"href":"https:\/\/herbaltattoo.eu\/pl\/wp-json\/wp\/v2\/product"}],"about":[{"href":"https:\/\/herbaltattoo.eu\/pl\/wp-json\/wp\/v2\/types\/product"}],"wp:featuredmedia":[{"embeddable":true,"href":"https:\/\/herbaltattoo.eu\/pl\/wp-json\/wp\/v2\/media\/9939"}],"wp:attachment":[{"href":"https:\/\/herbaltattoo.eu\/pl\/wp-json\/wp\/v2\/media?parent=9938"}],"wp:term":[{"taxonomy":"product_brand","embeddable":true,"href":"https:\/\/herbaltattoo.eu\/pl\/wp-json\/wp\/v2\/product_brand?post=9938"},{"taxonomy":"product_cat","embeddable":true,"href":"https:\/\/herbaltattoo.eu\/pl\/wp-json\/wp\/v2\/product_cat?post=9938"},{"taxonomy":"product_tag","embeddable":true,"href":"https:\/\/herbaltattoo.eu\/pl\/wp-json\/wp\/v2\/product_tag?post=9938"}],"curies":[{"name":"wp","href":"https:\/\/api.w.org\/{rel}","templated":true}]}}