{"id":9936,"date":"2025-07-01T21:35:49","date_gmt":"2025-07-01T19:35:49","guid":{"rendered":"https:\/\/herbaltattoo.eu\/?post_type=product&#038;p=9936"},"modified":"2026-02-25T12:50:20","modified_gmt":"2026-02-25T11:50:20","slug":"zakochani-w-kajdankach","status":"publish","type":"product","link":"https:\/\/herbaltattoo.eu\/pl\/produkt\/zakochani-w-kajdankach\/","title":{"rendered":"Zakochani w kajdankach"},"content":{"rendered":"<div class=\"relative flex-col gap-1 md:gap-3\">\n<div class=\"flex max-w-full flex-col grow\">\n<div class=\"min-h-8 text-message relative flex w-full flex-col items-end gap-2 text-start break-words whitespace-normal [.text-message+&amp;]:mt-5\" dir=\"auto\" data-message-author-role=\"assistant\" data-message-id=\"50e9b6b5-f5a2-4f7f-8f7a-c822db76da65\" data-message-model-slug=\"gpt-4-1-mini\">\n<div class=\"flex w-full flex-col gap-1 empty:hidden first:pt-[3px]\">\n<div class=\"markdown prose dark:prose-invert w-full break-words light\">\n<p data-start=\"0\" data-end=\"192\"><span class=\"relative -mx-px my-[-0.2rem] rounded px-px py-[0.2rem] transition-colors duration-100 ease-in-out\">Tatua\u017c przedstawiaj\u0105cy zakochanych w kajdankach symbolizuje siln\u0105 wi\u0119\u017a i oddanie mi\u0119dzy partnerami, wyra\u017caj\u0105c zar\u00f3wno mi\u0142o\u015b\u0107, jak i poczucie ograniczenia.<\/span> <span class=\"relative -mx-px my-[-0.2rem] rounded px-px py-[0.2rem] transition-colors duration-100 ease-in-out\">Kajdanki mog\u0105 by\u0107 interpretowane jako metafora niewidzialnych wi\u0119zi, kt\u00f3re \u0142\u0105cz\u0105 ludzi, ale tak\u017ce jako symbol uwi\u0119zienia lub zale\u017cno\u015bci.<\/span> <span class=\"relative -mx-px my-[-0.2rem] rounded px-px py-[0.2rem] transition-colors duration-100 ease-in-out\">W kontek\u015bcie pary zakochanych, taki tatua\u017c mo\u017ce wyra\u017ca\u0107 gotowo\u015b\u0107 do wsp\u00f3lnego stawiania czo\u0142a trudno\u015bciom i pokonywania przeszk\u00f3d.<\/span> <span class=\"relative -mx-px my-[-0.2rem] rounded px-px py-[0.2rem] transition-colors duration-100 ease-in-out\">Jednak\u017ce, w zale\u017cno\u015bci od kontekstu, mo\u017ce r\u00f3wnie\u017c sugerowa\u0107 poczucie ograniczenia lub braku pe\u0142nej wolno\u015bci w relacji.<\/span><\/p>\n<\/div>\n<\/div>\n<\/div>\n<\/div>\n<\/div>\n","protected":false},"excerpt":{"rendered":"<p>Tatua\u017c przedstawiaj\u0105cy zakochanych w kajdankach symbolizuje siln\u0105 wi\u0119\u017a i oddanie mi\u0119dzy partnerami, wyra\u017caj\u0105c zar\u00f3wno mi\u0142o\u015b\u0107, jak i poczucie ograniczenia. Kajdanki mog\u0105 by\u0107 interpretowane jako metafora niewidzialnych wi\u0119zi, kt\u00f3re \u0142\u0105cz\u0105 ludzi, ale tak\u017ce jako symbol uwi\u0119zienia lub zale\u017cno\u015bci. W kontek\u015bcie pary zakochanych, taki tatua\u017c mo\u017ce wyra\u017ca\u0107 gotowo\u015b\u0107 do wsp\u00f3lnego stawiania czo\u0142a trudno\u015bciom i pokonywania przeszk\u00f3d. Jednak\u017ce,&#8230;<\/p>\n","protected":false},"featured_media":9937,"template":"","meta":{"_monsterinsights_skip_tracking":false,"_monsterinsights_sitenote_active":false,"_monsterinsights_sitenote_note":"","_monsterinsights_sitenote_category":0,"_kadence_starter_templates_imported_post":false,"_kad_post_transparent":"default","_kad_post_title":"","_kad_post_layout":"default","_kad_post_sidebar_id":"","_kad_post_content_style":"default","_kad_post_vertical_padding":"default","_kad_post_feature":"","_kad_post_feature_position":"","_kad_post_header":false,"_kad_post_footer":false,"_kad_post_classname":""},"product_brand":[],"product_cat":[51,16],"product_tag":[],"class_list":{"0":"post-9936","1":"product","2":"type-product","3":"status-publish","4":"has-post-thumbnail","6":"product_cat-male","7":"product_cat-wszystko","9":"first","10":"instock","11":"taxable","12":"shipping-taxable","13":"purchasable","14":"product-type-simple","15":"entry","16":"content-bg","17":"loop-entry"},"jetpack_sharing_enabled":true,"_links":{"self":[{"href":"https:\/\/herbaltattoo.eu\/pl\/wp-json\/wp\/v2\/product\/9936","targetHints":{"allow":["GET"]}}],"collection":[{"href":"https:\/\/herbaltattoo.eu\/pl\/wp-json\/wp\/v2\/product"}],"about":[{"href":"https:\/\/herbaltattoo.eu\/pl\/wp-json\/wp\/v2\/types\/product"}],"wp:featuredmedia":[{"embeddable":true,"href":"https:\/\/herbaltattoo.eu\/pl\/wp-json\/wp\/v2\/media\/9937"}],"wp:attachment":[{"href":"https:\/\/herbaltattoo.eu\/pl\/wp-json\/wp\/v2\/media?parent=9936"}],"wp:term":[{"taxonomy":"product_brand","embeddable":true,"href":"https:\/\/herbaltattoo.eu\/pl\/wp-json\/wp\/v2\/product_brand?post=9936"},{"taxonomy":"product_cat","embeddable":true,"href":"https:\/\/herbaltattoo.eu\/pl\/wp-json\/wp\/v2\/product_cat?post=9936"},{"taxonomy":"product_tag","embeddable":true,"href":"https:\/\/herbaltattoo.eu\/pl\/wp-json\/wp\/v2\/product_tag?post=9936"}],"curies":[{"name":"wp","href":"https:\/\/api.w.org\/{rel}","templated":true}]}}