{"id":9920,"date":"2025-07-01T21:25:23","date_gmt":"2025-07-01T19:25:23","guid":{"rendered":"https:\/\/herbaltattoo.eu\/?post_type=product&#038;p=9920"},"modified":"2026-02-25T12:51:11","modified_gmt":"2026-02-25T11:51:11","slug":"plonaca-roza","status":"publish","type":"product","link":"https:\/\/herbaltattoo.eu\/pl\/produkt\/plonaca-roza\/","title":{"rendered":"P\u0142on\u0105ca r\u00f3\u017ca"},"content":{"rendered":"<div class=\"relative flex-col gap-1 md:gap-3\">\n<div class=\"flex max-w-full flex-col grow\">\n<div class=\"min-h-8 text-message relative flex w-full flex-col items-end gap-2 text-start break-words whitespace-normal [.text-message+&amp;]:mt-5\" dir=\"auto\" data-message-author-role=\"assistant\" data-message-id=\"cc25cbad-6f3a-41e9-a8bf-3b9cfecdc6ec\" data-message-model-slug=\"gpt-4o\">\n<div class=\"flex w-full flex-col gap-1 empty:hidden first:pt-[3px]\">\n<div class=\"markdown prose dark:prose-invert w-full break-words light\">\n<p data-start=\"0\" data-end=\"392\" data-is-last-node=\"\" data-is-only-node=\"\">Tatua\u017c p\u0142on\u0105cej r\u00f3\u017cy w zapalniczce \u0142\u0105czy delikatno\u015b\u0107 zniszczenia z pi\u0119knem i pasj\u0105. R\u00f3\u017ca symbolizuje mi\u0142o\u015b\u0107, uczucia lub krucho\u015b\u0107, a p\u0142omie\u0144 \u2013 nami\u0119tno\u015b\u0107, gniew lub przemijanie. Umieszczenie jej w zapalniczce mo\u017ce oznacza\u0107 kontrolowanie emocji, gotowo\u015b\u0107 do spalenia przesz\u0142o\u015bci lub autodestrukcyjne tendencje. Styl bywa neotradycyjny, surrealistyczny lub old school, z mocnym kontrastem barw.<\/p>\n<\/div>\n<\/div>\n<\/div>\n<\/div>\n<div class=\"flex min-h-[46px] justify-start\">\n<div class=\"touch:-me-2 touch:-ms-3.5 -ms-2.5 -me-1 flex flex-wrap items-center gap-y-4 p-1 select-none touch:w-[calc(100%+--spacing(3.5))] -mt-1 w-[calc(100%+--spacing(2.5))] duration-[1.5s] focus-within:transition-none hover:transition-none pointer-events-none [mask-image:linear-gradient(to_right,black_33%,transparent_66%)] [mask-size:300%_100%] [mask-position:100%_0%] motion-safe:transition-[mask-position] group-hover\/turn-messages:pointer-events-auto group-hover\/turn-messages:[mask-position:0_0] group-focus-within\/turn-messages:pointer-events-auto group-focus-within\/turn-messages:[mask-position:0_0] has-data-[state=open]:pointer-events-auto has-data-[state=open]:[mask-position:0_0]\"><\/div>\n<\/div>\n<\/div>\n<div class=\"aria-live=polite absolute\">\n<div class=\"flex items-center justify-center\"><\/div>\n<\/div>\n","protected":false},"excerpt":{"rendered":"<p>Tatua\u017c p\u0142on\u0105cej r\u00f3\u017cy w zapalniczce \u0142\u0105czy delikatno\u015b\u0107 zniszczenia z pi\u0119knem i pasj\u0105. R\u00f3\u017ca symbolizuje mi\u0142o\u015b\u0107, uczucia lub krucho\u015b\u0107, a p\u0142omie\u0144 \u2013 nami\u0119tno\u015b\u0107, gniew lub przemijanie. Umieszczenie jej w zapalniczce mo\u017ce oznacza\u0107 kontrolowanie emocji, gotowo\u015b\u0107 do spalenia przesz\u0142o\u015bci lub autodestrukcyjne tendencje. Styl bywa neotradycyjny, surrealistyczny lub old school, z mocnym kontrastem barw.<\/p>\n","protected":false},"featured_media":9921,"template":"","meta":{"_monsterinsights_skip_tracking":false,"_monsterinsights_sitenote_active":false,"_monsterinsights_sitenote_note":"","_monsterinsights_sitenote_category":0,"_kadence_starter_templates_imported_post":false,"_kad_post_transparent":"default","_kad_post_title":"","_kad_post_layout":"default","_kad_post_sidebar_id":"","_kad_post_content_style":"default","_kad_post_vertical_padding":"default","_kad_post_feature":"","_kad_post_feature_position":"","_kad_post_header":false,"_kad_post_footer":false,"_kad_post_classname":""},"product_brand":[],"product_cat":[51,16],"product_tag":[],"class_list":{"0":"post-9920","1":"product","2":"type-product","3":"status-publish","4":"has-post-thumbnail","6":"product_cat-male","7":"product_cat-wszystko","9":"first","10":"instock","11":"taxable","12":"shipping-taxable","13":"purchasable","14":"product-type-simple","15":"entry","16":"content-bg","17":"loop-entry"},"jetpack_sharing_enabled":true,"_links":{"self":[{"href":"https:\/\/herbaltattoo.eu\/pl\/wp-json\/wp\/v2\/product\/9920","targetHints":{"allow":["GET"]}}],"collection":[{"href":"https:\/\/herbaltattoo.eu\/pl\/wp-json\/wp\/v2\/product"}],"about":[{"href":"https:\/\/herbaltattoo.eu\/pl\/wp-json\/wp\/v2\/types\/product"}],"wp:featuredmedia":[{"embeddable":true,"href":"https:\/\/herbaltattoo.eu\/pl\/wp-json\/wp\/v2\/media\/9921"}],"wp:attachment":[{"href":"https:\/\/herbaltattoo.eu\/pl\/wp-json\/wp\/v2\/media?parent=9920"}],"wp:term":[{"taxonomy":"product_brand","embeddable":true,"href":"https:\/\/herbaltattoo.eu\/pl\/wp-json\/wp\/v2\/product_brand?post=9920"},{"taxonomy":"product_cat","embeddable":true,"href":"https:\/\/herbaltattoo.eu\/pl\/wp-json\/wp\/v2\/product_cat?post=9920"},{"taxonomy":"product_tag","embeddable":true,"href":"https:\/\/herbaltattoo.eu\/pl\/wp-json\/wp\/v2\/product_tag?post=9920"}],"curies":[{"name":"wp","href":"https:\/\/api.w.org\/{rel}","templated":true}]}}