{"id":9903,"date":"2025-07-01T21:15:36","date_gmt":"2025-07-01T19:15:36","guid":{"rendered":"https:\/\/herbaltattoo.eu\/?post_type=product&#038;p=9903"},"modified":"2026-02-25T12:51:12","modified_gmt":"2026-02-25T11:51:12","slug":"deskorolkoczaszka","status":"publish","type":"product","link":"https:\/\/herbaltattoo.eu\/pl\/produkt\/deskorolkoczaszka\/","title":{"rendered":"Deskorolkoczaszka"},"content":{"rendered":"<div class=\"relative flex-col gap-1 md:gap-3\">\n<div class=\"flex max-w-full flex-col grow\">\n<div class=\"min-h-8 text-message relative flex w-full flex-col items-end gap-2 text-start break-words whitespace-normal [.text-message+&amp;]:mt-5\" dir=\"auto\" data-message-author-role=\"assistant\" data-message-id=\"42c8ebc7-8825-4551-9173-54bbce76618c\" data-message-model-slug=\"gpt-4o\">\n<div class=\"flex w-full flex-col gap-1 empty:hidden first:pt-[3px]\">\n<div class=\"markdown prose dark:prose-invert w-full break-words light\">\n<p data-start=\"0\" data-end=\"362\" data-is-last-node=\"\" data-is-only-node=\"\">Tatua\u017c deskorolki z czaszk\u0105 \u0142\u0105czy motyw wolno\u015bci, buntu i pasji z symbolem \u015bmierci lub przemijania. Mo\u017ce wyra\u017ca\u0107 podej\u015bcie \u201e\u017cyj szybko, nie \u017ca\u0142uj\u201d, charakterystyczne dla kultury skate. Stylowo cz\u0119sto pojawia si\u0119 w wersji old school, cartoon lub graffiti, z dynamiczn\u0105 lini\u0105 i intensywnymi kolorami. To te\u017c ho\u0142d dla stylu \u017cycia na granicy ryzyka i autentyczno\u015bci.<\/p>\n<\/div>\n<\/div>\n<\/div>\n<\/div>\n<div class=\"flex min-h-[46px] justify-start\">\n<div class=\"touch:-me-2 touch:-ms-3.5 -ms-2.5 -me-1 flex flex-wrap items-center gap-y-4 p-1 select-none touch:w-[calc(100%+--spacing(3.5))] -mt-1 w-[calc(100%+--spacing(2.5))] duration-[1.5s] focus-within:transition-none hover:transition-none pointer-events-none [mask-image:linear-gradient(to_right,black_33%,transparent_66%)] [mask-size:300%_100%] [mask-position:100%_0%] motion-safe:transition-[mask-position] group-hover\/turn-messages:pointer-events-auto group-hover\/turn-messages:[mask-position:0_0] group-focus-within\/turn-messages:pointer-events-auto group-focus-within\/turn-messages:[mask-position:0_0] has-data-[state=open]:pointer-events-auto has-data-[state=open]:[mask-position:0_0]\"><\/div>\n<\/div>\n<\/div>\n<div class=\"aria-live=polite absolute\">\n<div class=\"flex items-center justify-center\"><\/div>\n<\/div>\n","protected":false},"excerpt":{"rendered":"<p>Tatua\u017c deskorolki z czaszk\u0105 \u0142\u0105czy motyw wolno\u015bci, buntu i pasji z symbolem \u015bmierci lub przemijania. Mo\u017ce wyra\u017ca\u0107 podej\u015bcie \u201e\u017cyj szybko, nie \u017ca\u0142uj\u201d, charakterystyczne dla kultury skate. Stylowo cz\u0119sto pojawia si\u0119 w wersji old school, cartoon lub graffiti, z dynamiczn\u0105 lini\u0105 i intensywnymi kolorami. To te\u017c ho\u0142d dla stylu \u017cycia na granicy ryzyka i autentyczno\u015bci.<\/p>\n","protected":false},"featured_media":9904,"template":"","meta":{"_monsterinsights_skip_tracking":false,"_monsterinsights_sitenote_active":false,"_monsterinsights_sitenote_note":"","_monsterinsights_sitenote_category":0,"_kadence_starter_templates_imported_post":false,"_kad_post_transparent":"default","_kad_post_title":"","_kad_post_layout":"default","_kad_post_sidebar_id":"","_kad_post_content_style":"default","_kad_post_vertical_padding":"default","_kad_post_feature":"","_kad_post_feature_position":"","_kad_post_header":false,"_kad_post_footer":false,"_kad_post_classname":""},"product_brand":[],"product_cat":[51,16],"product_tag":[],"class_list":{"0":"post-9903","1":"product","2":"type-product","3":"status-publish","4":"has-post-thumbnail","6":"product_cat-male","7":"product_cat-wszystko","9":"first","10":"instock","11":"taxable","12":"shipping-taxable","13":"purchasable","14":"product-type-simple","15":"entry","16":"content-bg","17":"loop-entry"},"jetpack_sharing_enabled":true,"_links":{"self":[{"href":"https:\/\/herbaltattoo.eu\/pl\/wp-json\/wp\/v2\/product\/9903","targetHints":{"allow":["GET"]}}],"collection":[{"href":"https:\/\/herbaltattoo.eu\/pl\/wp-json\/wp\/v2\/product"}],"about":[{"href":"https:\/\/herbaltattoo.eu\/pl\/wp-json\/wp\/v2\/types\/product"}],"wp:featuredmedia":[{"embeddable":true,"href":"https:\/\/herbaltattoo.eu\/pl\/wp-json\/wp\/v2\/media\/9904"}],"wp:attachment":[{"href":"https:\/\/herbaltattoo.eu\/pl\/wp-json\/wp\/v2\/media?parent=9903"}],"wp:term":[{"taxonomy":"product_brand","embeddable":true,"href":"https:\/\/herbaltattoo.eu\/pl\/wp-json\/wp\/v2\/product_brand?post=9903"},{"taxonomy":"product_cat","embeddable":true,"href":"https:\/\/herbaltattoo.eu\/pl\/wp-json\/wp\/v2\/product_cat?post=9903"},{"taxonomy":"product_tag","embeddable":true,"href":"https:\/\/herbaltattoo.eu\/pl\/wp-json\/wp\/v2\/product_tag?post=9903"}],"curies":[{"name":"wp","href":"https:\/\/api.w.org\/{rel}","templated":true}]}}