{"id":6606,"date":"2025-06-06T22:47:59","date_gmt":"2025-06-06T20:47:59","guid":{"rendered":"https:\/\/herbaltattoo.eu\/?post_type=product&#038;p=6606"},"modified":"2026-02-25T12:51:17","modified_gmt":"2026-02-25T11:51:17","slug":"znak-zodiaku-waga","status":"publish","type":"product","link":"https:\/\/herbaltattoo.eu\/pl\/produkt\/znak-zodiaku-waga\/","title":{"rendered":"ZNAK ZODIAKU Waga"},"content":{"rendered":"<article class=\"text-token-text-primary w-full\" dir=\"auto\" data-testid=\"conversation-turn-26\" data-scroll-anchor=\"true\">\n<div class=\"text-base my-auto mx-auto py-5 [--thread-content-margin:--spacing(4)] @[37rem]:[--thread-content-margin:--spacing(6)] @[72rem]:[--thread-content-margin:--spacing(16)] px-(--thread-content-margin)\">\n<div class=\"[--thread-content-max-width:32rem] @[34rem]:[--thread-content-max-width:40rem] @[64rem]:[--thread-content-max-width:48rem] mx-auto flex max-w-(--thread-content-max-width) flex-1 text-base gap-4 md:gap-5 lg:gap-6 group\/turn-messages focus-visible:outline-hidden\" tabindex=\"-1\">\n<div class=\"group\/conversation-turn relative flex w-full min-w-0 flex-col agent-turn\">\n<div class=\"relative flex-col gap-1 md:gap-3\">\n<div class=\"flex max-w-full flex-col grow\">\n<div class=\"min-h-8 text-message relative flex w-full flex-col items-end gap-2 text-start break-words whitespace-normal [.text-message+&amp;]:mt-5\" dir=\"auto\" data-message-author-role=\"assistant\" data-message-id=\"8b6c5841-4c5b-4128-a4b4-b338a423de73\" data-message-model-slug=\"gpt-4-1-mini\">\n<div class=\"flex w-full flex-col gap-1 empty:hidden first:pt-[3px]\">\n<div class=\"markdown prose dark:prose-invert w-full break-words light\">\n<p data-start=\"0\" data-end=\"436\" data-is-last-node=\"\" data-is-only-node=\"\">Tatua\u017c z motywem Wagi symbolizuje r\u00f3wnowag\u0119, harmoni\u0119 i sprawiedliwo\u015b\u0107. Osoby spod tego znaku s\u0105 zwykle dyplomatyczne, uczciwe i d\u0105\u017c\u0105 do pokoju w relacjach z innymi. Waga kojarzy si\u0119 z pi\u0119knem, estetyk\u0105 i partnerstwem, dlatego tatua\u017c mo\u017ce wyra\u017ca\u0107 potrzeb\u0119 balansu mi\u0119dzy r\u00f3\u017cnymi aspektami \u017cycia. To tak\u017ce znak otwarto\u015bci, wsp\u00f3\u0142pracy i troski o innych. Dla wielu taki tatua\u017c jest symbolem harmonii zar\u00f3wno wewn\u0119trznej, jak i zewn\u0119trznej.<\/p>\n<\/div>\n<\/div>\n<\/div>\n<\/div>\n<div class=\"flex min-h-[46px] justify-start\">\n<div class=\"touch:-me-2 touch:-ms-3.5 -ms-2.5 -me-1 flex items-center p-1 select-none -mt-1 w-full duration-[1.5s] focus-within:transition-none hover:transition-none pointer-events-none [mask-image:linear-gradient(to_right,black_33%,transparent_66%)] [mask-size:300%_100%] [mask-position:100%_0%] motion-safe:transition-[mask-position] group-hover\/turn-messages:pointer-events-auto group-hover\/turn-messages:[mask-position:0_0] group-focus-within\/turn-messages:pointer-events-auto group-focus-within\/turn-messages:[mask-position:0_0] has-data-[state=open]:pointer-events-auto has-data-[state=open]:[mask-position:0_0]\"><\/div>\n<\/div>\n<\/div>\n<div class=\"absolute\">\n<div class=\"flex items-center justify-center\"><\/div>\n<\/div>\n<\/div>\n<\/div>\n<\/div>\n<\/article>\n<div class=\"pointer-events-none h-px w-px\" aria-hidden=\"true\" data-edge=\"true\"><\/div>\n","protected":false},"excerpt":{"rendered":"<p>Tatua\u017c z motywem Wagi symbolizuje r\u00f3wnowag\u0119, harmoni\u0119 i sprawiedliwo\u015b\u0107. Osoby spod tego znaku s\u0105 zwykle dyplomatyczne, uczciwe i d\u0105\u017c\u0105 do pokoju w relacjach z innymi. Waga kojarzy si\u0119 z pi\u0119knem, estetyk\u0105 i partnerstwem, dlatego tatua\u017c mo\u017ce wyra\u017ca\u0107 potrzeb\u0119 balansu mi\u0119dzy r\u00f3\u017cnymi aspektami \u017cycia. To tak\u017ce znak otwarto\u015bci, wsp\u00f3\u0142pracy i troski o innych. Dla wielu taki&#8230;<\/p>\n","protected":false},"featured_media":6607,"template":"","meta":{"_monsterinsights_skip_tracking":false,"_monsterinsights_sitenote_active":false,"_monsterinsights_sitenote_note":"","_monsterinsights_sitenote_category":0,"_kadence_starter_templates_imported_post":false,"_kad_post_transparent":"default","_kad_post_title":"","_kad_post_layout":"default","_kad_post_sidebar_id":"","_kad_post_content_style":"default","_kad_post_vertical_padding":"default","_kad_post_feature":"","_kad_post_feature_position":"","_kad_post_header":false,"_kad_post_footer":false,"_kad_post_classname":""},"product_brand":[],"product_cat":[51,16,58],"product_tag":[],"class_list":{"0":"post-6606","1":"product","2":"type-product","3":"status-publish","4":"has-post-thumbnail","6":"product_cat-male","7":"product_cat-wszystko","8":"product_cat-znakizodiaku","10":"first","11":"instock","12":"taxable","13":"shipping-taxable","14":"purchasable","15":"product-type-simple","16":"entry","17":"content-bg","18":"loop-entry"},"jetpack_sharing_enabled":true,"_links":{"self":[{"href":"https:\/\/herbaltattoo.eu\/pl\/wp-json\/wp\/v2\/product\/6606","targetHints":{"allow":["GET"]}}],"collection":[{"href":"https:\/\/herbaltattoo.eu\/pl\/wp-json\/wp\/v2\/product"}],"about":[{"href":"https:\/\/herbaltattoo.eu\/pl\/wp-json\/wp\/v2\/types\/product"}],"wp:featuredmedia":[{"embeddable":true,"href":"https:\/\/herbaltattoo.eu\/pl\/wp-json\/wp\/v2\/media\/6607"}],"wp:attachment":[{"href":"https:\/\/herbaltattoo.eu\/pl\/wp-json\/wp\/v2\/media?parent=6606"}],"wp:term":[{"taxonomy":"product_brand","embeddable":true,"href":"https:\/\/herbaltattoo.eu\/pl\/wp-json\/wp\/v2\/product_brand?post=6606"},{"taxonomy":"product_cat","embeddable":true,"href":"https:\/\/herbaltattoo.eu\/pl\/wp-json\/wp\/v2\/product_cat?post=6606"},{"taxonomy":"product_tag","embeddable":true,"href":"https:\/\/herbaltattoo.eu\/pl\/wp-json\/wp\/v2\/product_tag?post=6606"}],"curies":[{"name":"wp","href":"https:\/\/api.w.org\/{rel}","templated":true}]}}