{"id":6584,"date":"2025-06-06T22:24:52","date_gmt":"2025-06-06T20:24:52","guid":{"rendered":"https:\/\/herbaltattoo.eu\/?post_type=product&#038;p=6584"},"modified":"2026-02-25T12:52:29","modified_gmt":"2026-02-25T11:52:29","slug":"znak-zodiaku-baran","status":"publish","type":"product","link":"https:\/\/herbaltattoo.eu\/pl\/produkt\/znak-zodiaku-baran\/","title":{"rendered":"ZNAK ZODIAKU Baran"},"content":{"rendered":"<p>Tatua\u017c z motywem Barana symbolizuje si\u0142\u0119, odwag\u0119 i niezale\u017cno\u015b\u0107. Osoby spod tego znaku cz\u0119sto s\u0105 energiczne, impulsywne i zdeterminowane w d\u0105\u017ceniu do celu. Baran jako pierwszy znak zodiaku reprezentuje nowy pocz\u0105tek, inicjatyw\u0119 i przyw\u00f3dztwo. Tatua\u017c z tym znakiem mo\u017ce te\u017c wyra\u017ca\u0107 gotowo\u015b\u0107 do dzia\u0142ania i walki o swoje przekonania. To tak\u017ce symbol pasji, ognia wewn\u0119trznego i silnej woli.<\/p>\n","protected":false},"excerpt":{"rendered":"<p>Tatua\u017c z motywem Barana symbolizuje si\u0142\u0119, odwag\u0119 i niezale\u017cno\u015b\u0107. Osoby spod tego znaku cz\u0119sto s\u0105 energiczne, impulsywne i zdeterminowane w d\u0105\u017ceniu do celu. Baran jako pierwszy znak zodiaku reprezentuje nowy pocz\u0105tek, inicjatyw\u0119 i przyw\u00f3dztwo. Tatua\u017c z tym znakiem mo\u017ce te\u017c wyra\u017ca\u0107 gotowo\u015b\u0107 do dzia\u0142ania i walki o swoje przekonania. To tak\u017ce symbol pasji, ognia wewn\u0119trznego&#8230;<\/p>\n","protected":false},"featured_media":6585,"template":"","meta":{"_monsterinsights_skip_tracking":false,"_monsterinsights_sitenote_active":false,"_monsterinsights_sitenote_note":"","_monsterinsights_sitenote_category":0,"_kadence_starter_templates_imported_post":false,"_kad_post_transparent":"default","_kad_post_title":"","_kad_post_layout":"default","_kad_post_sidebar_id":"","_kad_post_content_style":"default","_kad_post_vertical_padding":"default","_kad_post_feature":"","_kad_post_feature_position":"","_kad_post_header":false,"_kad_post_footer":false,"_kad_post_classname":""},"product_brand":[],"product_cat":[51,16,58],"product_tag":[],"class_list":{"0":"post-6584","1":"product","2":"type-product","3":"status-publish","4":"has-post-thumbnail","6":"product_cat-male","7":"product_cat-wszystko","8":"product_cat-znakizodiaku","10":"first","11":"instock","12":"taxable","13":"shipping-taxable","14":"purchasable","15":"product-type-simple","16":"entry","17":"content-bg","18":"loop-entry"},"jetpack_sharing_enabled":true,"_links":{"self":[{"href":"https:\/\/herbaltattoo.eu\/pl\/wp-json\/wp\/v2\/product\/6584","targetHints":{"allow":["GET"]}}],"collection":[{"href":"https:\/\/herbaltattoo.eu\/pl\/wp-json\/wp\/v2\/product"}],"about":[{"href":"https:\/\/herbaltattoo.eu\/pl\/wp-json\/wp\/v2\/types\/product"}],"wp:featuredmedia":[{"embeddable":true,"href":"https:\/\/herbaltattoo.eu\/pl\/wp-json\/wp\/v2\/media\/6585"}],"wp:attachment":[{"href":"https:\/\/herbaltattoo.eu\/pl\/wp-json\/wp\/v2\/media?parent=6584"}],"wp:term":[{"taxonomy":"product_brand","embeddable":true,"href":"https:\/\/herbaltattoo.eu\/pl\/wp-json\/wp\/v2\/product_brand?post=6584"},{"taxonomy":"product_cat","embeddable":true,"href":"https:\/\/herbaltattoo.eu\/pl\/wp-json\/wp\/v2\/product_cat?post=6584"},{"taxonomy":"product_tag","embeddable":true,"href":"https:\/\/herbaltattoo.eu\/pl\/wp-json\/wp\/v2\/product_tag?post=6584"}],"curies":[{"name":"wp","href":"https:\/\/api.w.org\/{rel}","templated":true}]}}