{"id":5627,"date":"2025-05-26T14:27:17","date_gmt":"2025-05-26T12:27:17","guid":{"rendered":"https:\/\/herbaltattoo.eu\/?post_type=product&#038;p=5627"},"modified":"2026-02-25T12:58:35","modified_gmt":"2026-02-25T11:58:35","slug":"wilk-2","status":"publish","type":"product","link":"https:\/\/herbaltattoo.eu\/pl\/produkt\/wilk-2\/","title":{"rendered":"Wilk"},"content":{"rendered":"<article class=\"text-token-text-primary w-full\" dir=\"auto\" data-testid=\"conversation-turn-34\" data-scroll-anchor=\"true\">\n<div class=\"text-base my-auto mx-auto py-5 [--thread-content-margin:--spacing(4)] @[37rem]:[--thread-content-margin:--spacing(6)] @[72rem]:[--thread-content-margin:--spacing(16)] px-(--thread-content-margin)\">\n<div class=\"[--thread-content-max-width:32rem] @[34rem]:[--thread-content-max-width:40rem] @[64rem]:[--thread-content-max-width:48rem] mx-auto flex max-w-(--thread-content-max-width) flex-1 text-base gap-4 md:gap-5 lg:gap-6 group\/turn-messages focus-visible:outline-hidden\" tabindex=\"-1\">\n<div class=\"group\/conversation-turn relative flex w-full min-w-0 flex-col agent-turn\">\n<div class=\"relative flex-col gap-1 md:gap-3\">\n<div class=\"flex max-w-full flex-col grow\">\n<div class=\"min-h-8 text-message relative flex w-full flex-col items-end gap-2 text-start break-words whitespace-normal [.text-message+&amp;]:mt-5\" dir=\"auto\" data-message-author-role=\"assistant\" data-message-id=\"70ed3de3-19d0-4d98-833b-94ba78bd2cbb\" data-message-model-slug=\"gpt-4-1-mini\">\n<div class=\"flex w-full flex-col gap-1 empty:hidden first:pt-[3px]\">\n<div class=\"markdown prose dark:prose-invert w-full break-words light\">\n<p data-start=\"0\" data-end=\"363\" data-is-last-node=\"\" data-is-only-node=\"\">Tatua\u017c wilka symbolizuje lojalno\u015b\u0107, si\u0142\u0119 i wolno\u015b\u0107. Wilk jest cz\u0119sto postrzegany jako zwierz\u0119 stadne, co podkre\u015bla wi\u0119zi rodzinne i przyja\u017a\u0144. Mo\u017ce tak\u017ce oznacza\u0107 niezale\u017cno\u015b\u0107, intuicj\u0119 i zdolno\u015b\u0107 do przetrwania w trudnych warunkach. W wielu kulturach wilk jest duchowym przewodnikiem i symbolem odwagi. To motyw dla os\u00f3b ceni\u0105cych wi\u0119zi, ale te\u017c wolno\u015b\u0107 i odwag\u0119.<\/p>\n<\/div>\n<\/div>\n<\/div>\n<\/div>\n<div class=\"flex justify-start\">\n<div class=\"touch:-me-2 touch:-ms-3.5 -ms-2.5 -me-1 flex items-center p-1 select-none -mt-1 duration-[1.5s] focus-within:transition-none hover:transition-none pointer-events-none [mask-image:linear-gradient(to_right,black_33%,transparent_66%)] [mask-size:300%_100%] [mask-position:100%_0%] motion-safe:transition-[mask-position] group-hover\/turn-messages:pointer-events-auto group-hover\/turn-messages:[mask-position:0_0] group-focus-within\/turn-messages:pointer-events-auto group-focus-within\/turn-messages:[mask-position:0_0] has-data-[state=open]:pointer-events-auto has-data-[state=open]:[mask-position:0_0]\"><\/div>\n<\/div>\n<\/div>\n<div class=\"absolute\">\n<div class=\"flex items-center justify-center\"><\/div>\n<\/div>\n<\/div>\n<\/div>\n<\/div>\n<\/article>\n<div class=\"pointer-events-none h-px w-px\" aria-hidden=\"true\" data-edge=\"true\"><\/div>\n","protected":false},"excerpt":{"rendered":"<p>Tatua\u017c wilka symbolizuje lojalno\u015b\u0107, si\u0142\u0119 i wolno\u015b\u0107. Wilk jest cz\u0119sto postrzegany jako zwierz\u0119 stadne, co podkre\u015bla wi\u0119zi rodzinne i przyja\u017a\u0144. Mo\u017ce tak\u017ce oznacza\u0107 niezale\u017cno\u015b\u0107, intuicj\u0119 i zdolno\u015b\u0107 do przetrwania w trudnych warunkach. W wielu kulturach wilk jest duchowym przewodnikiem i symbolem odwagi. To motyw dla os\u00f3b ceni\u0105cych wi\u0119zi, ale te\u017c wolno\u015b\u0107 i odwag\u0119.<\/p>\n","protected":false},"featured_media":5628,"template":"","meta":{"_monsterinsights_skip_tracking":false,"_monsterinsights_sitenote_active":false,"_monsterinsights_sitenote_note":"","_monsterinsights_sitenote_category":0,"_kadence_starter_templates_imported_post":false,"_kad_post_transparent":"default","_kad_post_title":"","_kad_post_layout":"default","_kad_post_sidebar_id":"","_kad_post_content_style":"default","_kad_post_vertical_padding":"default","_kad_post_feature":"","_kad_post_feature_position":"","_kad_post_header":false,"_kad_post_footer":false,"_kad_post_classname":""},"product_brand":[],"product_cat":[49,16],"product_tag":[],"class_list":{"0":"post-5627","1":"product","2":"type-product","3":"status-publish","4":"has-post-thumbnail","6":"product_cat-pelne","7":"product_cat-wszystko","9":"first","10":"instock","11":"taxable","12":"shipping-taxable","13":"purchasable","14":"product-type-simple","15":"entry","16":"content-bg","17":"loop-entry"},"jetpack_sharing_enabled":true,"_links":{"self":[{"href":"https:\/\/herbaltattoo.eu\/pl\/wp-json\/wp\/v2\/product\/5627","targetHints":{"allow":["GET"]}}],"collection":[{"href":"https:\/\/herbaltattoo.eu\/pl\/wp-json\/wp\/v2\/product"}],"about":[{"href":"https:\/\/herbaltattoo.eu\/pl\/wp-json\/wp\/v2\/types\/product"}],"wp:featuredmedia":[{"embeddable":true,"href":"https:\/\/herbaltattoo.eu\/pl\/wp-json\/wp\/v2\/media\/5628"}],"wp:attachment":[{"href":"https:\/\/herbaltattoo.eu\/pl\/wp-json\/wp\/v2\/media?parent=5627"}],"wp:term":[{"taxonomy":"product_brand","embeddable":true,"href":"https:\/\/herbaltattoo.eu\/pl\/wp-json\/wp\/v2\/product_brand?post=5627"},{"taxonomy":"product_cat","embeddable":true,"href":"https:\/\/herbaltattoo.eu\/pl\/wp-json\/wp\/v2\/product_cat?post=5627"},{"taxonomy":"product_tag","embeddable":true,"href":"https:\/\/herbaltattoo.eu\/pl\/wp-json\/wp\/v2\/product_tag?post=5627"}],"curies":[{"name":"wp","href":"https:\/\/api.w.org\/{rel}","templated":true}]}}