{"id":5607,"date":"2025-05-26T14:14:27","date_gmt":"2025-05-26T12:14:27","guid":{"rendered":"https:\/\/herbaltattoo.eu\/?post_type=product&#038;p=5607"},"modified":"2026-02-25T12:58:39","modified_gmt":"2026-02-25T11:58:39","slug":"klamka-zapadla","status":"publish","type":"product","link":"https:\/\/herbaltattoo.eu\/pl\/produkt\/klamka-zapadla\/","title":{"rendered":"Klamka zapad\u0142a"},"content":{"rendered":"<p>Tatua\u017c przedstawiaj\u0105cy modlitw\u0119 i pistolet (cz\u0119sto z\u0142o\u017cone d\u0142onie trzymaj\u0105ce bro\u0144) to mocny i kontrastowy symbol, kt\u00f3ry \u0142\u0105czy duchowo\u015b\u0107 z przemoc\u0105. Mo\u017ce oznacza\u0107 wewn\u0119trzn\u0105 walk\u0119 mi\u0119dzy dobrem a z\u0142em lub pr\u00f3b\u0119 zachowania wiary w brutalnym \u015bwiecie. Cz\u0119sto symbolizuje te\u017c ochron\u0119, przetrwanie i przekonanie, \u017ce nawet w przemocy mo\u017cna odnale\u017a\u0107 cel lub sens. Dla niekt\u00f3rych to wyraz konflikt\u00f3w moralnych, dla innych \u2013 znak lojalno\u015bci, determinacji albo \u017cycia \u201ena kraw\u0119dzi\u201d. To tatua\u017c pe\u0142en napi\u0119cia, balansuj\u0105cy mi\u0119dzy nadziej\u0105 a ciemno\u015bci\u0105.<\/p>\n","protected":false},"excerpt":{"rendered":"<p>Tatua\u017c przedstawiaj\u0105cy modlitw\u0119 i pistolet (cz\u0119sto z\u0142o\u017cone d\u0142onie trzymaj\u0105ce bro\u0144) to mocny i kontrastowy symbol, kt\u00f3ry \u0142\u0105czy duchowo\u015b\u0107 z przemoc\u0105. Mo\u017ce oznacza\u0107 wewn\u0119trzn\u0105 walk\u0119 mi\u0119dzy dobrem a z\u0142em lub pr\u00f3b\u0119 zachowania wiary w brutalnym \u015bwiecie. Cz\u0119sto symbolizuje te\u017c ochron\u0119, przetrwanie i przekonanie, \u017ce nawet w przemocy mo\u017cna odnale\u017a\u0107 cel lub sens. Dla niekt\u00f3rych to wyraz&#8230;<\/p>\n","protected":false},"featured_media":5608,"template":"","meta":{"_monsterinsights_skip_tracking":false,"_monsterinsights_sitenote_active":false,"_monsterinsights_sitenote_note":"","_monsterinsights_sitenote_category":0,"_kadence_starter_templates_imported_post":false,"_kad_post_transparent":"default","_kad_post_title":"","_kad_post_layout":"default","_kad_post_sidebar_id":"","_kad_post_content_style":"default","_kad_post_vertical_padding":"default","_kad_post_feature":"","_kad_post_feature_position":"","_kad_post_header":false,"_kad_post_footer":false,"_kad_post_classname":""},"product_brand":[],"product_cat":[49,16],"product_tag":[],"class_list":{"0":"post-5607","1":"product","2":"type-product","3":"status-publish","4":"has-post-thumbnail","6":"product_cat-pelne","7":"product_cat-wszystko","9":"first","10":"instock","11":"taxable","12":"shipping-taxable","13":"purchasable","14":"product-type-simple","15":"entry","16":"content-bg","17":"loop-entry"},"jetpack_sharing_enabled":true,"_links":{"self":[{"href":"https:\/\/herbaltattoo.eu\/pl\/wp-json\/wp\/v2\/product\/5607","targetHints":{"allow":["GET"]}}],"collection":[{"href":"https:\/\/herbaltattoo.eu\/pl\/wp-json\/wp\/v2\/product"}],"about":[{"href":"https:\/\/herbaltattoo.eu\/pl\/wp-json\/wp\/v2\/types\/product"}],"wp:featuredmedia":[{"embeddable":true,"href":"https:\/\/herbaltattoo.eu\/pl\/wp-json\/wp\/v2\/media\/5608"}],"wp:attachment":[{"href":"https:\/\/herbaltattoo.eu\/pl\/wp-json\/wp\/v2\/media?parent=5607"}],"wp:term":[{"taxonomy":"product_brand","embeddable":true,"href":"https:\/\/herbaltattoo.eu\/pl\/wp-json\/wp\/v2\/product_brand?post=5607"},{"taxonomy":"product_cat","embeddable":true,"href":"https:\/\/herbaltattoo.eu\/pl\/wp-json\/wp\/v2\/product_cat?post=5607"},{"taxonomy":"product_tag","embeddable":true,"href":"https:\/\/herbaltattoo.eu\/pl\/wp-json\/wp\/v2\/product_tag?post=5607"}],"curies":[{"name":"wp","href":"https:\/\/api.w.org\/{rel}","templated":true}]}}