{"id":5603,"date":"2025-05-26T14:11:24","date_gmt":"2025-05-26T12:11:24","guid":{"rendered":"https:\/\/herbaltattoo.eu\/?post_type=product&#038;p=5603"},"modified":"2026-02-25T13:00:32","modified_gmt":"2026-02-25T12:00:32","slug":"kwiaty","status":"publish","type":"product","link":"https:\/\/herbaltattoo.eu\/pl\/produkt\/kwiaty\/","title":{"rendered":"Kwiaty"},"content":{"rendered":"","protected":false},"excerpt":{"rendered":"<p>Tatua\u017c kwiat\u00f3w symbolizuje pi\u0119kno, natur\u0119 i delikatno\u015b\u0107, ale jego znaczenie zale\u017cy od konkretnego gatunku. R\u00f3\u017ca mo\u017ce oznacza\u0107 mi\u0142o\u015b\u0107 i nami\u0119tno\u015b\u0107, lotos duchowo\u015b\u0107 i odrodzenie, a mak \u2013 pami\u0119\u0107 lub spok\u00f3j. Kwiaty cz\u0119sto \u0142\u0105czone s\u0105 z kobieco\u015bci\u0105, \u017cyciem i przemijaniem. Mog\u0105 te\u017c wyra\u017ca\u0107 osobiste wspomnienia lub emocje. To uniwersalny motyw, kt\u00f3ry \u0142\u0105czy estetyk\u0119 z g\u0142\u0119bszym przes\u0142aniem.<\/p>\n","protected":false},"featured_media":5604,"template":"","meta":{"_monsterinsights_skip_tracking":false,"_monsterinsights_sitenote_active":false,"_monsterinsights_sitenote_note":"","_monsterinsights_sitenote_category":0,"_kadence_starter_templates_imported_post":false,"_kad_post_transparent":"default","_kad_post_title":"","_kad_post_layout":"default","_kad_post_sidebar_id":"","_kad_post_content_style":"default","_kad_post_vertical_padding":"default","_kad_post_feature":"","_kad_post_feature_position":"","_kad_post_header":false,"_kad_post_footer":false,"_kad_post_classname":""},"product_brand":[],"product_cat":[50,16],"product_tag":[],"class_list":{"0":"post-5603","1":"product","2":"type-product","3":"status-publish","4":"has-post-thumbnail","6":"product_cat-tatuaze-do-wycinania","7":"product_cat-wszystko","9":"first","10":"instock","11":"taxable","12":"shipping-taxable","13":"purchasable","14":"product-type-simple","15":"entry","16":"content-bg","17":"loop-entry"},"jetpack_sharing_enabled":true,"_links":{"self":[{"href":"https:\/\/herbaltattoo.eu\/pl\/wp-json\/wp\/v2\/product\/5603","targetHints":{"allow":["GET"]}}],"collection":[{"href":"https:\/\/herbaltattoo.eu\/pl\/wp-json\/wp\/v2\/product"}],"about":[{"href":"https:\/\/herbaltattoo.eu\/pl\/wp-json\/wp\/v2\/types\/product"}],"wp:featuredmedia":[{"embeddable":true,"href":"https:\/\/herbaltattoo.eu\/pl\/wp-json\/wp\/v2\/media\/5604"}],"wp:attachment":[{"href":"https:\/\/herbaltattoo.eu\/pl\/wp-json\/wp\/v2\/media?parent=5603"}],"wp:term":[{"taxonomy":"product_brand","embeddable":true,"href":"https:\/\/herbaltattoo.eu\/pl\/wp-json\/wp\/v2\/product_brand?post=5603"},{"taxonomy":"product_cat","embeddable":true,"href":"https:\/\/herbaltattoo.eu\/pl\/wp-json\/wp\/v2\/product_cat?post=5603"},{"taxonomy":"product_tag","embeddable":true,"href":"https:\/\/herbaltattoo.eu\/pl\/wp-json\/wp\/v2\/product_tag?post=5603"}],"curies":[{"name":"wp","href":"https:\/\/api.w.org\/{rel}","templated":true}]}}