{"id":5601,"date":"2025-05-26T14:08:37","date_gmt":"2025-05-26T12:08:37","guid":{"rendered":"https:\/\/herbaltattoo.eu\/?post_type=product&#038;p=5601"},"modified":"2026-02-25T12:59:08","modified_gmt":"2026-02-25T11:59:08","slug":"ksiezyc-3","status":"publish","type":"product","link":"https:\/\/herbaltattoo.eu\/pl\/produkt\/ksiezyc-3\/","title":{"rendered":"Ksi\u0119\u017cyc"},"content":{"rendered":"","protected":false},"excerpt":{"rendered":"<p>Tatua\u017c ksi\u0119\u017cyca symbolizuje cykliczno\u015b\u0107 \u017cycia, zmiany i kobiec\u0105 energi\u0119. Kojarzony jest z intuicj\u0105, emocjami i pod\u015bwiadomo\u015bci\u0105. W zale\u017cno\u015bci od fazy, mo\u017ce oznacza\u0107 nowe pocz\u0105tki (n\u00f3w) lub pe\u0142ni\u0119 mo\u017cliwo\u015bci (pe\u0142nia). Cz\u0119sto wybierany jest przez osoby, kt\u00f3re ceni\u0105 duchowy rozw\u00f3j i kontakt z natur\u0105. To subtelny znak wewn\u0119trznej si\u0142y i przemiany.<\/p>\n","protected":false},"featured_media":5602,"template":"","meta":{"_monsterinsights_skip_tracking":false,"_monsterinsights_sitenote_active":false,"_monsterinsights_sitenote_note":"","_monsterinsights_sitenote_category":0,"_kadence_starter_templates_imported_post":false,"_kad_post_transparent":"default","_kad_post_title":"","_kad_post_layout":"default","_kad_post_sidebar_id":"","_kad_post_content_style":"default","_kad_post_vertical_padding":"default","_kad_post_feature":"","_kad_post_feature_position":"","_kad_post_header":false,"_kad_post_footer":false,"_kad_post_classname":""},"product_brand":[],"product_cat":[49,16],"product_tag":[],"class_list":{"0":"post-5601","1":"product","2":"type-product","3":"status-publish","4":"has-post-thumbnail","6":"product_cat-pelne","7":"product_cat-wszystko","9":"first","10":"instock","11":"taxable","12":"shipping-taxable","13":"purchasable","14":"product-type-simple","15":"entry","16":"content-bg","17":"loop-entry"},"jetpack_sharing_enabled":true,"_links":{"self":[{"href":"https:\/\/herbaltattoo.eu\/pl\/wp-json\/wp\/v2\/product\/5601","targetHints":{"allow":["GET"]}}],"collection":[{"href":"https:\/\/herbaltattoo.eu\/pl\/wp-json\/wp\/v2\/product"}],"about":[{"href":"https:\/\/herbaltattoo.eu\/pl\/wp-json\/wp\/v2\/types\/product"}],"wp:featuredmedia":[{"embeddable":true,"href":"https:\/\/herbaltattoo.eu\/pl\/wp-json\/wp\/v2\/media\/5602"}],"wp:attachment":[{"href":"https:\/\/herbaltattoo.eu\/pl\/wp-json\/wp\/v2\/media?parent=5601"}],"wp:term":[{"taxonomy":"product_brand","embeddable":true,"href":"https:\/\/herbaltattoo.eu\/pl\/wp-json\/wp\/v2\/product_brand?post=5601"},{"taxonomy":"product_cat","embeddable":true,"href":"https:\/\/herbaltattoo.eu\/pl\/wp-json\/wp\/v2\/product_cat?post=5601"},{"taxonomy":"product_tag","embeddable":true,"href":"https:\/\/herbaltattoo.eu\/pl\/wp-json\/wp\/v2\/product_tag?post=5601"}],"curies":[{"name":"wp","href":"https:\/\/api.w.org\/{rel}","templated":true}]}}