{"id":5599,"date":"2025-05-26T14:07:09","date_gmt":"2025-05-26T12:07:09","guid":{"rendered":"https:\/\/herbaltattoo.eu\/?post_type=product&#038;p=5599"},"modified":"2026-02-25T12:59:08","modified_gmt":"2026-02-25T11:59:08","slug":"kot-egipski","status":"publish","type":"product","link":"https:\/\/herbaltattoo.eu\/pl\/produkt\/kot-egipski\/","title":{"rendered":"Kot Egipski"},"content":{"rendered":"","protected":false},"excerpt":{"rendered":"<p>Tatua\u017c kota egipskiego nawi\u0105zuje do staro\u017cytnego Egiptu, gdzie koty by\u0142y czczone jako \u015bwi\u0119te zwierz\u0119ta. Symbolizuj\u0105 tajemniczo\u015b\u0107, intuicj\u0119, niezale\u017cno\u015b\u0107 i ochron\u0119 przed z\u0142ymi duchami. Cz\u0119sto \u0142\u0105czony jest z bogini\u0105 Bastet \u2013 opiekunk\u0105 domu, kobiet i p\u0142odno\u015bci. Taki tatua\u017c mo\u017ce te\u017c oznacza\u0107 si\u0142\u0119 wewn\u0119trzn\u0105 i zmys\u0142owo\u015b\u0107. To elegancki motyw dla os\u00f3b ceni\u0105cych duchowo\u015b\u0107, histori\u0119 i wolno\u015b\u0107.<\/p>\n","protected":false},"featured_media":5600,"template":"","meta":{"_monsterinsights_skip_tracking":false,"_monsterinsights_sitenote_active":false,"_monsterinsights_sitenote_note":"","_monsterinsights_sitenote_category":0,"_kadence_starter_templates_imported_post":false,"_kad_post_transparent":"default","_kad_post_title":"","_kad_post_layout":"default","_kad_post_sidebar_id":"","_kad_post_content_style":"default","_kad_post_vertical_padding":"default","_kad_post_feature":"","_kad_post_feature_position":"","_kad_post_header":false,"_kad_post_footer":false,"_kad_post_classname":""},"product_brand":[],"product_cat":[49,16],"product_tag":[],"class_list":{"0":"post-5599","1":"product","2":"type-product","3":"status-publish","4":"has-post-thumbnail","6":"product_cat-pelne","7":"product_cat-wszystko","9":"first","10":"instock","11":"taxable","12":"shipping-taxable","13":"purchasable","14":"product-type-simple","15":"entry","16":"content-bg","17":"loop-entry"},"jetpack_sharing_enabled":true,"_links":{"self":[{"href":"https:\/\/herbaltattoo.eu\/pl\/wp-json\/wp\/v2\/product\/5599","targetHints":{"allow":["GET"]}}],"collection":[{"href":"https:\/\/herbaltattoo.eu\/pl\/wp-json\/wp\/v2\/product"}],"about":[{"href":"https:\/\/herbaltattoo.eu\/pl\/wp-json\/wp\/v2\/types\/product"}],"wp:featuredmedia":[{"embeddable":true,"href":"https:\/\/herbaltattoo.eu\/pl\/wp-json\/wp\/v2\/media\/5600"}],"wp:attachment":[{"href":"https:\/\/herbaltattoo.eu\/pl\/wp-json\/wp\/v2\/media?parent=5599"}],"wp:term":[{"taxonomy":"product_brand","embeddable":true,"href":"https:\/\/herbaltattoo.eu\/pl\/wp-json\/wp\/v2\/product_brand?post=5599"},{"taxonomy":"product_cat","embeddable":true,"href":"https:\/\/herbaltattoo.eu\/pl\/wp-json\/wp\/v2\/product_cat?post=5599"},{"taxonomy":"product_tag","embeddable":true,"href":"https:\/\/herbaltattoo.eu\/pl\/wp-json\/wp\/v2\/product_tag?post=5599"}],"curies":[{"name":"wp","href":"https:\/\/api.w.org\/{rel}","templated":true}]}}