{"id":5595,"date":"2025-05-26T14:04:39","date_gmt":"2025-05-26T12:04:39","guid":{"rendered":"https:\/\/herbaltattoo.eu\/?post_type=product&#038;p=5595"},"modified":"2026-02-25T12:59:09","modified_gmt":"2026-02-25T11:59:09","slug":"dmuchawiec","status":"publish","type":"product","link":"https:\/\/herbaltattoo.eu\/pl\/produkt\/dmuchawiec\/","title":{"rendered":"Dmuchawiec"},"content":{"rendered":"","protected":false},"excerpt":{"rendered":"<p>Tatua\u017c dmuchawca ma delikatne, ale g\u0142\u0119bokie znaczenie symboliczne. Najcz\u0119\u015bciej kojarzy si\u0119 z wolno\u015bci\u0105, ulotno\u015bci\u0105 \u017cycia i marzeniami unoszonymi na wietrze. Rozsypuj\u0105ce si\u0119 nasiona symbolizuj\u0105 przemijanie, ale te\u017c nowy pocz\u0105tek \u2013 co\u015b si\u0119 ko\u0144czy, by co\u015b nowego mog\u0142o si\u0119 zacz\u0105\u0107. Cz\u0119sto wybierany jest przez osoby, kt\u00f3re przesz\u0142y wa\u017cne \u017cyciowe zmiany lub chc\u0105 uczci\u0107 blisk\u0105 osob\u0119. To subtelny i poetycki motyw, kt\u00f3ry \u0142\u0105czy krucho\u015b\u0107 z nadziej\u0105.<\/p>\n","protected":false},"featured_media":5596,"template":"","meta":{"_monsterinsights_skip_tracking":false,"_monsterinsights_sitenote_active":false,"_monsterinsights_sitenote_note":"","_monsterinsights_sitenote_category":0,"_kadence_starter_templates_imported_post":false,"_kad_post_transparent":"default","_kad_post_title":"","_kad_post_layout":"default","_kad_post_sidebar_id":"","_kad_post_content_style":"default","_kad_post_vertical_padding":"default","_kad_post_feature":"","_kad_post_feature_position":"","_kad_post_header":false,"_kad_post_footer":false,"_kad_post_classname":""},"product_brand":[],"product_cat":[49,16],"product_tag":[],"class_list":{"0":"post-5595","1":"product","2":"type-product","3":"status-publish","4":"has-post-thumbnail","6":"product_cat-pelne","7":"product_cat-wszystko","9":"first","10":"instock","11":"taxable","12":"shipping-taxable","13":"purchasable","14":"product-type-simple","15":"entry","16":"content-bg","17":"loop-entry"},"jetpack_sharing_enabled":true,"_links":{"self":[{"href":"https:\/\/herbaltattoo.eu\/pl\/wp-json\/wp\/v2\/product\/5595","targetHints":{"allow":["GET"]}}],"collection":[{"href":"https:\/\/herbaltattoo.eu\/pl\/wp-json\/wp\/v2\/product"}],"about":[{"href":"https:\/\/herbaltattoo.eu\/pl\/wp-json\/wp\/v2\/types\/product"}],"wp:featuredmedia":[{"embeddable":true,"href":"https:\/\/herbaltattoo.eu\/pl\/wp-json\/wp\/v2\/media\/5596"}],"wp:attachment":[{"href":"https:\/\/herbaltattoo.eu\/pl\/wp-json\/wp\/v2\/media?parent=5595"}],"wp:term":[{"taxonomy":"product_brand","embeddable":true,"href":"https:\/\/herbaltattoo.eu\/pl\/wp-json\/wp\/v2\/product_brand?post=5595"},{"taxonomy":"product_cat","embeddable":true,"href":"https:\/\/herbaltattoo.eu\/pl\/wp-json\/wp\/v2\/product_cat?post=5595"},{"taxonomy":"product_tag","embeddable":true,"href":"https:\/\/herbaltattoo.eu\/pl\/wp-json\/wp\/v2\/product_tag?post=5595"}],"curies":[{"name":"wp","href":"https:\/\/api.w.org\/{rel}","templated":true}]}}