{"id":4342,"date":"2025-04-20T14:23:06","date_gmt":"2025-04-20T12:23:06","guid":{"rendered":"https:\/?post_type=product&#038;p=4342"},"modified":"2026-02-25T13:01:53","modified_gmt":"2026-02-25T12:01:53","slug":"jezus","status":"publish","type":"product","link":"https:\/\/herbaltattoo.eu\/pl\/produkt\/jezus\/","title":{"rendered":"Jezus R\u0118KAW"},"content":{"rendered":"<p>Tatua\u017c z Jezusem na r\u0119kawie to symbol wiary, po\u015bwi\u0119cenia i duchowej mocy. Mo\u017ce przedstawia\u0107 Jezusa na krzy\u017cu, z sercem przebitym w\u0142\u00f3czni\u0105 lub spokojn\u0105 twarz pe\u0142n\u0105 mi\u0142o\u015bci. Motywy takie jak krzy\u017c, go\u0142\u0119bie czy wieniec cierniowy uzupe\u0142niaj\u0105 przekaz. Taki tatua\u017c symbolizuje ofiar\u0119 Jezusa, Jego mi\u0142o\u015b\u0107 oraz ochron\u0119 i nadziej\u0119 na zbawienie.<\/p>\n","protected":false},"excerpt":{"rendered":"<p>Tatua\u017c z Jezusem na r\u0119kawie to symbol wiary, po\u015bwi\u0119cenia i duchowej mocy. Mo\u017ce przedstawia\u0107 Jezusa na krzy\u017cu, z sercem przebitym w\u0142\u00f3czni\u0105 lub spokojn\u0105 twarz pe\u0142n\u0105 mi\u0142o\u015bci. Motywy takie jak krzy\u017c, go\u0142\u0119bie czy wieniec cierniowy uzupe\u0142niaj\u0105 przekaz. Taki tatua\u017c symbolizuje ofiar\u0119 Jezusa, Jego mi\u0142o\u015b\u0107 oraz ochron\u0119 i nadziej\u0119 na zbawienie.<\/p>\n","protected":false},"featured_media":4344,"template":"","meta":{"_monsterinsights_skip_tracking":false,"_monsterinsights_sitenote_active":false,"_monsterinsights_sitenote_note":"","_monsterinsights_sitenote_category":0,"_kadence_starter_templates_imported_post":false,"_kad_post_transparent":"default","_kad_post_title":"","_kad_post_layout":"default","_kad_post_sidebar_id":"","_kad_post_content_style":"default","_kad_post_vertical_padding":"default","_kad_post_feature":"","_kad_post_feature_position":"","_kad_post_header":false,"_kad_post_footer":false,"_kad_post_classname":""},"product_brand":[],"product_cat":[56,16],"product_tag":[],"class_list":{"0":"post-4342","1":"product","2":"type-product","3":"status-publish","4":"has-post-thumbnail","6":"product_cat-rekawy","7":"product_cat-wszystko","9":"first","10":"instock","11":"taxable","12":"shipping-taxable","13":"purchasable","14":"product-type-simple","15":"entry","16":"content-bg","17":"loop-entry"},"jetpack_sharing_enabled":true,"_links":{"self":[{"href":"https:\/\/herbaltattoo.eu\/pl\/wp-json\/wp\/v2\/product\/4342","targetHints":{"allow":["GET"]}}],"collection":[{"href":"https:\/\/herbaltattoo.eu\/pl\/wp-json\/wp\/v2\/product"}],"about":[{"href":"https:\/\/herbaltattoo.eu\/pl\/wp-json\/wp\/v2\/types\/product"}],"wp:featuredmedia":[{"embeddable":true,"href":"https:\/\/herbaltattoo.eu\/pl\/wp-json\/wp\/v2\/media\/4344"}],"wp:attachment":[{"href":"https:\/\/herbaltattoo.eu\/pl\/wp-json\/wp\/v2\/media?parent=4342"}],"wp:term":[{"taxonomy":"product_brand","embeddable":true,"href":"https:\/\/herbaltattoo.eu\/pl\/wp-json\/wp\/v2\/product_brand?post=4342"},{"taxonomy":"product_cat","embeddable":true,"href":"https:\/\/herbaltattoo.eu\/pl\/wp-json\/wp\/v2\/product_cat?post=4342"},{"taxonomy":"product_tag","embeddable":true,"href":"https:\/\/herbaltattoo.eu\/pl\/wp-json\/wp\/v2\/product_tag?post=4342"}],"curies":[{"name":"wp","href":"https:\/\/api.w.org\/{rel}","templated":true}]}}