{"id":4338,"date":"2025-04-20T14:10:50","date_gmt":"2025-04-20T12:10:50","guid":{"rendered":"https:\/?post_type=product&#038;p=4338"},"modified":"2026-02-25T13:01:53","modified_gmt":"2026-02-25T12:01:53","slug":"boski-rekaw","status":"publish","type":"product","link":"https:\/\/herbaltattoo.eu\/pl\/produkt\/boski-rekaw\/","title":{"rendered":"Boski R\u0118KAW"},"content":{"rendered":"<p>Tatua\u017c \u201eboski r\u0119kaw\u201d \u0142\u0105czy w sobie motywy zwi\u0105zane z bosk\u0105 opiek\u0105, moc\u0105 wy\u017cszych si\u0142 i duchowym przebudzeniem. Cz\u0119sto mo\u017cna w nim zobaczy\u0107 Oko Opatrzno\u015bci, anio\u0142y, r\u0119ce modl\u0105ce si\u0119, \u015bwi\u0119te symbole lub mitologiczne postacie. Boskie motywy w r\u0119kawie mog\u0105 symbolizowa\u0107 ochron\u0119, o\u015bwiecenie i zrozumienie wy\u017cszych prawd, jak r\u00f3wnie\u017c poszukiwanie sensu \u017cycia. Promienie \u015bwiat\u0142a przebijaj\u0105ce przez chmury lub postacie religijne (np. Jezus, Budda) mog\u0105 podkre\u015bla\u0107 blisko\u015b\u0107 boskiej obecno\u015bci. Ca\u0142o\u015b\u0107 opowiada o duchowej sile, nadziei i po\u0142\u0105czeniu z wszech\u015bwiatem.<\/p>\n","protected":false},"excerpt":{"rendered":"<p>Tatua\u017c \u201eboski r\u0119kaw\u201d \u0142\u0105czy w sobie motywy zwi\u0105zane z bosk\u0105 opiek\u0105, moc\u0105 wy\u017cszych si\u0142 i duchowym przebudzeniem. Cz\u0119sto mo\u017cna w nim zobaczy\u0107 Oko Opatrzno\u015bci, anio\u0142y, r\u0119ce modl\u0105ce si\u0119, \u015bwi\u0119te symbole lub mitologiczne postacie. Boskie motywy w r\u0119kawie mog\u0105 symbolizowa\u0107 ochron\u0119, o\u015bwiecenie i zrozumienie wy\u017cszych prawd, jak r\u00f3wnie\u017c poszukiwanie sensu \u017cycia. Promienie \u015bwiat\u0142a przebijaj\u0105ce przez chmury&#8230;<\/p>\n","protected":false},"featured_media":4339,"template":"","meta":{"_monsterinsights_skip_tracking":false,"_monsterinsights_sitenote_active":false,"_monsterinsights_sitenote_note":"","_monsterinsights_sitenote_category":0,"_kadence_starter_templates_imported_post":false,"_kad_post_transparent":"default","_kad_post_title":"","_kad_post_layout":"default","_kad_post_sidebar_id":"","_kad_post_content_style":"default","_kad_post_vertical_padding":"default","_kad_post_feature":"","_kad_post_feature_position":"","_kad_post_header":false,"_kad_post_footer":false,"_kad_post_classname":""},"product_brand":[],"product_cat":[56,16],"product_tag":[],"class_list":{"0":"post-4338","1":"product","2":"type-product","3":"status-publish","4":"has-post-thumbnail","6":"product_cat-rekawy","7":"product_cat-wszystko","9":"first","10":"instock","11":"taxable","12":"shipping-taxable","13":"purchasable","14":"product-type-simple","15":"entry","16":"content-bg","17":"loop-entry"},"jetpack_sharing_enabled":true,"_links":{"self":[{"href":"https:\/\/herbaltattoo.eu\/pl\/wp-json\/wp\/v2\/product\/4338","targetHints":{"allow":["GET"]}}],"collection":[{"href":"https:\/\/herbaltattoo.eu\/pl\/wp-json\/wp\/v2\/product"}],"about":[{"href":"https:\/\/herbaltattoo.eu\/pl\/wp-json\/wp\/v2\/types\/product"}],"wp:featuredmedia":[{"embeddable":true,"href":"https:\/\/herbaltattoo.eu\/pl\/wp-json\/wp\/v2\/media\/4339"}],"wp:attachment":[{"href":"https:\/\/herbaltattoo.eu\/pl\/wp-json\/wp\/v2\/media?parent=4338"}],"wp:term":[{"taxonomy":"product_brand","embeddable":true,"href":"https:\/\/herbaltattoo.eu\/pl\/wp-json\/wp\/v2\/product_brand?post=4338"},{"taxonomy":"product_cat","embeddable":true,"href":"https:\/\/herbaltattoo.eu\/pl\/wp-json\/wp\/v2\/product_cat?post=4338"},{"taxonomy":"product_tag","embeddable":true,"href":"https:\/\/herbaltattoo.eu\/pl\/wp-json\/wp\/v2\/product_tag?post=4338"}],"curies":[{"name":"wp","href":"https:\/\/api.w.org\/{rel}","templated":true}]}}