{"id":4332,"date":"2025-04-20T13:51:56","date_gmt":"2025-04-20T11:51:56","guid":{"rendered":"https:\/?post_type=product&#038;p=4332"},"modified":"2026-02-25T13:02:24","modified_gmt":"2026-02-25T12:02:24","slug":"boskie-oko","status":"publish","type":"product","link":"https:\/\/herbaltattoo.eu\/pl\/produkt\/boskie-oko\/","title":{"rendered":"Boskie oko R\u0118KAW"},"content":{"rendered":"<p>Tatua\u017c z boskim okiem na r\u0119kawie symbolizuje duchow\u0105 czujno\u015b\u0107, ochron\u0119 oraz obecno\u015b\u0107 wy\u017cszej si\u0142y, kt\u00f3ra czuwa nad cz\u0142owiekiem. Oko osadzone w tr\u00f3jk\u0105cie, cz\u0119sto otoczone promieniami, nawi\u0105zuje do boskiej m\u0105dro\u015bci, intuicji i prawdy, kt\u00f3rej nie da si\u0119 ukry\u0107. W pe\u0142nym r\u0119kawie ten motyw cz\u0119sto \u0142\u0105czy si\u0119 z zegarami, czaszkami, motywami sakralnymi, geometri\u0105 lub wszech\u015bwiatem, tworz\u0105c kompozycj\u0119 o g\u0142\u0119boko filozoficznym przes\u0142aniu. To nie tylko znak opieki i \u015bwiadomo\u015bci, ale tak\u017ce symbol wewn\u0119trznego przebudzenia i poszukiwania sensu.<\/p>\n","protected":false},"excerpt":{"rendered":"<p>Tatua\u017c z boskim okiem na r\u0119kawie symbolizuje duchow\u0105 czujno\u015b\u0107, ochron\u0119 oraz obecno\u015b\u0107 wy\u017cszej si\u0142y, kt\u00f3ra czuwa nad cz\u0142owiekiem. Oko osadzone w tr\u00f3jk\u0105cie, cz\u0119sto otoczone promieniami, nawi\u0105zuje do boskiej m\u0105dro\u015bci, intuicji i prawdy, kt\u00f3rej nie da si\u0119 ukry\u0107. W pe\u0142nym r\u0119kawie ten motyw cz\u0119sto \u0142\u0105czy si\u0119 z zegarami, czaszkami, motywami sakralnymi, geometri\u0105 lub wszech\u015bwiatem, tworz\u0105c kompozycj\u0119&#8230;<\/p>\n","protected":false},"featured_media":4333,"template":"","meta":{"_monsterinsights_skip_tracking":false,"_monsterinsights_sitenote_active":false,"_monsterinsights_sitenote_note":"","_monsterinsights_sitenote_category":0,"_kadence_starter_templates_imported_post":false,"_kad_post_transparent":"default","_kad_post_title":"","_kad_post_layout":"default","_kad_post_sidebar_id":"","_kad_post_content_style":"default","_kad_post_vertical_padding":"default","_kad_post_feature":"","_kad_post_feature_position":"","_kad_post_header":false,"_kad_post_footer":false,"_kad_post_classname":""},"product_brand":[],"product_cat":[56,16],"product_tag":[],"class_list":{"0":"post-4332","1":"product","2":"type-product","3":"status-publish","4":"has-post-thumbnail","6":"product_cat-rekawy","7":"product_cat-wszystko","9":"first","10":"instock","11":"taxable","12":"shipping-taxable","13":"purchasable","14":"product-type-simple","15":"entry","16":"content-bg","17":"loop-entry"},"jetpack_sharing_enabled":true,"_links":{"self":[{"href":"https:\/\/herbaltattoo.eu\/pl\/wp-json\/wp\/v2\/product\/4332","targetHints":{"allow":["GET"]}}],"collection":[{"href":"https:\/\/herbaltattoo.eu\/pl\/wp-json\/wp\/v2\/product"}],"about":[{"href":"https:\/\/herbaltattoo.eu\/pl\/wp-json\/wp\/v2\/types\/product"}],"wp:featuredmedia":[{"embeddable":true,"href":"https:\/\/herbaltattoo.eu\/pl\/wp-json\/wp\/v2\/media\/4333"}],"wp:attachment":[{"href":"https:\/\/herbaltattoo.eu\/pl\/wp-json\/wp\/v2\/media?parent=4332"}],"wp:term":[{"taxonomy":"product_brand","embeddable":true,"href":"https:\/\/herbaltattoo.eu\/pl\/wp-json\/wp\/v2\/product_brand?post=4332"},{"taxonomy":"product_cat","embeddable":true,"href":"https:\/\/herbaltattoo.eu\/pl\/wp-json\/wp\/v2\/product_cat?post=4332"},{"taxonomy":"product_tag","embeddable":true,"href":"https:\/\/herbaltattoo.eu\/pl\/wp-json\/wp\/v2\/product_tag?post=4332"}],"curies":[{"name":"wp","href":"https:\/\/api.w.org\/{rel}","templated":true}]}}