{"id":4330,"date":"2025-04-20T13:38:42","date_gmt":"2025-04-20T11:38:42","guid":{"rendered":"https:\/?post_type=product&#038;p=4330"},"modified":"2026-02-25T13:02:25","modified_gmt":"2026-02-25T12:02:25","slug":"wilk","status":"publish","type":"product","link":"https:\/\/herbaltattoo.eu\/pl\/produkt\/wilk\/","title":{"rendered":"Wilk R\u0118KAW"},"content":{"rendered":"<p class=\"\" data-start=\"79\" data-end=\"547\">Tatua\u017c z wilkiem w formie r\u0119kawa symbolizuje niezale\u017cno\u015b\u0107, instynkt i si\u0142\u0119 przetrwania. Wilk jest zwierz\u0119ciem lojalnym wobec swojej watahy, dlatego cz\u0119sto kojarzy si\u0119 z rodzin\u0105, ochron\u0105 i oddaniem. Jednocze\u015bnie przedstawia te\u017c samotnika \u2013 kogo\u015b, kto idzie w\u0142asn\u0105 drog\u0105, kieruj\u0105c si\u0119 intuicj\u0105. W r\u0119kawie wilk bywa pokazany na tle lasu, ksi\u0119\u017cyca lub g\u00f3r, co podkre\u015bla jego dzik\u0105, woln\u0105 natur\u0119. Taki tatua\u017c to manifest osobistej mocy, odwagi i wierno\u015bci swoim warto\u015bciom.<\/p>\n","protected":false},"excerpt":{"rendered":"<p>Tatua\u017c z wilkiem w formie r\u0119kawa symbolizuje niezale\u017cno\u015b\u0107, instynkt i si\u0142\u0119 przetrwania. Wilk jest zwierz\u0119ciem lojalnym wobec swojej watahy, dlatego cz\u0119sto kojarzy si\u0119 z rodzin\u0105, ochron\u0105 i oddaniem. Jednocze\u015bnie przedstawia te\u017c samotnika \u2013 kogo\u015b, kto idzie w\u0142asn\u0105 drog\u0105, kieruj\u0105c si\u0119 intuicj\u0105. W r\u0119kawie wilk bywa pokazany na tle lasu, ksi\u0119\u017cyca lub g\u00f3r, co podkre\u015bla jego&#8230;<\/p>\n","protected":false},"featured_media":4331,"template":"","meta":{"_monsterinsights_skip_tracking":false,"_monsterinsights_sitenote_active":false,"_monsterinsights_sitenote_note":"","_monsterinsights_sitenote_category":0,"_kadence_starter_templates_imported_post":false,"_kad_post_transparent":"default","_kad_post_title":"","_kad_post_layout":"default","_kad_post_sidebar_id":"","_kad_post_content_style":"default","_kad_post_vertical_padding":"default","_kad_post_feature":"","_kad_post_feature_position":"","_kad_post_header":false,"_kad_post_footer":false,"_kad_post_classname":""},"product_brand":[],"product_cat":[56,16],"product_tag":[],"class_list":{"0":"post-4330","1":"product","2":"type-product","3":"status-publish","4":"has-post-thumbnail","6":"product_cat-rekawy","7":"product_cat-wszystko","9":"first","10":"outofstock","11":"taxable","12":"shipping-taxable","13":"purchasable","14":"product-type-simple","15":"entry","16":"content-bg","17":"loop-entry"},"jetpack_sharing_enabled":true,"_links":{"self":[{"href":"https:\/\/herbaltattoo.eu\/pl\/wp-json\/wp\/v2\/product\/4330","targetHints":{"allow":["GET"]}}],"collection":[{"href":"https:\/\/herbaltattoo.eu\/pl\/wp-json\/wp\/v2\/product"}],"about":[{"href":"https:\/\/herbaltattoo.eu\/pl\/wp-json\/wp\/v2\/types\/product"}],"wp:featuredmedia":[{"embeddable":true,"href":"https:\/\/herbaltattoo.eu\/pl\/wp-json\/wp\/v2\/media\/4331"}],"wp:attachment":[{"href":"https:\/\/herbaltattoo.eu\/pl\/wp-json\/wp\/v2\/media?parent=4330"}],"wp:term":[{"taxonomy":"product_brand","embeddable":true,"href":"https:\/\/herbaltattoo.eu\/pl\/wp-json\/wp\/v2\/product_brand?post=4330"},{"taxonomy":"product_cat","embeddable":true,"href":"https:\/\/herbaltattoo.eu\/pl\/wp-json\/wp\/v2\/product_cat?post=4330"},{"taxonomy":"product_tag","embeddable":true,"href":"https:\/\/herbaltattoo.eu\/pl\/wp-json\/wp\/v2\/product_tag?post=4330"}],"curies":[{"name":"wp","href":"https:\/\/api.w.org\/{rel}","templated":true}]}}