{"id":4327,"date":"2025-04-20T13:26:56","date_gmt":"2025-04-20T11:26:56","guid":{"rendered":"https:\/?post_type=product&#038;p=4327"},"modified":"2026-02-25T13:02:25","modified_gmt":"2026-02-25T12:02:25","slug":"lew","status":"publish","type":"product","link":"https:\/\/herbaltattoo.eu\/pl\/produkt\/lew\/","title":{"rendered":"Lew R\u0118KAW"},"content":{"rendered":"<p>Tatua\u017c przedstawiaj\u0105cy lwa na ca\u0142ym r\u0119kawie symbolizuje si\u0142\u0119, odwag\u0119 i niez\u0142omno\u015b\u0107 ducha. Lew, jako kr\u00f3l zwierz\u0105t, uosabia przyw\u00f3dztwo, pewno\u015b\u0107 siebie i naturalny autorytet. Cz\u0119sto towarzyszy mu korona, kt\u00f3ra podkre\u015bla dum\u0119, w\u0142adz\u0119 i poczucie w\u0142asnej warto\u015bci. Taki wz\u00f3r mo\u017ce tak\u017ce oznacza\u0107 lojalno\u015b\u0107 wobec bliskich oraz gotowo\u015b\u0107 do ich ochrony. Ca\u0142o\u015b\u0107 stanowi wizualn\u0105 opowie\u015b\u0107 o mocy, honorze i osobistej drodze wojownika.<\/p>\n","protected":false},"excerpt":{"rendered":"<p>Tatua\u017c przedstawiaj\u0105cy lwa na ca\u0142ym r\u0119kawie symbolizuje si\u0142\u0119, odwag\u0119 i niez\u0142omno\u015b\u0107 ducha. Lew, jako kr\u00f3l zwierz\u0105t, uosabia przyw\u00f3dztwo, pewno\u015b\u0107 siebie i naturalny autorytet. Cz\u0119sto towarzyszy mu korona, kt\u00f3ra podkre\u015bla dum\u0119, w\u0142adz\u0119 i poczucie w\u0142asnej warto\u015bci. Taki wz\u00f3r mo\u017ce tak\u017ce oznacza\u0107 lojalno\u015b\u0107 wobec bliskich oraz gotowo\u015b\u0107 do ich ochrony. Ca\u0142o\u015b\u0107 stanowi wizualn\u0105 opowie\u015b\u0107 o mocy, honorze&#8230;<\/p>\n","protected":false},"featured_media":4328,"template":"","meta":{"_monsterinsights_skip_tracking":false,"_monsterinsights_sitenote_active":false,"_monsterinsights_sitenote_note":"","_monsterinsights_sitenote_category":0,"_kadence_starter_templates_imported_post":false,"_kad_post_transparent":"default","_kad_post_title":"","_kad_post_layout":"default","_kad_post_sidebar_id":"","_kad_post_content_style":"default","_kad_post_vertical_padding":"default","_kad_post_feature":"","_kad_post_feature_position":"","_kad_post_header":false,"_kad_post_footer":false,"_kad_post_classname":""},"product_brand":[],"product_cat":[56,16],"product_tag":[],"class_list":{"0":"post-4327","1":"product","2":"type-product","3":"status-publish","4":"has-post-thumbnail","6":"product_cat-rekawy","7":"product_cat-wszystko","9":"first","10":"instock","11":"taxable","12":"shipping-taxable","13":"purchasable","14":"product-type-simple","15":"entry","16":"content-bg","17":"loop-entry"},"jetpack_sharing_enabled":true,"_links":{"self":[{"href":"https:\/\/herbaltattoo.eu\/pl\/wp-json\/wp\/v2\/product\/4327","targetHints":{"allow":["GET"]}}],"collection":[{"href":"https:\/\/herbaltattoo.eu\/pl\/wp-json\/wp\/v2\/product"}],"about":[{"href":"https:\/\/herbaltattoo.eu\/pl\/wp-json\/wp\/v2\/types\/product"}],"wp:featuredmedia":[{"embeddable":true,"href":"https:\/\/herbaltattoo.eu\/pl\/wp-json\/wp\/v2\/media\/4328"}],"wp:attachment":[{"href":"https:\/\/herbaltattoo.eu\/pl\/wp-json\/wp\/v2\/media?parent=4327"}],"wp:term":[{"taxonomy":"product_brand","embeddable":true,"href":"https:\/\/herbaltattoo.eu\/pl\/wp-json\/wp\/v2\/product_brand?post=4327"},{"taxonomy":"product_cat","embeddable":true,"href":"https:\/\/herbaltattoo.eu\/pl\/wp-json\/wp\/v2\/product_cat?post=4327"},{"taxonomy":"product_tag","embeddable":true,"href":"https:\/\/herbaltattoo.eu\/pl\/wp-json\/wp\/v2\/product_tag?post=4327"}],"curies":[{"name":"wp","href":"https:\/\/api.w.org\/{rel}","templated":true}]}}