{"id":4323,"date":"2025-04-20T12:28:29","date_gmt":"2025-04-20T10:28:29","guid":{"rendered":"https:\/?post_type=product&#038;p=4323"},"modified":"2026-02-25T12:52:29","modified_gmt":"2026-02-25T11:52:29","slug":"usmiech","status":"publish","type":"product","link":"https:\/\/herbaltattoo.eu\/pl\/produkt\/usmiech\/","title":{"rendered":"U\u015bmiech"},"content":{"rendered":"<p>Tatua\u017c u\u015bmiechu symbolizuje rado\u015b\u0107, pozytywne podej\u015bcie do \u017cycia oraz wewn\u0119trzn\u0105 si\u0142\u0119 do pokonywania trudno\u015bci z u\u015bmiechem na twarzy. Mo\u017ce by\u0107 tak\u017ce wyrazem optymizmu, zaufania do siebie oraz przekonania, \u017ce nawet w najtrudniejszych chwilach warto znale\u017a\u0107 co\u015b, co sprawia, \u017ce mo\u017cemy si\u0119 u\u015bmiechn\u0105\u0107. Dla niekt\u00f3rych to r\u00f3wnie\u017c przypomnienie o sile prostych, ale wa\u017cnych moment\u00f3w szcz\u0119\u015bcia i o tym, \u017ce u\u015bmiech ma moc zmieniania \u015bwiata wok\u00f3\u0142 nas.<\/p>\n","protected":false},"excerpt":{"rendered":"<p>Tatua\u017c u\u015bmiechu symbolizuje rado\u015b\u0107, pozytywne podej\u015bcie do \u017cycia oraz wewn\u0119trzn\u0105 si\u0142\u0119 do pokonywania trudno\u015bci z u\u015bmiechem na twarzy. Mo\u017ce by\u0107 tak\u017ce wyrazem optymizmu, zaufania do siebie oraz przekonania, \u017ce nawet w najtrudniejszych chwilach warto znale\u017a\u0107 co\u015b, co sprawia, \u017ce mo\u017cemy si\u0119 u\u015bmiechn\u0105\u0107. Dla niekt\u00f3rych to r\u00f3wnie\u017c przypomnienie o sile prostych, ale wa\u017cnych moment\u00f3w szcz\u0119\u015bcia i&#8230;<\/p>\n","protected":false},"featured_media":4324,"template":"","meta":{"_monsterinsights_skip_tracking":false,"_monsterinsights_sitenote_active":false,"_monsterinsights_sitenote_note":"","_monsterinsights_sitenote_category":0,"_kadence_starter_templates_imported_post":false,"_kad_post_transparent":"default","_kad_post_title":"","_kad_post_layout":"default","_kad_post_sidebar_id":"","_kad_post_content_style":"default","_kad_post_vertical_padding":"default","_kad_post_feature":"","_kad_post_feature_position":"","_kad_post_header":false,"_kad_post_footer":false,"_kad_post_classname":""},"product_brand":[],"product_cat":[51,16],"product_tag":[],"class_list":{"0":"post-4323","1":"product","2":"type-product","3":"status-publish","4":"has-post-thumbnail","6":"product_cat-male","7":"product_cat-wszystko","9":"first","10":"instock","11":"taxable","12":"shipping-taxable","13":"purchasable","14":"product-type-simple","15":"entry","16":"content-bg","17":"loop-entry"},"jetpack_sharing_enabled":true,"_links":{"self":[{"href":"https:\/\/herbaltattoo.eu\/pl\/wp-json\/wp\/v2\/product\/4323","targetHints":{"allow":["GET"]}}],"collection":[{"href":"https:\/\/herbaltattoo.eu\/pl\/wp-json\/wp\/v2\/product"}],"about":[{"href":"https:\/\/herbaltattoo.eu\/pl\/wp-json\/wp\/v2\/types\/product"}],"wp:featuredmedia":[{"embeddable":true,"href":"https:\/\/herbaltattoo.eu\/pl\/wp-json\/wp\/v2\/media\/4324"}],"wp:attachment":[{"href":"https:\/\/herbaltattoo.eu\/pl\/wp-json\/wp\/v2\/media?parent=4323"}],"wp:term":[{"taxonomy":"product_brand","embeddable":true,"href":"https:\/\/herbaltattoo.eu\/pl\/wp-json\/wp\/v2\/product_brand?post=4323"},{"taxonomy":"product_cat","embeddable":true,"href":"https:\/\/herbaltattoo.eu\/pl\/wp-json\/wp\/v2\/product_cat?post=4323"},{"taxonomy":"product_tag","embeddable":true,"href":"https:\/\/herbaltattoo.eu\/pl\/wp-json\/wp\/v2\/product_tag?post=4323"}],"curies":[{"name":"wp","href":"https:\/\/api.w.org\/{rel}","templated":true}]}}