{"id":4321,"date":"2025-04-20T12:26:13","date_gmt":"2025-04-20T10:26:13","guid":{"rendered":"https:\/?post_type=product&#038;p=4321"},"modified":"2026-02-25T12:52:29","modified_gmt":"2026-02-25T11:52:29","slug":"ecstasy","status":"publish","type":"product","link":"https:\/\/herbaltattoo.eu\/pl\/produkt\/ecstasy\/","title":{"rendered":"Ecstasy"},"content":{"rendered":"<p>Tatua\u017c z motywem \u201eecstasy\u201d (ekstazy) mo\u017ce symbolizowa\u0107 intensywno\u015b\u0107 dozna\u0144, pragnienie ucieczki od rzeczywisto\u015bci, \u017cycie na pe\u0142nych obrotach i poszukiwanie granic przyjemno\u015bci. Mo\u017ce te\u017c by\u0107 wyrazem buntu, wolno\u015bci, eksperymentowania z w\u0142asnym umys\u0142em i emocjami \u2013 ale r\u00f3wnie\u017c cienkiej granicy mi\u0119dzy eufori\u0105 a upadkiem. Taki tatua\u017c mo\u017ce mie\u0107 te\u017c bardziej osobiste znaczenie \u2013 jako przypomnienie o fazie \u017cycia, kt\u00f3r\u0105 kto\u015b przeszed\u0142, albo przestrog\u0119, \u017ce to, co daje uniesienie, mo\u017ce r\u00f3wnie \u0142atwo spali\u0107 od \u015brodka.<\/p>\n","protected":false},"excerpt":{"rendered":"<p>Tatua\u017c z motywem \u201eecstasy\u201d (ekstazy) mo\u017ce symbolizowa\u0107 intensywno\u015b\u0107 dozna\u0144, pragnienie ucieczki od rzeczywisto\u015bci, \u017cycie na pe\u0142nych obrotach i poszukiwanie granic przyjemno\u015bci. Mo\u017ce te\u017c by\u0107 wyrazem buntu, wolno\u015bci, eksperymentowania z w\u0142asnym umys\u0142em i emocjami \u2013 ale r\u00f3wnie\u017c cienkiej granicy mi\u0119dzy eufori\u0105 a upadkiem. Taki tatua\u017c mo\u017ce mie\u0107 te\u017c bardziej osobiste znaczenie \u2013 jako przypomnienie o fazie&#8230;<\/p>\n","protected":false},"featured_media":4322,"template":"","meta":{"_monsterinsights_skip_tracking":false,"_monsterinsights_sitenote_active":false,"_monsterinsights_sitenote_note":"","_monsterinsights_sitenote_category":0,"_kadence_starter_templates_imported_post":false,"_kad_post_transparent":"default","_kad_post_title":"","_kad_post_layout":"default","_kad_post_sidebar_id":"","_kad_post_content_style":"default","_kad_post_vertical_padding":"default","_kad_post_feature":"","_kad_post_feature_position":"","_kad_post_header":false,"_kad_post_footer":false,"_kad_post_classname":""},"product_brand":[],"product_cat":[51,16],"product_tag":[],"class_list":{"0":"post-4321","1":"product","2":"type-product","3":"status-publish","4":"has-post-thumbnail","6":"product_cat-male","7":"product_cat-wszystko","9":"first","10":"instock","11":"taxable","12":"shipping-taxable","13":"purchasable","14":"product-type-simple","15":"entry","16":"content-bg","17":"loop-entry"},"jetpack_sharing_enabled":true,"_links":{"self":[{"href":"https:\/\/herbaltattoo.eu\/pl\/wp-json\/wp\/v2\/product\/4321","targetHints":{"allow":["GET"]}}],"collection":[{"href":"https:\/\/herbaltattoo.eu\/pl\/wp-json\/wp\/v2\/product"}],"about":[{"href":"https:\/\/herbaltattoo.eu\/pl\/wp-json\/wp\/v2\/types\/product"}],"wp:featuredmedia":[{"embeddable":true,"href":"https:\/\/herbaltattoo.eu\/pl\/wp-json\/wp\/v2\/media\/4322"}],"wp:attachment":[{"href":"https:\/\/herbaltattoo.eu\/pl\/wp-json\/wp\/v2\/media?parent=4321"}],"wp:term":[{"taxonomy":"product_brand","embeddable":true,"href":"https:\/\/herbaltattoo.eu\/pl\/wp-json\/wp\/v2\/product_brand?post=4321"},{"taxonomy":"product_cat","embeddable":true,"href":"https:\/\/herbaltattoo.eu\/pl\/wp-json\/wp\/v2\/product_cat?post=4321"},{"taxonomy":"product_tag","embeddable":true,"href":"https:\/\/herbaltattoo.eu\/pl\/wp-json\/wp\/v2\/product_tag?post=4321"}],"curies":[{"name":"wp","href":"https:\/\/api.w.org\/{rel}","templated":true}]}}