{"id":4319,"date":"2025-04-20T12:24:11","date_gmt":"2025-04-20T10:24:11","guid":{"rendered":"https:\/?post_type=product&#038;p=4319"},"modified":"2026-02-25T12:52:29","modified_gmt":"2026-02-25T11:52:29","slug":"dragon-ball","status":"publish","type":"product","link":"https:\/\/herbaltattoo.eu\/pl\/produkt\/dragon-ball\/","title":{"rendered":"Dragon Ball"},"content":{"rendered":"<p>Tatua\u017c Dragon Ball symbolizuje si\u0142\u0119, determinacj\u0119 i rozw\u00f3j \u2013 zar\u00f3wno fizyczny, jak i duchowy. Nawi\u0105zuje do pokonywania w\u0142asnych s\u0142abo\u015bci, walki o marzenia i nieustannego d\u0105\u017cenia do bycia lepszym. Postacie takie jak Goku czy Vegeta przypominaj\u0105 o odwadze, lojalno\u015bci i wytrwa\u0142o\u015bci, a smocze kule to znak nadziei i wiary w spe\u0142nienie pragnie\u0144. To tatua\u017c dla tych, kt\u00f3rzy nie boj\u0105 si\u0119 wyzwa\u0144 i wierz\u0105 w swoj\u0105 wewn\u0119trzn\u0105 moc.<\/p>\n","protected":false},"excerpt":{"rendered":"<p>Tatua\u017c Dragon Ball symbolizuje si\u0142\u0119, determinacj\u0119 i rozw\u00f3j \u2013 zar\u00f3wno fizyczny, jak i duchowy. Nawi\u0105zuje do pokonywania w\u0142asnych s\u0142abo\u015bci, walki o marzenia i nieustannego d\u0105\u017cenia do bycia lepszym. Postacie takie jak Goku czy Vegeta przypominaj\u0105 o odwadze, lojalno\u015bci i wytrwa\u0142o\u015bci, a smocze kule to znak nadziei i wiary w spe\u0142nienie pragnie\u0144. To tatua\u017c dla tych,&#8230;<\/p>\n","protected":false},"featured_media":4320,"template":"","meta":{"_monsterinsights_skip_tracking":false,"_monsterinsights_sitenote_active":false,"_monsterinsights_sitenote_note":"","_monsterinsights_sitenote_category":0,"_kadence_starter_templates_imported_post":false,"_kad_post_transparent":"default","_kad_post_title":"","_kad_post_layout":"default","_kad_post_sidebar_id":"","_kad_post_content_style":"default","_kad_post_vertical_padding":"default","_kad_post_feature":"","_kad_post_feature_position":"","_kad_post_header":false,"_kad_post_footer":false,"_kad_post_classname":""},"product_brand":[],"product_cat":[51,16],"product_tag":[],"class_list":{"0":"post-4319","1":"product","2":"type-product","3":"status-publish","4":"has-post-thumbnail","6":"product_cat-male","7":"product_cat-wszystko","9":"first","10":"instock","11":"taxable","12":"shipping-taxable","13":"purchasable","14":"product-type-simple","15":"entry","16":"content-bg","17":"loop-entry"},"jetpack_sharing_enabled":true,"_links":{"self":[{"href":"https:\/\/herbaltattoo.eu\/pl\/wp-json\/wp\/v2\/product\/4319","targetHints":{"allow":["GET"]}}],"collection":[{"href":"https:\/\/herbaltattoo.eu\/pl\/wp-json\/wp\/v2\/product"}],"about":[{"href":"https:\/\/herbaltattoo.eu\/pl\/wp-json\/wp\/v2\/types\/product"}],"wp:featuredmedia":[{"embeddable":true,"href":"https:\/\/herbaltattoo.eu\/pl\/wp-json\/wp\/v2\/media\/4320"}],"wp:attachment":[{"href":"https:\/\/herbaltattoo.eu\/pl\/wp-json\/wp\/v2\/media?parent=4319"}],"wp:term":[{"taxonomy":"product_brand","embeddable":true,"href":"https:\/\/herbaltattoo.eu\/pl\/wp-json\/wp\/v2\/product_brand?post=4319"},{"taxonomy":"product_cat","embeddable":true,"href":"https:\/\/herbaltattoo.eu\/pl\/wp-json\/wp\/v2\/product_cat?post=4319"},{"taxonomy":"product_tag","embeddable":true,"href":"https:\/\/herbaltattoo.eu\/pl\/wp-json\/wp\/v2\/product_tag?post=4319"}],"curies":[{"name":"wp","href":"https:\/\/api.w.org\/{rel}","templated":true}]}}