{"id":4317,"date":"2025-04-20T12:21:27","date_gmt":"2025-04-20T10:21:27","guid":{"rendered":"https:\/?post_type=product&#038;p=4317"},"modified":"2026-02-25T12:52:29","modified_gmt":"2026-02-25T11:52:29","slug":"nadzieja","status":"publish","type":"product","link":"https:\/\/herbaltattoo.eu\/pl\/produkt\/nadzieja\/","title":{"rendered":"Nadzieja"},"content":{"rendered":"<p>Tatua\u017c symbolizuj\u0105cy nadziej\u0119 to wyraz wiary w lepsze jutro, \u015bwiat\u0142o w ciemno\u015bci i si\u0142a, kt\u00f3ra pozwala i\u015b\u0107 naprz\u00f3d mimo trudno\u015bci. Mo\u017ce oznacza\u0107 nowe pocz\u0105tki, uzdrowienie, odrodzenie si\u0119 po ci\u0119\u017ckich chwilach lub po prostu wewn\u0119trzne przekonanie, \u017ce wszystko ma sens i \u017ce nawet po najciemniejszej nocy wstaje dzie\u0144. To cichy, ale pot\u0119\u017cny znak wytrwa\u0142o\u015bci i optymizmu zakorzenionego g\u0142\u0119boko w sercu.<\/p>\n","protected":false},"excerpt":{"rendered":"<p>Tatua\u017c symbolizuj\u0105cy nadziej\u0119 to wyraz wiary w lepsze jutro, \u015bwiat\u0142o w ciemno\u015bci i si\u0142a, kt\u00f3ra pozwala i\u015b\u0107 naprz\u00f3d mimo trudno\u015bci. Mo\u017ce oznacza\u0107 nowe pocz\u0105tki, uzdrowienie, odrodzenie si\u0119 po ci\u0119\u017ckich chwilach lub po prostu wewn\u0119trzne przekonanie, \u017ce wszystko ma sens i \u017ce nawet po najciemniejszej nocy wstaje dzie\u0144. To cichy, ale pot\u0119\u017cny znak wytrwa\u0142o\u015bci i optymizmu&#8230;<\/p>\n","protected":false},"featured_media":4318,"template":"","meta":{"_monsterinsights_skip_tracking":false,"_monsterinsights_sitenote_active":false,"_monsterinsights_sitenote_note":"","_monsterinsights_sitenote_category":0,"_kadence_starter_templates_imported_post":false,"_kad_post_transparent":"default","_kad_post_title":"","_kad_post_layout":"default","_kad_post_sidebar_id":"","_kad_post_content_style":"default","_kad_post_vertical_padding":"default","_kad_post_feature":"","_kad_post_feature_position":"","_kad_post_header":false,"_kad_post_footer":false,"_kad_post_classname":""},"product_brand":[],"product_cat":[51,16],"product_tag":[],"class_list":{"0":"post-4317","1":"product","2":"type-product","3":"status-publish","4":"has-post-thumbnail","6":"product_cat-male","7":"product_cat-wszystko","9":"first","10":"instock","11":"taxable","12":"shipping-taxable","13":"purchasable","14":"product-type-simple","15":"entry","16":"content-bg","17":"loop-entry"},"jetpack_sharing_enabled":true,"_links":{"self":[{"href":"https:\/\/herbaltattoo.eu\/pl\/wp-json\/wp\/v2\/product\/4317","targetHints":{"allow":["GET"]}}],"collection":[{"href":"https:\/\/herbaltattoo.eu\/pl\/wp-json\/wp\/v2\/product"}],"about":[{"href":"https:\/\/herbaltattoo.eu\/pl\/wp-json\/wp\/v2\/types\/product"}],"wp:featuredmedia":[{"embeddable":true,"href":"https:\/\/herbaltattoo.eu\/pl\/wp-json\/wp\/v2\/media\/4318"}],"wp:attachment":[{"href":"https:\/\/herbaltattoo.eu\/pl\/wp-json\/wp\/v2\/media?parent=4317"}],"wp:term":[{"taxonomy":"product_brand","embeddable":true,"href":"https:\/\/herbaltattoo.eu\/pl\/wp-json\/wp\/v2\/product_brand?post=4317"},{"taxonomy":"product_cat","embeddable":true,"href":"https:\/\/herbaltattoo.eu\/pl\/wp-json\/wp\/v2\/product_cat?post=4317"},{"taxonomy":"product_tag","embeddable":true,"href":"https:\/\/herbaltattoo.eu\/pl\/wp-json\/wp\/v2\/product_tag?post=4317"}],"curies":[{"name":"wp","href":"https:\/\/api.w.org\/{rel}","templated":true}]}}