{"id":4312,"date":"2025-04-20T12:08:02","date_gmt":"2025-04-20T10:08:02","guid":{"rendered":"https:\/?post_type=product&#038;p=4312"},"modified":"2026-02-25T12:52:30","modified_gmt":"2026-02-25T11:52:30","slug":"kosci","status":"publish","type":"product","link":"https:\/\/herbaltattoo.eu\/pl\/produkt\/kosci\/","title":{"rendered":"Ko\u015bci"},"content":{"rendered":"<p>Tatua\u017c kostek do gry symbolizuje ryzyko, przypadek, szcz\u0119\u015bcie i \u017cyciow\u0105 gr\u0119 \u2013 to znak dla tych, kt\u00f3rzy wierz\u0105 w los, lub wr\u0119cz przeciwnie, lubi\u0105 bra\u0107 sprawy w swoje r\u0119ce, graj\u0105c va banque. Mo\u017ce oznacza\u0107 odwag\u0119 w podejmowaniu decyzji, gotowo\u015b\u0107 na nieprzewidywalno\u015b\u0107 \u017cycia, ale te\u017c wolno\u015b\u0107, hazard czy niezale\u017cno\u015b\u0107 od zasad. Dla wielu to tak\u017ce symbol szcz\u0119\u015bcia \u2013 zw\u0142aszcza gdy pokazane s\u0105 szcz\u0119\u015bliwe rzuty, jak np. podw\u00f3jna sz\u00f3stka.<\/p>\n","protected":false},"excerpt":{"rendered":"<p>Tatua\u017c kostek do gry symbolizuje ryzyko, przypadek, szcz\u0119\u015bcie i \u017cyciow\u0105 gr\u0119 \u2013 to znak dla tych, kt\u00f3rzy wierz\u0105 w los, lub wr\u0119cz przeciwnie, lubi\u0105 bra\u0107 sprawy w swoje r\u0119ce, graj\u0105c va banque. Mo\u017ce oznacza\u0107 odwag\u0119 w podejmowaniu decyzji, gotowo\u015b\u0107 na nieprzewidywalno\u015b\u0107 \u017cycia, ale te\u017c wolno\u015b\u0107, hazard czy niezale\u017cno\u015b\u0107 od zasad. Dla wielu to tak\u017ce symbol&#8230;<\/p>\n","protected":false},"featured_media":4313,"template":"","meta":{"_monsterinsights_skip_tracking":false,"_monsterinsights_sitenote_active":false,"_monsterinsights_sitenote_note":"","_monsterinsights_sitenote_category":0,"_kadence_starter_templates_imported_post":false,"_kad_post_transparent":"default","_kad_post_title":"","_kad_post_layout":"default","_kad_post_sidebar_id":"","_kad_post_content_style":"default","_kad_post_vertical_padding":"default","_kad_post_feature":"","_kad_post_feature_position":"","_kad_post_header":false,"_kad_post_footer":false,"_kad_post_classname":""},"product_brand":[],"product_cat":[51,16],"product_tag":[],"class_list":{"0":"post-4312","1":"product","2":"type-product","3":"status-publish","4":"has-post-thumbnail","6":"product_cat-male","7":"product_cat-wszystko","9":"first","10":"instock","11":"taxable","12":"shipping-taxable","13":"purchasable","14":"product-type-simple","15":"entry","16":"content-bg","17":"loop-entry"},"jetpack_sharing_enabled":true,"_links":{"self":[{"href":"https:\/\/herbaltattoo.eu\/pl\/wp-json\/wp\/v2\/product\/4312","targetHints":{"allow":["GET"]}}],"collection":[{"href":"https:\/\/herbaltattoo.eu\/pl\/wp-json\/wp\/v2\/product"}],"about":[{"href":"https:\/\/herbaltattoo.eu\/pl\/wp-json\/wp\/v2\/types\/product"}],"wp:featuredmedia":[{"embeddable":true,"href":"https:\/\/herbaltattoo.eu\/pl\/wp-json\/wp\/v2\/media\/4313"}],"wp:attachment":[{"href":"https:\/\/herbaltattoo.eu\/pl\/wp-json\/wp\/v2\/media?parent=4312"}],"wp:term":[{"taxonomy":"product_brand","embeddable":true,"href":"https:\/\/herbaltattoo.eu\/pl\/wp-json\/wp\/v2\/product_brand?post=4312"},{"taxonomy":"product_cat","embeddable":true,"href":"https:\/\/herbaltattoo.eu\/pl\/wp-json\/wp\/v2\/product_cat?post=4312"},{"taxonomy":"product_tag","embeddable":true,"href":"https:\/\/herbaltattoo.eu\/pl\/wp-json\/wp\/v2\/product_tag?post=4312"}],"curies":[{"name":"wp","href":"https:\/\/api.w.org\/{rel}","templated":true}]}}