{"id":4305,"date":"2025-04-20T11:37:31","date_gmt":"2025-04-20T09:37:31","guid":{"rendered":"https:\/?post_type=product&#038;p=4305"},"modified":"2026-02-25T12:59:09","modified_gmt":"2026-02-25T11:59:09","slug":"orzel","status":"publish","type":"product","link":"https:\/\/herbaltattoo.eu\/pl\/produkt\/orzel\/","title":{"rendered":"Orze\u0142"},"content":{"rendered":"<p>Tatua\u017c or\u0142a symbolizuje si\u0142\u0119, wolno\u015b\u0107, odwag\u0119 i niezale\u017cno\u015b\u0107 \u2013 to majestatyczny ptak, kt\u00f3ry wznosi si\u0119 ponad przeciwno\u015bciami, patrzy z g\u00f3ry na \u015bwiat z jasno\u015bci\u0105 i pewno\u015bci\u0105, b\u0119d\u0105c znakiem pot\u0119gi ducha, wewn\u0119trznej wolno\u015bci i nieustannego d\u0105\u017cenia do wy\u017cszych cel\u00f3w.<\/p>\n","protected":false},"excerpt":{"rendered":"<p>Tatua\u017c or\u0142a symbolizuje si\u0142\u0119, wolno\u015b\u0107, odwag\u0119 i niezale\u017cno\u015b\u0107 \u2013 to majestatyczny ptak, kt\u00f3ry wznosi si\u0119 ponad przeciwno\u015bciami, patrzy z g\u00f3ry na \u015bwiat z jasno\u015bci\u0105 i pewno\u015bci\u0105, b\u0119d\u0105c znakiem pot\u0119gi ducha, wewn\u0119trznej wolno\u015bci i nieustannego d\u0105\u017cenia do wy\u017cszych cel\u00f3w.<\/p>\n","protected":false},"featured_media":4306,"template":"","meta":{"_monsterinsights_skip_tracking":false,"_monsterinsights_sitenote_active":false,"_monsterinsights_sitenote_note":"","_monsterinsights_sitenote_category":0,"_kadence_starter_templates_imported_post":false,"_kad_post_transparent":"default","_kad_post_title":"","_kad_post_layout":"default","_kad_post_sidebar_id":"","_kad_post_content_style":"default","_kad_post_vertical_padding":"default","_kad_post_feature":"","_kad_post_feature_position":"","_kad_post_header":false,"_kad_post_footer":false,"_kad_post_classname":""},"product_brand":[],"product_cat":[49,16],"product_tag":[],"class_list":{"0":"post-4305","1":"product","2":"type-product","3":"status-publish","4":"has-post-thumbnail","6":"product_cat-pelne","7":"product_cat-wszystko","9":"first","10":"instock","11":"taxable","12":"shipping-taxable","13":"purchasable","14":"product-type-simple","15":"entry","16":"content-bg","17":"loop-entry"},"jetpack_sharing_enabled":true,"_links":{"self":[{"href":"https:\/\/herbaltattoo.eu\/pl\/wp-json\/wp\/v2\/product\/4305","targetHints":{"allow":["GET"]}}],"collection":[{"href":"https:\/\/herbaltattoo.eu\/pl\/wp-json\/wp\/v2\/product"}],"about":[{"href":"https:\/\/herbaltattoo.eu\/pl\/wp-json\/wp\/v2\/types\/product"}],"wp:featuredmedia":[{"embeddable":true,"href":"https:\/\/herbaltattoo.eu\/pl\/wp-json\/wp\/v2\/media\/4306"}],"wp:attachment":[{"href":"https:\/\/herbaltattoo.eu\/pl\/wp-json\/wp\/v2\/media?parent=4305"}],"wp:term":[{"taxonomy":"product_brand","embeddable":true,"href":"https:\/\/herbaltattoo.eu\/pl\/wp-json\/wp\/v2\/product_brand?post=4305"},{"taxonomy":"product_cat","embeddable":true,"href":"https:\/\/herbaltattoo.eu\/pl\/wp-json\/wp\/v2\/product_cat?post=4305"},{"taxonomy":"product_tag","embeddable":true,"href":"https:\/\/herbaltattoo.eu\/pl\/wp-json\/wp\/v2\/product_tag?post=4305"}],"curies":[{"name":"wp","href":"https:\/\/api.w.org\/{rel}","templated":true}]}}