{"id":4303,"date":"2025-04-20T11:32:01","date_gmt":"2025-04-20T09:32:01","guid":{"rendered":"https:\/?post_type=product&#038;p=4303"},"modified":"2026-02-25T12:59:09","modified_gmt":"2026-02-25T11:59:09","slug":"kompas-3","status":"publish","type":"product","link":"https:\/\/herbaltattoo.eu\/pl\/produkt\/kompas-3\/","title":{"rendered":"Kompas"},"content":{"rendered":"<p>Tatua\u017c kompas symbolizuje odnalezienie w\u0142a\u015bciwej drogi w \u017cyciu, wewn\u0119trzny kompas moralny, wierno\u015b\u0107 swoim warto\u015bciom oraz ochron\u0119 przed zagubieniem \u2013 to znak kierunku, podr\u00f3\u017cy i poszukiwania sensu, kt\u00f3ry przypomina, by zawsze pod\u0105\u017ca\u0107 swoj\u0105 \u015bcie\u017ck\u0105, niezale\u017cnie od burz i zakr\u0119t\u00f3w losu.<\/p>\n","protected":false},"excerpt":{"rendered":"<p>Tatua\u017c kompas symbolizuje odnalezienie w\u0142a\u015bciwej drogi w \u017cyciu, wewn\u0119trzny kompas moralny, wierno\u015b\u0107 swoim warto\u015bciom oraz ochron\u0119 przed zagubieniem \u2013 to znak kierunku, podr\u00f3\u017cy i poszukiwania sensu, kt\u00f3ry przypomina, by zawsze pod\u0105\u017ca\u0107 swoj\u0105 \u015bcie\u017ck\u0105, niezale\u017cnie od burz i zakr\u0119t\u00f3w losu.<\/p>\n","protected":false},"featured_media":4304,"template":"","meta":{"_monsterinsights_skip_tracking":false,"_monsterinsights_sitenote_active":false,"_monsterinsights_sitenote_note":"","_monsterinsights_sitenote_category":0,"_kadence_starter_templates_imported_post":false,"_kad_post_transparent":"default","_kad_post_title":"","_kad_post_layout":"default","_kad_post_sidebar_id":"","_kad_post_content_style":"default","_kad_post_vertical_padding":"default","_kad_post_feature":"","_kad_post_feature_position":"","_kad_post_header":false,"_kad_post_footer":false,"_kad_post_classname":""},"product_brand":[],"product_cat":[49,16],"product_tag":[],"class_list":{"0":"post-4303","1":"product","2":"type-product","3":"status-publish","4":"has-post-thumbnail","6":"product_cat-pelne","7":"product_cat-wszystko","9":"first","10":"instock","11":"taxable","12":"shipping-taxable","13":"purchasable","14":"product-type-simple","15":"entry","16":"content-bg","17":"loop-entry"},"jetpack_sharing_enabled":true,"_links":{"self":[{"href":"https:\/\/herbaltattoo.eu\/pl\/wp-json\/wp\/v2\/product\/4303","targetHints":{"allow":["GET"]}}],"collection":[{"href":"https:\/\/herbaltattoo.eu\/pl\/wp-json\/wp\/v2\/product"}],"about":[{"href":"https:\/\/herbaltattoo.eu\/pl\/wp-json\/wp\/v2\/types\/product"}],"wp:featuredmedia":[{"embeddable":true,"href":"https:\/\/herbaltattoo.eu\/pl\/wp-json\/wp\/v2\/media\/4304"}],"wp:attachment":[{"href":"https:\/\/herbaltattoo.eu\/pl\/wp-json\/wp\/v2\/media?parent=4303"}],"wp:term":[{"taxonomy":"product_brand","embeddable":true,"href":"https:\/\/herbaltattoo.eu\/pl\/wp-json\/wp\/v2\/product_brand?post=4303"},{"taxonomy":"product_cat","embeddable":true,"href":"https:\/\/herbaltattoo.eu\/pl\/wp-json\/wp\/v2\/product_cat?post=4303"},{"taxonomy":"product_tag","embeddable":true,"href":"https:\/\/herbaltattoo.eu\/pl\/wp-json\/wp\/v2\/product_tag?post=4303"}],"curies":[{"name":"wp","href":"https:\/\/api.w.org\/{rel}","templated":true}]}}