{"id":2671,"date":"2025-02-16T17:10:52","date_gmt":"2025-02-16T16:10:52","guid":{"rendered":"https:\/?post_type=product&#038;p=2671"},"modified":"2026-02-25T12:52:30","modified_gmt":"2026-02-25T11:52:30","slug":"roza-3","status":"publish","type":"product","link":"https:\/\/herbaltattoo.eu\/pl\/produkt\/roza-3\/","title":{"rendered":"R\u00f3\u017ca"},"content":{"rendered":"<p>Tatua\u017c z r\u00f3\u017c\u0105 symbolizuje mi\u0142o\u015b\u0107, pi\u0119kno i nami\u0119tno\u015b\u0107, ale tak\u017ce si\u0142\u0119 i odrodzenie. Motyw ten cz\u0119sto \u0142\u0105czy si\u0119 z kolcami, kt\u00f3re symbolizuj\u0105 ochron\u0119 i trudno\u015bci w \u017cyciu. Tatua\u017c r\u00f3\u017cy mo\u017ce mie\u0107 osobiste znaczenie, nawi\u0105zuj\u0105ce do uczu\u0107, przemiany lub wa\u017cnych wydarze\u0144.<\/p>\n","protected":false},"excerpt":{"rendered":"<p>Tatua\u017c z r\u00f3\u017c\u0105 symbolizuje mi\u0142o\u015b\u0107, pi\u0119kno i nami\u0119tno\u015b\u0107, ale tak\u017ce si\u0142\u0119 i odrodzenie. Motyw ten cz\u0119sto \u0142\u0105czy si\u0119 z kolcami, kt\u00f3re symbolizuj\u0105 ochron\u0119 i trudno\u015bci w \u017cyciu. Tatua\u017c r\u00f3\u017cy mo\u017ce mie\u0107 osobiste znaczenie, nawi\u0105zuj\u0105ce do uczu\u0107, przemiany lub wa\u017cnych wydarze\u0144.<\/p>\n","protected":false},"featured_media":2747,"template":"","meta":{"_monsterinsights_skip_tracking":false,"_monsterinsights_sitenote_active":false,"_monsterinsights_sitenote_note":"","_monsterinsights_sitenote_category":0,"_kadence_starter_templates_imported_post":false,"_kad_post_transparent":"default","_kad_post_title":"","_kad_post_layout":"default","_kad_post_sidebar_id":"","_kad_post_content_style":"default","_kad_post_vertical_padding":"default","_kad_post_feature":"","_kad_post_feature_position":"","_kad_post_header":false,"_kad_post_footer":false,"_kad_post_classname":""},"product_brand":[],"product_cat":[51,16],"product_tag":[],"class_list":{"0":"post-2671","1":"product","2":"type-product","3":"status-publish","4":"has-post-thumbnail","6":"product_cat-male","7":"product_cat-wszystko","9":"first","10":"instock","11":"taxable","12":"shipping-taxable","13":"purchasable","14":"product-type-simple","15":"entry","16":"content-bg","17":"loop-entry"},"jetpack_sharing_enabled":true,"_links":{"self":[{"href":"https:\/\/herbaltattoo.eu\/pl\/wp-json\/wp\/v2\/product\/2671","targetHints":{"allow":["GET"]}}],"collection":[{"href":"https:\/\/herbaltattoo.eu\/pl\/wp-json\/wp\/v2\/product"}],"about":[{"href":"https:\/\/herbaltattoo.eu\/pl\/wp-json\/wp\/v2\/types\/product"}],"wp:featuredmedia":[{"embeddable":true,"href":"https:\/\/herbaltattoo.eu\/pl\/wp-json\/wp\/v2\/media\/2747"}],"wp:attachment":[{"href":"https:\/\/herbaltattoo.eu\/pl\/wp-json\/wp\/v2\/media?parent=2671"}],"wp:term":[{"taxonomy":"product_brand","embeddable":true,"href":"https:\/\/herbaltattoo.eu\/pl\/wp-json\/wp\/v2\/product_brand?post=2671"},{"taxonomy":"product_cat","embeddable":true,"href":"https:\/\/herbaltattoo.eu\/pl\/wp-json\/wp\/v2\/product_cat?post=2671"},{"taxonomy":"product_tag","embeddable":true,"href":"https:\/\/herbaltattoo.eu\/pl\/wp-json\/wp\/v2\/product_tag?post=2671"}],"curies":[{"name":"wp","href":"https:\/\/api.w.org\/{rel}","templated":true}]}}