{"id":2667,"date":"2025-02-16T17:09:52","date_gmt":"2025-02-16T16:09:52","guid":{"rendered":"https:\/?post_type=product&#038;p=2667"},"modified":"2026-02-25T12:52:31","modified_gmt":"2026-02-25T11:52:31","slug":"plomien","status":"publish","type":"product","link":"https:\/\/herbaltattoo.eu\/pl\/produkt\/plomien\/","title":{"rendered":"P\u0142omie\u0144"},"content":{"rendered":"<p>Tatua\u017c z p\u0142omieniem symbolizuje pasj\u0119, si\u0142\u0119 i energi\u0119. Mo\u017ce oznacza\u0107 wewn\u0119trzn\u0105 determinacj\u0119, odrodzenie oraz transformacj\u0119, jak ogie\u0144, kt\u00f3ry niszczy, by stworzy\u0107 co\u015b nowego. Cz\u0119sto kojarzony jest r\u00f3wnie\u017c z wolno\u015bci\u0105, duchem walki lub nieugaszonym pragnieniem osi\u0105gni\u0119cia celu.<\/p>\n","protected":false},"excerpt":{"rendered":"<p>Tatua\u017c z p\u0142omieniem symbolizuje pasj\u0119, si\u0142\u0119 i energi\u0119. Mo\u017ce oznacza\u0107 wewn\u0119trzn\u0105 determinacj\u0119, odrodzenie oraz transformacj\u0119, jak ogie\u0144, kt\u00f3ry niszczy, by stworzy\u0107 co\u015b nowego. Cz\u0119sto kojarzony jest r\u00f3wnie\u017c z wolno\u015bci\u0105, duchem walki lub nieugaszonym pragnieniem osi\u0105gni\u0119cia celu.<\/p>\n","protected":false},"featured_media":2745,"template":"","meta":{"_monsterinsights_skip_tracking":false,"_monsterinsights_sitenote_active":false,"_monsterinsights_sitenote_note":"","_monsterinsights_sitenote_category":0,"_kadence_starter_templates_imported_post":false,"_kad_post_transparent":"default","_kad_post_title":"","_kad_post_layout":"default","_kad_post_sidebar_id":"","_kad_post_content_style":"default","_kad_post_vertical_padding":"default","_kad_post_feature":"","_kad_post_feature_position":"","_kad_post_header":false,"_kad_post_footer":false,"_kad_post_classname":""},"product_brand":[],"product_cat":[51,16],"product_tag":[],"class_list":{"0":"post-2667","1":"product","2":"type-product","3":"status-publish","4":"has-post-thumbnail","6":"product_cat-male","7":"product_cat-wszystko","9":"first","10":"instock","11":"taxable","12":"shipping-taxable","13":"purchasable","14":"product-type-simple","15":"entry","16":"content-bg","17":"loop-entry"},"jetpack_sharing_enabled":true,"_links":{"self":[{"href":"https:\/\/herbaltattoo.eu\/pl\/wp-json\/wp\/v2\/product\/2667","targetHints":{"allow":["GET"]}}],"collection":[{"href":"https:\/\/herbaltattoo.eu\/pl\/wp-json\/wp\/v2\/product"}],"about":[{"href":"https:\/\/herbaltattoo.eu\/pl\/wp-json\/wp\/v2\/types\/product"}],"wp:featuredmedia":[{"embeddable":true,"href":"https:\/\/herbaltattoo.eu\/pl\/wp-json\/wp\/v2\/media\/2745"}],"wp:attachment":[{"href":"https:\/\/herbaltattoo.eu\/pl\/wp-json\/wp\/v2\/media?parent=2667"}],"wp:term":[{"taxonomy":"product_brand","embeddable":true,"href":"https:\/\/herbaltattoo.eu\/pl\/wp-json\/wp\/v2\/product_brand?post=2667"},{"taxonomy":"product_cat","embeddable":true,"href":"https:\/\/herbaltattoo.eu\/pl\/wp-json\/wp\/v2\/product_cat?post=2667"},{"taxonomy":"product_tag","embeddable":true,"href":"https:\/\/herbaltattoo.eu\/pl\/wp-json\/wp\/v2\/product_tag?post=2667"}],"curies":[{"name":"wp","href":"https:\/\/api.w.org\/{rel}","templated":true}]}}