{"id":2663,"date":"2025-02-16T17:08:38","date_gmt":"2025-02-16T16:08:38","guid":{"rendered":"https:\/?post_type=product&#038;p=2663"},"modified":"2026-02-25T12:52:31","modified_gmt":"2026-02-25T11:52:31","slug":"palmy","status":"publish","type":"product","link":"https:\/\/herbaltattoo.eu\/pl\/produkt\/palmy\/","title":{"rendered":"Palmy"},"content":{"rendered":"<p>Tatua\u017c z palmami symbolizuje wakacyjny luz, wolno\u015b\u0107 i spok\u00f3j. Mo\u017ce oznacza\u0107 mi\u0142o\u015b\u0107 do podr\u00f3\u017cy, tropikalnych miejsc lub beztroskiego stylu \u017cycia. Palmy s\u0105 te\u017c symbolem wytrwa\u0142o\u015bci i odporno\u015bci, poniewa\u017c rosn\u0105 nawet w trudnych warunkach. Wz\u00f3r cz\u0119sto \u0142\u0105czy si\u0119 z pla\u017c\u0105, s\u0142o\u0144cem lub oceanem, podkre\u015blaj\u0105c pragnienie relaksu i harmonii.<\/p>\n","protected":false},"excerpt":{"rendered":"<p>Tatua\u017c z palmami symbolizuje wakacyjny luz, wolno\u015b\u0107 i spok\u00f3j. Mo\u017ce oznacza\u0107 mi\u0142o\u015b\u0107 do podr\u00f3\u017cy, tropikalnych miejsc lub beztroskiego stylu \u017cycia. Palmy s\u0105 te\u017c symbolem wytrwa\u0142o\u015bci i odporno\u015bci, poniewa\u017c rosn\u0105 nawet w trudnych warunkach. Wz\u00f3r cz\u0119sto \u0142\u0105czy si\u0119 z pla\u017c\u0105, s\u0142o\u0144cem lub oceanem, podkre\u015blaj\u0105c pragnienie relaksu i harmonii.<\/p>\n","protected":false},"featured_media":2743,"template":"","meta":{"_monsterinsights_skip_tracking":false,"_monsterinsights_sitenote_active":false,"_monsterinsights_sitenote_note":"","_monsterinsights_sitenote_category":0,"_kadence_starter_templates_imported_post":false,"_kad_post_transparent":"default","_kad_post_title":"","_kad_post_layout":"default","_kad_post_sidebar_id":"","_kad_post_content_style":"default","_kad_post_vertical_padding":"default","_kad_post_feature":"","_kad_post_feature_position":"","_kad_post_header":false,"_kad_post_footer":false,"_kad_post_classname":""},"product_brand":[],"product_cat":[51,16],"product_tag":[],"class_list":{"0":"post-2663","1":"product","2":"type-product","3":"status-publish","4":"has-post-thumbnail","6":"product_cat-male","7":"product_cat-wszystko","9":"first","10":"instock","11":"taxable","12":"shipping-taxable","13":"purchasable","14":"product-type-simple","15":"entry","16":"content-bg","17":"loop-entry"},"jetpack_sharing_enabled":true,"_links":{"self":[{"href":"https:\/\/herbaltattoo.eu\/pl\/wp-json\/wp\/v2\/product\/2663","targetHints":{"allow":["GET"]}}],"collection":[{"href":"https:\/\/herbaltattoo.eu\/pl\/wp-json\/wp\/v2\/product"}],"about":[{"href":"https:\/\/herbaltattoo.eu\/pl\/wp-json\/wp\/v2\/types\/product"}],"wp:featuredmedia":[{"embeddable":true,"href":"https:\/\/herbaltattoo.eu\/pl\/wp-json\/wp\/v2\/media\/2743"}],"wp:attachment":[{"href":"https:\/\/herbaltattoo.eu\/pl\/wp-json\/wp\/v2\/media?parent=2663"}],"wp:term":[{"taxonomy":"product_brand","embeddable":true,"href":"https:\/\/herbaltattoo.eu\/pl\/wp-json\/wp\/v2\/product_brand?post=2663"},{"taxonomy":"product_cat","embeddable":true,"href":"https:\/\/herbaltattoo.eu\/pl\/wp-json\/wp\/v2\/product_cat?post=2663"},{"taxonomy":"product_tag","embeddable":true,"href":"https:\/\/herbaltattoo.eu\/pl\/wp-json\/wp\/v2\/product_tag?post=2663"}],"curies":[{"name":"wp","href":"https:\/\/api.w.org\/{rel}","templated":true}]}}