{"id":2651,"date":"2025-02-16T17:05:17","date_gmt":"2025-02-16T16:05:17","guid":{"rendered":"https:\/?post_type=product&#038;p=2651"},"modified":"2026-02-25T12:53:16","modified_gmt":"2026-02-25T11:53:16","slug":"klucz-wiolinowy","status":"publish","type":"product","link":"https:\/\/herbaltattoo.eu\/pl\/produkt\/klucz-wiolinowy\/","title":{"rendered":"Klucz wiolinowy"},"content":{"rendered":"<p>Tatua\u017c z kluczem wiolinowym symbolizuje mi\u0142o\u015b\u0107 do muzyki, pasj\u0119 artystyczn\u0105 i kreatywno\u015b\u0107. Mo\u017ce oznacza\u0107 harmoni\u0119 w \u017cyciu, emocjonalne po\u0142\u0105czenie z d\u017awi\u0119kami lub wa\u017cne wspomnienia zwi\u0105zane z muzyk\u0105. Cz\u0119sto \u0142\u0105czy si\u0119 go z nutami, sercem lub instrumentami, podkre\u015blaj\u0105c indywidualne znaczenie dla osoby nosz\u0105cej.<\/p>\n","protected":false},"excerpt":{"rendered":"<p>Tatua\u017c z kluczem wiolinowym symbolizuje mi\u0142o\u015b\u0107 do muzyki, pasj\u0119 artystyczn\u0105 i kreatywno\u015b\u0107. Mo\u017ce oznacza\u0107 harmoni\u0119 w \u017cyciu, emocjonalne po\u0142\u0105czenie z d\u017awi\u0119kami lub wa\u017cne wspomnienia zwi\u0105zane z muzyk\u0105. Cz\u0119sto \u0142\u0105czy si\u0119 go z nutami, sercem lub instrumentami, podkre\u015blaj\u0105c indywidualne znaczenie dla osoby nosz\u0105cej.<\/p>\n","protected":false},"featured_media":2737,"template":"","meta":{"_monsterinsights_skip_tracking":false,"_monsterinsights_sitenote_active":false,"_monsterinsights_sitenote_note":"","_monsterinsights_sitenote_category":0,"_kadence_starter_templates_imported_post":false,"_kad_post_transparent":"default","_kad_post_title":"","_kad_post_layout":"default","_kad_post_sidebar_id":"","_kad_post_content_style":"default","_kad_post_vertical_padding":"default","_kad_post_feature":"","_kad_post_feature_position":"","_kad_post_header":false,"_kad_post_footer":false,"_kad_post_classname":""},"product_brand":[],"product_cat":[51,16],"product_tag":[],"class_list":{"0":"post-2651","1":"product","2":"type-product","3":"status-publish","4":"has-post-thumbnail","6":"product_cat-male","7":"product_cat-wszystko","9":"first","10":"instock","11":"taxable","12":"shipping-taxable","13":"purchasable","14":"product-type-simple","15":"entry","16":"content-bg","17":"loop-entry"},"jetpack_sharing_enabled":true,"_links":{"self":[{"href":"https:\/\/herbaltattoo.eu\/pl\/wp-json\/wp\/v2\/product\/2651","targetHints":{"allow":["GET"]}}],"collection":[{"href":"https:\/\/herbaltattoo.eu\/pl\/wp-json\/wp\/v2\/product"}],"about":[{"href":"https:\/\/herbaltattoo.eu\/pl\/wp-json\/wp\/v2\/types\/product"}],"wp:featuredmedia":[{"embeddable":true,"href":"https:\/\/herbaltattoo.eu\/pl\/wp-json\/wp\/v2\/media\/2737"}],"wp:attachment":[{"href":"https:\/\/herbaltattoo.eu\/pl\/wp-json\/wp\/v2\/media?parent=2651"}],"wp:term":[{"taxonomy":"product_brand","embeddable":true,"href":"https:\/\/herbaltattoo.eu\/pl\/wp-json\/wp\/v2\/product_brand?post=2651"},{"taxonomy":"product_cat","embeddable":true,"href":"https:\/\/herbaltattoo.eu\/pl\/wp-json\/wp\/v2\/product_cat?post=2651"},{"taxonomy":"product_tag","embeddable":true,"href":"https:\/\/herbaltattoo.eu\/pl\/wp-json\/wp\/v2\/product_tag?post=2651"}],"curies":[{"name":"wp","href":"https:\/\/api.w.org\/{rel}","templated":true}]}}