{"id":2643,"date":"2025-02-16T17:02:11","date_gmt":"2025-02-16T16:02:11","guid":{"rendered":"https:\/?post_type=product&#038;p=2643"},"modified":"2026-02-25T12:53:17","modified_gmt":"2026-02-25T11:53:17","slug":"kruk","status":"publish","type":"product","link":"https:\/\/herbaltattoo.eu\/pl\/produkt\/kruk\/","title":{"rendered":"Kruk"},"content":{"rendered":"<p>Tatua\u017c z krukiem symbolizuje m\u0105dro\u015b\u0107, tajemniczo\u015b\u0107 i transformacj\u0119. Kruk jest cz\u0119sto kojarzony z magi\u0105, przewidywaniem przysz\u0142o\u015bci oraz \u0142\u0105czno\u015bci\u0105 z duchowym \u015bwiatem. W wielu kulturach uwa\u017cany jest za pos\u0142a\u0144ca, zwiastuj\u0105cego zmiany, a tak\u017ce symbol wnikliwo\u015bci i niezale\u017cno\u015bci. Taki tatua\u017c mo\u017ce tak\u017ce oznacza\u0107 si\u0142\u0119, wolno\u015b\u0107 i odwag\u0119 w stawianiu czo\u0142a wyzwaniom \u017cyciowym.<\/p>\n","protected":false},"excerpt":{"rendered":"<p>Tatua\u017c z krukiem symbolizuje m\u0105dro\u015b\u0107, tajemniczo\u015b\u0107 i transformacj\u0119. Kruk jest cz\u0119sto kojarzony z magi\u0105, przewidywaniem przysz\u0142o\u015bci oraz \u0142\u0105czno\u015bci\u0105 z duchowym \u015bwiatem. W wielu kulturach uwa\u017cany jest za pos\u0142a\u0144ca, zwiastuj\u0105cego zmiany, a tak\u017ce symbol wnikliwo\u015bci i niezale\u017cno\u015bci. Taki tatua\u017c mo\u017ce tak\u017ce oznacza\u0107 si\u0142\u0119, wolno\u015b\u0107 i odwag\u0119 w stawianiu czo\u0142a wyzwaniom \u017cyciowym.<\/p>\n","protected":false},"featured_media":2732,"template":"","meta":{"_monsterinsights_skip_tracking":false,"_monsterinsights_sitenote_active":false,"_monsterinsights_sitenote_note":"","_monsterinsights_sitenote_category":0,"_kadence_starter_templates_imported_post":false,"_kad_post_transparent":"default","_kad_post_title":"","_kad_post_layout":"default","_kad_post_sidebar_id":"","_kad_post_content_style":"default","_kad_post_vertical_padding":"default","_kad_post_feature":"","_kad_post_feature_position":"","_kad_post_header":false,"_kad_post_footer":false,"_kad_post_classname":""},"product_brand":[],"product_cat":[51,16],"product_tag":[],"class_list":{"0":"post-2643","1":"product","2":"type-product","3":"status-publish","4":"has-post-thumbnail","6":"product_cat-male","7":"product_cat-wszystko","9":"first","10":"instock","11":"taxable","12":"shipping-taxable","13":"purchasable","14":"product-type-simple","15":"entry","16":"content-bg","17":"loop-entry"},"jetpack_sharing_enabled":true,"_links":{"self":[{"href":"https:\/\/herbaltattoo.eu\/pl\/wp-json\/wp\/v2\/product\/2643","targetHints":{"allow":["GET"]}}],"collection":[{"href":"https:\/\/herbaltattoo.eu\/pl\/wp-json\/wp\/v2\/product"}],"about":[{"href":"https:\/\/herbaltattoo.eu\/pl\/wp-json\/wp\/v2\/types\/product"}],"wp:featuredmedia":[{"embeddable":true,"href":"https:\/\/herbaltattoo.eu\/pl\/wp-json\/wp\/v2\/media\/2732"}],"wp:attachment":[{"href":"https:\/\/herbaltattoo.eu\/pl\/wp-json\/wp\/v2\/media?parent=2643"}],"wp:term":[{"taxonomy":"product_brand","embeddable":true,"href":"https:\/\/herbaltattoo.eu\/pl\/wp-json\/wp\/v2\/product_brand?post=2643"},{"taxonomy":"product_cat","embeddable":true,"href":"https:\/\/herbaltattoo.eu\/pl\/wp-json\/wp\/v2\/product_cat?post=2643"},{"taxonomy":"product_tag","embeddable":true,"href":"https:\/\/herbaltattoo.eu\/pl\/wp-json\/wp\/v2\/product_tag?post=2643"}],"curies":[{"name":"wp","href":"https:\/\/api.w.org\/{rel}","templated":true}]}}