{"id":2641,"date":"2025-02-16T17:01:28","date_gmt":"2025-02-16T16:01:28","guid":{"rendered":"https:\/?post_type=product&#038;p=2641"},"modified":"2026-02-25T12:53:17","modified_gmt":"2026-02-25T11:53:17","slug":"roza-2","status":"publish","type":"product","link":"https:\/\/herbaltattoo.eu\/pl\/produkt\/roza-2\/","title":{"rendered":"R\u00f3\u017ca"},"content":{"rendered":"<p>Tatua\u017c z r\u00f3\u017c\u0105 bez kolc\u00f3w symbolizuje czyst\u0105 mi\u0142o\u015b\u0107, delikatno\u015b\u0107 i niewinno\u015b\u0107. Taka r\u00f3\u017ca mo\u017ce oznacza\u0107 pi\u0119kno bez przeszk\u00f3d czy trudno\u015bci, podkre\u015blaj\u0105c jej subtelno\u015b\u0107 i elegancj\u0119. Mo\u017ce tak\u017ce symbolizowa\u0107 harmoni\u0119 i spok\u00f3j, a jej brak kolc\u00f3w sugeruje brak cierpienia i b\u00f3lu w mi\u0142o\u015bci lub \u017cyciu. To wz\u00f3r, kt\u00f3ry cz\u0119sto wybieraj\u0105 osoby szukaj\u0105ce pozytywnych, spokojnych i pe\u0142nych mi\u0142o\u015bci warto\u015bci.<\/p>\n","protected":false},"excerpt":{"rendered":"<p>Tatua\u017c z r\u00f3\u017c\u0105 bez kolc\u00f3w symbolizuje czyst\u0105 mi\u0142o\u015b\u0107, delikatno\u015b\u0107 i niewinno\u015b\u0107. Taka r\u00f3\u017ca mo\u017ce oznacza\u0107 pi\u0119kno bez przeszk\u00f3d czy trudno\u015bci, podkre\u015blaj\u0105c jej subtelno\u015b\u0107 i elegancj\u0119. Mo\u017ce tak\u017ce symbolizowa\u0107 harmoni\u0119 i spok\u00f3j, a jej brak kolc\u00f3w sugeruje brak cierpienia i b\u00f3lu w mi\u0142o\u015bci lub \u017cyciu. To wz\u00f3r, kt\u00f3ry cz\u0119sto wybieraj\u0105 osoby szukaj\u0105ce pozytywnych, spokojnych i pe\u0142nych&#8230;<\/p>\n","protected":false},"featured_media":2731,"template":"","meta":{"_monsterinsights_skip_tracking":false,"_monsterinsights_sitenote_active":false,"_monsterinsights_sitenote_note":"","_monsterinsights_sitenote_category":0,"_kadence_starter_templates_imported_post":false,"_kad_post_transparent":"default","_kad_post_title":"","_kad_post_layout":"default","_kad_post_sidebar_id":"","_kad_post_content_style":"default","_kad_post_vertical_padding":"default","_kad_post_feature":"","_kad_post_feature_position":"","_kad_post_header":false,"_kad_post_footer":false,"_kad_post_classname":""},"product_brand":[],"product_cat":[51,16],"product_tag":[],"class_list":{"0":"post-2641","1":"product","2":"type-product","3":"status-publish","4":"has-post-thumbnail","6":"product_cat-male","7":"product_cat-wszystko","9":"first","10":"outofstock","11":"taxable","12":"shipping-taxable","13":"purchasable","14":"product-type-simple","15":"entry","16":"content-bg","17":"loop-entry"},"jetpack_sharing_enabled":true,"_links":{"self":[{"href":"https:\/\/herbaltattoo.eu\/pl\/wp-json\/wp\/v2\/product\/2641","targetHints":{"allow":["GET"]}}],"collection":[{"href":"https:\/\/herbaltattoo.eu\/pl\/wp-json\/wp\/v2\/product"}],"about":[{"href":"https:\/\/herbaltattoo.eu\/pl\/wp-json\/wp\/v2\/types\/product"}],"wp:featuredmedia":[{"embeddable":true,"href":"https:\/\/herbaltattoo.eu\/pl\/wp-json\/wp\/v2\/media\/2731"}],"wp:attachment":[{"href":"https:\/\/herbaltattoo.eu\/pl\/wp-json\/wp\/v2\/media?parent=2641"}],"wp:term":[{"taxonomy":"product_brand","embeddable":true,"href":"https:\/\/herbaltattoo.eu\/pl\/wp-json\/wp\/v2\/product_brand?post=2641"},{"taxonomy":"product_cat","embeddable":true,"href":"https:\/\/herbaltattoo.eu\/pl\/wp-json\/wp\/v2\/product_cat?post=2641"},{"taxonomy":"product_tag","embeddable":true,"href":"https:\/\/herbaltattoo.eu\/pl\/wp-json\/wp\/v2\/product_tag?post=2641"}],"curies":[{"name":"wp","href":"https:\/\/api.w.org\/{rel}","templated":true}]}}