{"id":2639,"date":"2025-02-16T17:00:53","date_gmt":"2025-02-16T16:00:53","guid":{"rendered":"https:\/?post_type=product&#038;p=2639"},"modified":"2026-02-25T12:53:17","modified_gmt":"2026-02-25T11:53:17","slug":"kompas","status":"publish","type":"product","link":"https:\/\/herbaltattoo.eu\/pl\/produkt\/kompas\/","title":{"rendered":"Kompas"},"content":{"rendered":"<p>Tatua\u017c z kompasem symbolizuje kierunek, orientacj\u0119 i poszukiwanie drogi \u017cyciowej. Mo\u017ce oznacza\u0107 podr\u00f3\u017ce, zar\u00f3wno fizyczne, jak i duchowe, oraz pragnienie znalezienia w\u0142asnej drogi w \u017cyciu. Kompas jest tak\u017ce symbolem decyzji, prowadzenia i wewn\u0119trznej si\u0142y, pomagaj\u0105cej w przezwyci\u0119\u017caniu trudno\u015bci. Cz\u0119sto wybierany przez osoby, kt\u00f3re chc\u0105 przypomnie\u0107 sobie o swojej niezale\u017cno\u015bci i celu.<\/p>\n","protected":false},"excerpt":{"rendered":"<p>Tatua\u017c z kompasem symbolizuje kierunek, orientacj\u0119 i poszukiwanie drogi \u017cyciowej. Mo\u017ce oznacza\u0107 podr\u00f3\u017ce, zar\u00f3wno fizyczne, jak i duchowe, oraz pragnienie znalezienia w\u0142asnej drogi w \u017cyciu. Kompas jest tak\u017ce symbolem decyzji, prowadzenia i wewn\u0119trznej si\u0142y, pomagaj\u0105cej w przezwyci\u0119\u017caniu trudno\u015bci. Cz\u0119sto wybierany przez osoby, kt\u00f3re chc\u0105 przypomnie\u0107 sobie o swojej niezale\u017cno\u015bci i celu.<\/p>\n","protected":false},"featured_media":2730,"template":"","meta":{"_monsterinsights_skip_tracking":false,"_monsterinsights_sitenote_active":false,"_monsterinsights_sitenote_note":"","_monsterinsights_sitenote_category":0,"_kadence_starter_templates_imported_post":false,"_kad_post_transparent":"default","_kad_post_title":"","_kad_post_layout":"default","_kad_post_sidebar_id":"","_kad_post_content_style":"default","_kad_post_vertical_padding":"default","_kad_post_feature":"","_kad_post_feature_position":"","_kad_post_header":false,"_kad_post_footer":false,"_kad_post_classname":""},"product_brand":[],"product_cat":[51,16],"product_tag":[],"class_list":{"0":"post-2639","1":"product","2":"type-product","3":"status-publish","4":"has-post-thumbnail","6":"product_cat-male","7":"product_cat-wszystko","9":"first","10":"instock","11":"taxable","12":"shipping-taxable","13":"purchasable","14":"product-type-simple","15":"entry","16":"content-bg","17":"loop-entry"},"jetpack_sharing_enabled":true,"_links":{"self":[{"href":"https:\/\/herbaltattoo.eu\/pl\/wp-json\/wp\/v2\/product\/2639","targetHints":{"allow":["GET"]}}],"collection":[{"href":"https:\/\/herbaltattoo.eu\/pl\/wp-json\/wp\/v2\/product"}],"about":[{"href":"https:\/\/herbaltattoo.eu\/pl\/wp-json\/wp\/v2\/types\/product"}],"wp:featuredmedia":[{"embeddable":true,"href":"https:\/\/herbaltattoo.eu\/pl\/wp-json\/wp\/v2\/media\/2730"}],"wp:attachment":[{"href":"https:\/\/herbaltattoo.eu\/pl\/wp-json\/wp\/v2\/media?parent=2639"}],"wp:term":[{"taxonomy":"product_brand","embeddable":true,"href":"https:\/\/herbaltattoo.eu\/pl\/wp-json\/wp\/v2\/product_brand?post=2639"},{"taxonomy":"product_cat","embeddable":true,"href":"https:\/\/herbaltattoo.eu\/pl\/wp-json\/wp\/v2\/product_cat?post=2639"},{"taxonomy":"product_tag","embeddable":true,"href":"https:\/\/herbaltattoo.eu\/pl\/wp-json\/wp\/v2\/product_tag?post=2639"}],"curies":[{"name":"wp","href":"https:\/\/api.w.org\/{rel}","templated":true}]}}