{"id":2635,"date":"2025-02-16T16:59:52","date_gmt":"2025-02-16T15:59:52","guid":{"rendered":"https:\/?post_type=product&#038;p=2635"},"modified":"2026-02-25T12:53:17","modified_gmt":"2026-02-25T11:53:17","slug":"ksiezyc-2","status":"publish","type":"product","link":"https:\/\/herbaltattoo.eu\/pl\/produkt\/ksiezyc-2\/","title":{"rendered":"Ksi\u0119\u017cyc"},"content":{"rendered":"<p>Tatua\u017c z ksi\u0119\u017cycem w nowiu symbolizuje nowe pocz\u0105tki, potencja\u0142 i mo\u017cliwo\u015b\u0107 rozpocz\u0119cia czego\u015b od nowa. N\u00f3w to faza, w kt\u00f3rej ksi\u0119\u017cyc jest niewidoczny, co mo\u017ce symbolizowa\u0107 okres introspekcji, refleksji oraz przygotowa\u0144 do przysz\u0142ych zmian. Taki tatua\u017c mo\u017ce oznacza\u0107 gotowo\u015b\u0107 na nowe wyzwania, duchowe odrodzenie lub ch\u0119\u0107 wykreowania nowego rozdzia\u0142u w \u017cyciu. Jest to symbol nadziei i nieograniczonych mo\u017cliwo\u015bci.<\/p>\n","protected":false},"excerpt":{"rendered":"<p>Tatua\u017c z ksi\u0119\u017cycem w nowiu symbolizuje nowe pocz\u0105tki, potencja\u0142 i mo\u017cliwo\u015b\u0107 rozpocz\u0119cia czego\u015b od nowa. N\u00f3w to faza, w kt\u00f3rej ksi\u0119\u017cyc jest niewidoczny, co mo\u017ce symbolizowa\u0107 okres introspekcji, refleksji oraz przygotowa\u0144 do przysz\u0142ych zmian. Taki tatua\u017c mo\u017ce oznacza\u0107 gotowo\u015b\u0107 na nowe wyzwania, duchowe odrodzenie lub ch\u0119\u0107 wykreowania nowego rozdzia\u0142u w \u017cyciu. Jest to symbol nadziei&#8230;<\/p>\n","protected":false},"featured_media":2728,"template":"","meta":{"_monsterinsights_skip_tracking":false,"_monsterinsights_sitenote_active":false,"_monsterinsights_sitenote_note":"","_monsterinsights_sitenote_category":0,"_kadence_starter_templates_imported_post":false,"_kad_post_transparent":"default","_kad_post_title":"","_kad_post_layout":"default","_kad_post_sidebar_id":"","_kad_post_content_style":"default","_kad_post_vertical_padding":"default","_kad_post_feature":"","_kad_post_feature_position":"","_kad_post_header":false,"_kad_post_footer":false,"_kad_post_classname":""},"product_brand":[],"product_cat":[51,16],"product_tag":[],"class_list":{"0":"post-2635","1":"product","2":"type-product","3":"status-publish","4":"has-post-thumbnail","6":"product_cat-male","7":"product_cat-wszystko","9":"first","10":"instock","11":"taxable","12":"shipping-taxable","13":"purchasable","14":"product-type-simple","15":"entry","16":"content-bg","17":"loop-entry"},"jetpack_sharing_enabled":true,"_links":{"self":[{"href":"https:\/\/herbaltattoo.eu\/pl\/wp-json\/wp\/v2\/product\/2635","targetHints":{"allow":["GET"]}}],"collection":[{"href":"https:\/\/herbaltattoo.eu\/pl\/wp-json\/wp\/v2\/product"}],"about":[{"href":"https:\/\/herbaltattoo.eu\/pl\/wp-json\/wp\/v2\/types\/product"}],"wp:featuredmedia":[{"embeddable":true,"href":"https:\/\/herbaltattoo.eu\/pl\/wp-json\/wp\/v2\/media\/2728"}],"wp:attachment":[{"href":"https:\/\/herbaltattoo.eu\/pl\/wp-json\/wp\/v2\/media?parent=2635"}],"wp:term":[{"taxonomy":"product_brand","embeddable":true,"href":"https:\/\/herbaltattoo.eu\/pl\/wp-json\/wp\/v2\/product_brand?post=2635"},{"taxonomy":"product_cat","embeddable":true,"href":"https:\/\/herbaltattoo.eu\/pl\/wp-json\/wp\/v2\/product_cat?post=2635"},{"taxonomy":"product_tag","embeddable":true,"href":"https:\/\/herbaltattoo.eu\/pl\/wp-json\/wp\/v2\/product_tag?post=2635"}],"curies":[{"name":"wp","href":"https:\/\/api.w.org\/{rel}","templated":true}]}}