{"id":2631,"date":"2025-02-16T16:57:30","date_gmt":"2025-02-16T15:57:30","guid":{"rendered":"https:\/?post_type=product&#038;p=2631"},"modified":"2026-02-25T12:53:17","modified_gmt":"2026-02-25T11:53:17","slug":"oko-horusa","status":"publish","type":"product","link":"https:\/\/herbaltattoo.eu\/pl\/produkt\/oko-horusa\/","title":{"rendered":"Oko Horusa"},"content":{"rendered":"<p>Tatua\u017c z Okiem Horusa symbolizuje ochron\u0119, m\u0105dro\u015b\u0107 i duchow\u0105 si\u0142\u0119. W staro\u017cytnym Egipcie Oko Horusa by\u0142o amuletem, kt\u00f3ry mia\u0142 chroni\u0107 przed z\u0142em i przynosi\u0107 zdrowie oraz powodzenie. Reprezentuje r\u00f3wnie\u017c r\u00f3wnowag\u0119, harmoni\u0119 i wewn\u0119trzn\u0105 percepcj\u0119. Taki tatua\u017c mo\u017ce oznacza\u0107 ochron\u0119 przed negatywnymi wp\u0142ywami, a tak\u017ce przypomnienie o duchowej \u015bwiadomo\u015bci i zrozumieniu.<\/p>\n","protected":false},"excerpt":{"rendered":"<p>Tatua\u017c z Okiem Horusa symbolizuje ochron\u0119, m\u0105dro\u015b\u0107 i duchow\u0105 si\u0142\u0119. W staro\u017cytnym Egipcie Oko Horusa by\u0142o amuletem, kt\u00f3ry mia\u0142 chroni\u0107 przed z\u0142em i przynosi\u0107 zdrowie oraz powodzenie. Reprezentuje r\u00f3wnie\u017c r\u00f3wnowag\u0119, harmoni\u0119 i wewn\u0119trzn\u0105 percepcj\u0119. Taki tatua\u017c mo\u017ce oznacza\u0107 ochron\u0119 przed negatywnymi wp\u0142ywami, a tak\u017ce przypomnienie o duchowej \u015bwiadomo\u015bci i zrozumieniu.<\/p>\n","protected":false},"featured_media":2725,"template":"","meta":{"_monsterinsights_skip_tracking":false,"_monsterinsights_sitenote_active":false,"_monsterinsights_sitenote_note":"","_monsterinsights_sitenote_category":0,"_kadence_starter_templates_imported_post":false,"_kad_post_transparent":"default","_kad_post_title":"","_kad_post_layout":"default","_kad_post_sidebar_id":"","_kad_post_content_style":"default","_kad_post_vertical_padding":"default","_kad_post_feature":"","_kad_post_feature_position":"","_kad_post_header":false,"_kad_post_footer":false,"_kad_post_classname":""},"product_brand":[],"product_cat":[51,16],"product_tag":[],"class_list":{"0":"post-2631","1":"product","2":"type-product","3":"status-publish","4":"has-post-thumbnail","6":"product_cat-male","7":"product_cat-wszystko","9":"first","10":"instock","11":"taxable","12":"shipping-taxable","13":"purchasable","14":"product-type-simple","15":"entry","16":"content-bg","17":"loop-entry"},"jetpack_sharing_enabled":true,"_links":{"self":[{"href":"https:\/\/herbaltattoo.eu\/pl\/wp-json\/wp\/v2\/product\/2631","targetHints":{"allow":["GET"]}}],"collection":[{"href":"https:\/\/herbaltattoo.eu\/pl\/wp-json\/wp\/v2\/product"}],"about":[{"href":"https:\/\/herbaltattoo.eu\/pl\/wp-json\/wp\/v2\/types\/product"}],"wp:featuredmedia":[{"embeddable":true,"href":"https:\/\/herbaltattoo.eu\/pl\/wp-json\/wp\/v2\/media\/2725"}],"wp:attachment":[{"href":"https:\/\/herbaltattoo.eu\/pl\/wp-json\/wp\/v2\/media?parent=2631"}],"wp:term":[{"taxonomy":"product_brand","embeddable":true,"href":"https:\/\/herbaltattoo.eu\/pl\/wp-json\/wp\/v2\/product_brand?post=2631"},{"taxonomy":"product_cat","embeddable":true,"href":"https:\/\/herbaltattoo.eu\/pl\/wp-json\/wp\/v2\/product_cat?post=2631"},{"taxonomy":"product_tag","embeddable":true,"href":"https:\/\/herbaltattoo.eu\/pl\/wp-json\/wp\/v2\/product_tag?post=2631"}],"curies":[{"name":"wp","href":"https:\/\/api.w.org\/{rel}","templated":true}]}}