{"id":2629,"date":"2025-02-16T16:56:44","date_gmt":"2025-02-16T15:56:44","guid":{"rendered":"https:\/?post_type=product&#038;p=2629"},"modified":"2026-02-25T12:53:18","modified_gmt":"2026-02-25T11:53:18","slug":"serce-4","status":"publish","type":"product","link":"https:\/\/herbaltattoo.eu\/pl\/produkt\/serce-4\/","title":{"rendered":"Serce"},"content":{"rendered":"<p>Tatua\u017c z sercem symbolizuje mi\u0142o\u015b\u0107, pasj\u0119, emocje i wi\u0119zi mi\u0119dzyludzkie. Mo\u017ce oznacza\u0107 zar\u00f3wno romantyczne uczucia, jak i mi\u0142o\u015b\u0107 do rodziny, przyjaci\u00f3\u0142 czy samego siebie. Serce jest r\u00f3wnie\u017c symbolem si\u0142y i odwagi, cz\u0119sto kojarzone z emocjonalnym centrum cz\u0142owieka.<\/p>\n","protected":false},"excerpt":{"rendered":"<p>Tatua\u017c z sercem symbolizuje mi\u0142o\u015b\u0107, pasj\u0119, emocje i wi\u0119zi mi\u0119dzyludzkie. Mo\u017ce oznacza\u0107 zar\u00f3wno romantyczne uczucia, jak i mi\u0142o\u015b\u0107 do rodziny, przyjaci\u00f3\u0142 czy samego siebie. Serce jest r\u00f3wnie\u017c symbolem si\u0142y i odwagi, cz\u0119sto kojarzone z emocjonalnym centrum cz\u0142owieka.<\/p>\n","protected":false},"featured_media":2724,"template":"","meta":{"_monsterinsights_skip_tracking":false,"_monsterinsights_sitenote_active":false,"_monsterinsights_sitenote_note":"","_monsterinsights_sitenote_category":0,"_kadence_starter_templates_imported_post":false,"_kad_post_transparent":"default","_kad_post_title":"","_kad_post_layout":"default","_kad_post_sidebar_id":"","_kad_post_content_style":"default","_kad_post_vertical_padding":"default","_kad_post_feature":"","_kad_post_feature_position":"","_kad_post_header":false,"_kad_post_footer":false,"_kad_post_classname":""},"product_brand":[],"product_cat":[51,16],"product_tag":[],"class_list":{"0":"post-2629","1":"product","2":"type-product","3":"status-publish","4":"has-post-thumbnail","6":"product_cat-male","7":"product_cat-wszystko","9":"first","10":"instock","11":"taxable","12":"shipping-taxable","13":"purchasable","14":"product-type-simple","15":"entry","16":"content-bg","17":"loop-entry"},"jetpack_sharing_enabled":true,"_links":{"self":[{"href":"https:\/\/herbaltattoo.eu\/pl\/wp-json\/wp\/v2\/product\/2629","targetHints":{"allow":["GET"]}}],"collection":[{"href":"https:\/\/herbaltattoo.eu\/pl\/wp-json\/wp\/v2\/product"}],"about":[{"href":"https:\/\/herbaltattoo.eu\/pl\/wp-json\/wp\/v2\/types\/product"}],"wp:featuredmedia":[{"embeddable":true,"href":"https:\/\/herbaltattoo.eu\/pl\/wp-json\/wp\/v2\/media\/2724"}],"wp:attachment":[{"href":"https:\/\/herbaltattoo.eu\/pl\/wp-json\/wp\/v2\/media?parent=2629"}],"wp:term":[{"taxonomy":"product_brand","embeddable":true,"href":"https:\/\/herbaltattoo.eu\/pl\/wp-json\/wp\/v2\/product_brand?post=2629"},{"taxonomy":"product_cat","embeddable":true,"href":"https:\/\/herbaltattoo.eu\/pl\/wp-json\/wp\/v2\/product_cat?post=2629"},{"taxonomy":"product_tag","embeddable":true,"href":"https:\/\/herbaltattoo.eu\/pl\/wp-json\/wp\/v2\/product_tag?post=2629"}],"curies":[{"name":"wp","href":"https:\/\/api.w.org\/{rel}","templated":true}]}}