{"id":2621,"date":"2025-02-16T16:54:36","date_gmt":"2025-02-16T15:54:36","guid":{"rendered":"https:\/?post_type=product&#038;p=2621"},"modified":"2026-02-25T12:53:18","modified_gmt":"2026-02-25T11:53:18","slug":"golab","status":"publish","type":"product","link":"https:\/\/herbaltattoo.eu\/pl\/produkt\/golab\/","title":{"rendered":"Go\u0142\u0105b"},"content":{"rendered":"<p>Tatua\u017c z go\u0142\u0119biem symbolizuje pok\u00f3j, mi\u0142o\u015b\u0107 i harmoni\u0119. Go\u0142\u0105b jest cz\u0119sto uwa\u017cany za symbol czysto\u015bci, wolno\u015bci oraz duchowego po\u0142\u0105czenia. W wielu kulturach go\u0142\u0105b jest r\u00f3wnie\u017c symbolem nadziei i odrodzenia. Taki tatua\u017c mo\u017ce oznacza\u0107 pragnienie spokoju, zar\u00f3wno w \u017cyciu osobistym, jak i na \u015bwiecie. Wz\u00f3r z go\u0142\u0119biem jest cz\u0119sto wybierany przez osoby, kt\u00f3re ceni\u0105 warto\u015bci takie jak mi\u0142o\u015b\u0107, harmonia i jedno\u015b\u0107.<\/p>\n","protected":false},"excerpt":{"rendered":"<p>Tatua\u017c z go\u0142\u0119biem symbolizuje pok\u00f3j, mi\u0142o\u015b\u0107 i harmoni\u0119. Go\u0142\u0105b jest cz\u0119sto uwa\u017cany za symbol czysto\u015bci, wolno\u015bci oraz duchowego po\u0142\u0105czenia. W wielu kulturach go\u0142\u0105b jest r\u00f3wnie\u017c symbolem nadziei i odrodzenia. Taki tatua\u017c mo\u017ce oznacza\u0107 pragnienie spokoju, zar\u00f3wno w \u017cyciu osobistym, jak i na \u015bwiecie. Wz\u00f3r z go\u0142\u0119biem jest cz\u0119sto wybierany przez osoby, kt\u00f3re ceni\u0105 warto\u015bci takie&#8230;<\/p>\n","protected":false},"featured_media":2719,"template":"","meta":{"_monsterinsights_skip_tracking":false,"_monsterinsights_sitenote_active":false,"_monsterinsights_sitenote_note":"","_monsterinsights_sitenote_category":0,"_kadence_starter_templates_imported_post":false,"_kad_post_transparent":"default","_kad_post_title":"","_kad_post_layout":"default","_kad_post_sidebar_id":"","_kad_post_content_style":"default","_kad_post_vertical_padding":"default","_kad_post_feature":"","_kad_post_feature_position":"","_kad_post_header":false,"_kad_post_footer":false,"_kad_post_classname":""},"product_brand":[],"product_cat":[51,16],"product_tag":[],"class_list":{"0":"post-2621","1":"product","2":"type-product","3":"status-publish","4":"has-post-thumbnail","6":"product_cat-male","7":"product_cat-wszystko","9":"first","10":"instock","11":"taxable","12":"shipping-taxable","13":"purchasable","14":"product-type-simple","15":"entry","16":"content-bg","17":"loop-entry"},"jetpack_sharing_enabled":true,"_links":{"self":[{"href":"https:\/\/herbaltattoo.eu\/pl\/wp-json\/wp\/v2\/product\/2621","targetHints":{"allow":["GET"]}}],"collection":[{"href":"https:\/\/herbaltattoo.eu\/pl\/wp-json\/wp\/v2\/product"}],"about":[{"href":"https:\/\/herbaltattoo.eu\/pl\/wp-json\/wp\/v2\/types\/product"}],"wp:featuredmedia":[{"embeddable":true,"href":"https:\/\/herbaltattoo.eu\/pl\/wp-json\/wp\/v2\/media\/2719"}],"wp:attachment":[{"href":"https:\/\/herbaltattoo.eu\/pl\/wp-json\/wp\/v2\/media?parent=2621"}],"wp:term":[{"taxonomy":"product_brand","embeddable":true,"href":"https:\/\/herbaltattoo.eu\/pl\/wp-json\/wp\/v2\/product_brand?post=2621"},{"taxonomy":"product_cat","embeddable":true,"href":"https:\/\/herbaltattoo.eu\/pl\/wp-json\/wp\/v2\/product_cat?post=2621"},{"taxonomy":"product_tag","embeddable":true,"href":"https:\/\/herbaltattoo.eu\/pl\/wp-json\/wp\/v2\/product_tag?post=2621"}],"curies":[{"name":"wp","href":"https:\/\/api.w.org\/{rel}","templated":true}]}}