{"id":2617,"date":"2025-02-16T16:52:21","date_gmt":"2025-02-16T15:52:21","guid":{"rendered":"https:\/?post_type=product&#038;p=2617"},"modified":"2026-02-25T12:53:18","modified_gmt":"2026-02-25T11:53:18","slug":"waz-2","status":"publish","type":"product","link":"https:\/\/herbaltattoo.eu\/pl\/produkt\/waz-2\/","title":{"rendered":"W\u0105\u017c"},"content":{"rendered":"<p>Tatua\u017c z w\u0119\u017cem symbolizuje transformacj\u0119, regeneracj\u0119 i ukryt\u0105 moc. W\u0105\u017c jest cz\u0119sto kojarzony z cyklem \u017cycia, odrodzeniem oraz zmianami, poniewa\u017c zrzuca sk\u00f3r\u0119, co symbolizuje oczyszczenie i nowy pocz\u0105tek. Mo\u017ce tak\u017ce reprezentowa\u0107 m\u0105dro\u015b\u0107, tajemniczo\u015b\u0107 i si\u0142\u0119, a w wielu kulturach w\u0105\u017c jest symbolem ochrony lub uzdrowienia. Wz\u00f3r w\u0119\u017ca jest r\u00f3wnie\u017c cz\u0119sto zwi\u0105zany z r\u00f3wnowag\u0105, dualizmem (np. symbolizuj\u0105c zar\u00f3wno dobro, jak i z\u0142o) oraz niebezpiecze\u0144stwem, kt\u00f3re mo\u017ce by\u0107 r\u00f3wnie\u017c uznawane za cz\u0119\u015b\u0107 procesu rozwoju.<\/p>\n","protected":false},"excerpt":{"rendered":"<p>Tatua\u017c z w\u0119\u017cem symbolizuje transformacj\u0119, regeneracj\u0119 i ukryt\u0105 moc. W\u0105\u017c jest cz\u0119sto kojarzony z cyklem \u017cycia, odrodzeniem oraz zmianami, poniewa\u017c zrzuca sk\u00f3r\u0119, co symbolizuje oczyszczenie i nowy pocz\u0105tek. Mo\u017ce tak\u017ce reprezentowa\u0107 m\u0105dro\u015b\u0107, tajemniczo\u015b\u0107 i si\u0142\u0119, a w wielu kulturach w\u0105\u017c jest symbolem ochrony lub uzdrowienia. Wz\u00f3r w\u0119\u017ca jest r\u00f3wnie\u017c cz\u0119sto zwi\u0105zany z r\u00f3wnowag\u0105, dualizmem (np&#8230;.<\/p>\n","protected":false},"featured_media":2749,"template":"","meta":{"_monsterinsights_skip_tracking":false,"_monsterinsights_sitenote_active":false,"_monsterinsights_sitenote_note":"","_monsterinsights_sitenote_category":0,"_kadence_starter_templates_imported_post":false,"_kad_post_transparent":"default","_kad_post_title":"","_kad_post_layout":"default","_kad_post_sidebar_id":"","_kad_post_content_style":"default","_kad_post_vertical_padding":"default","_kad_post_feature":"","_kad_post_feature_position":"","_kad_post_header":false,"_kad_post_footer":false,"_kad_post_classname":""},"product_brand":[],"product_cat":[51,16],"product_tag":[],"class_list":{"0":"post-2617","1":"product","2":"type-product","3":"status-publish","4":"has-post-thumbnail","6":"product_cat-male","7":"product_cat-wszystko","9":"first","10":"instock","11":"taxable","12":"shipping-taxable","13":"purchasable","14":"product-type-simple","15":"entry","16":"content-bg","17":"loop-entry"},"jetpack_sharing_enabled":true,"_links":{"self":[{"href":"https:\/\/herbaltattoo.eu\/pl\/wp-json\/wp\/v2\/product\/2617","targetHints":{"allow":["GET"]}}],"collection":[{"href":"https:\/\/herbaltattoo.eu\/pl\/wp-json\/wp\/v2\/product"}],"about":[{"href":"https:\/\/herbaltattoo.eu\/pl\/wp-json\/wp\/v2\/types\/product"}],"wp:featuredmedia":[{"embeddable":true,"href":"https:\/\/herbaltattoo.eu\/pl\/wp-json\/wp\/v2\/media\/2749"}],"wp:attachment":[{"href":"https:\/\/herbaltattoo.eu\/pl\/wp-json\/wp\/v2\/media?parent=2617"}],"wp:term":[{"taxonomy":"product_brand","embeddable":true,"href":"https:\/\/herbaltattoo.eu\/pl\/wp-json\/wp\/v2\/product_brand?post=2617"},{"taxonomy":"product_cat","embeddable":true,"href":"https:\/\/herbaltattoo.eu\/pl\/wp-json\/wp\/v2\/product_cat?post=2617"},{"taxonomy":"product_tag","embeddable":true,"href":"https:\/\/herbaltattoo.eu\/pl\/wp-json\/wp\/v2\/product_tag?post=2617"}],"curies":[{"name":"wp","href":"https:\/\/api.w.org\/{rel}","templated":true}]}}