{"id":2613,"date":"2025-02-16T16:50:58","date_gmt":"2025-02-16T15:50:58","guid":{"rendered":"https:\/?post_type=product&#038;p=2613"},"modified":"2026-02-25T12:53:19","modified_gmt":"2026-02-25T11:53:19","slug":"serce-2","status":"publish","type":"product","link":"https:\/\/herbaltattoo.eu\/pl\/produkt\/serce-2\/","title":{"rendered":"Serce"},"content":{"rendered":"<p>Tatua\u017c serce w p\u0142omieniach symbolizuje intensywn\u0105 mi\u0142o\u015b\u0107, pasj\u0119 i nami\u0119tno\u015b\u0107. Mo\u017ce r\u00f3wnie\u017c oznacza\u0107 po\u015bwi\u0119cenie, transformacj\u0119 lub b\u00f3l emocjonalny. Cz\u0119sto kojarzony z silnymi uczuciami, kt\u00f3re p\u0142on\u0105 niezale\u017cnie od okoliczno\u015bci.<\/p>\n","protected":false},"excerpt":{"rendered":"<p>Tatua\u017c serce w p\u0142omieniach symbolizuje intensywn\u0105 mi\u0142o\u015b\u0107, pasj\u0119 i nami\u0119tno\u015b\u0107. Mo\u017ce r\u00f3wnie\u017c oznacza\u0107 po\u015bwi\u0119cenie, transformacj\u0119 lub b\u00f3l emocjonalny. Cz\u0119sto kojarzony z silnymi uczuciami, kt\u00f3re p\u0142on\u0105 niezale\u017cnie od okoliczno\u015bci.<\/p>\n","protected":false},"featured_media":2714,"template":"","meta":{"_monsterinsights_skip_tracking":false,"_monsterinsights_sitenote_active":false,"_monsterinsights_sitenote_note":"","_monsterinsights_sitenote_category":0,"_kadence_starter_templates_imported_post":false,"_kad_post_transparent":"default","_kad_post_title":"","_kad_post_layout":"default","_kad_post_sidebar_id":"","_kad_post_content_style":"default","_kad_post_vertical_padding":"default","_kad_post_feature":"","_kad_post_feature_position":"","_kad_post_header":false,"_kad_post_footer":false,"_kad_post_classname":""},"product_brand":[],"product_cat":[51,16],"product_tag":[],"class_list":{"0":"post-2613","1":"product","2":"type-product","3":"status-publish","4":"has-post-thumbnail","6":"product_cat-male","7":"product_cat-wszystko","9":"first","10":"instock","11":"taxable","12":"shipping-taxable","13":"purchasable","14":"product-type-simple","15":"entry","16":"content-bg","17":"loop-entry"},"jetpack_sharing_enabled":true,"_links":{"self":[{"href":"https:\/\/herbaltattoo.eu\/pl\/wp-json\/wp\/v2\/product\/2613","targetHints":{"allow":["GET"]}}],"collection":[{"href":"https:\/\/herbaltattoo.eu\/pl\/wp-json\/wp\/v2\/product"}],"about":[{"href":"https:\/\/herbaltattoo.eu\/pl\/wp-json\/wp\/v2\/types\/product"}],"wp:featuredmedia":[{"embeddable":true,"href":"https:\/\/herbaltattoo.eu\/pl\/wp-json\/wp\/v2\/media\/2714"}],"wp:attachment":[{"href":"https:\/\/herbaltattoo.eu\/pl\/wp-json\/wp\/v2\/media?parent=2613"}],"wp:term":[{"taxonomy":"product_brand","embeddable":true,"href":"https:\/\/herbaltattoo.eu\/pl\/wp-json\/wp\/v2\/product_brand?post=2613"},{"taxonomy":"product_cat","embeddable":true,"href":"https:\/\/herbaltattoo.eu\/pl\/wp-json\/wp\/v2\/product_cat?post=2613"},{"taxonomy":"product_tag","embeddable":true,"href":"https:\/\/herbaltattoo.eu\/pl\/wp-json\/wp\/v2\/product_tag?post=2613"}],"curies":[{"name":"wp","href":"https:\/\/api.w.org\/{rel}","templated":true}]}}