{"id":2611,"date":"2025-02-16T16:50:28","date_gmt":"2025-02-16T15:50:28","guid":{"rendered":"https:\/?post_type=product&#038;p=2611"},"modified":"2026-02-25T12:54:02","modified_gmt":"2026-02-25T11:54:02","slug":"ananas","status":"publish","type":"product","link":"https:\/\/herbaltattoo.eu\/pl\/produkt\/ananas\/","title":{"rendered":"Ananas"},"content":{"rendered":"<p>Tatua\u017c z ananasem symbolizuje go\u015bcinno\u015b\u0107, ciep\u0142o, przyja\u017a\u0144 i pozytywne nastawienie do \u017cycia. Mo\u017ce tak\u017ce oznacza\u0107 wyj\u0105tkowo\u015b\u0107, pewno\u015b\u0107 siebie oraz rado\u015b\u0107 z ma\u0142ych przyjemno\u015bci. Cz\u0119sto wybierany przez osoby o pogodnym, otwartym usposobieniu.<\/p>\n","protected":false},"excerpt":{"rendered":"<p>Tatua\u017c z ananasem symbolizuje go\u015bcinno\u015b\u0107, ciep\u0142o, przyja\u017a\u0144 i pozytywne nastawienie do \u017cycia. Mo\u017ce tak\u017ce oznacza\u0107 wyj\u0105tkowo\u015b\u0107, pewno\u015b\u0107 siebie oraz rado\u015b\u0107 z ma\u0142ych przyjemno\u015bci. Cz\u0119sto wybierany przez osoby o pogodnym, otwartym usposobieniu.<\/p>\n","protected":false},"featured_media":2713,"template":"","meta":{"_monsterinsights_skip_tracking":false,"_monsterinsights_sitenote_active":false,"_monsterinsights_sitenote_note":"","_monsterinsights_sitenote_category":0,"_kadence_starter_templates_imported_post":false,"_kad_post_transparent":"default","_kad_post_title":"","_kad_post_layout":"default","_kad_post_sidebar_id":"","_kad_post_content_style":"default","_kad_post_vertical_padding":"default","_kad_post_feature":"","_kad_post_feature_position":"","_kad_post_header":false,"_kad_post_footer":false,"_kad_post_classname":""},"product_brand":[],"product_cat":[51,16],"product_tag":[],"class_list":{"0":"post-2611","1":"product","2":"type-product","3":"status-publish","4":"has-post-thumbnail","6":"product_cat-male","7":"product_cat-wszystko","9":"first","10":"outofstock","11":"taxable","12":"shipping-taxable","13":"purchasable","14":"product-type-simple","15":"entry","16":"content-bg","17":"loop-entry"},"jetpack_sharing_enabled":true,"_links":{"self":[{"href":"https:\/\/herbaltattoo.eu\/pl\/wp-json\/wp\/v2\/product\/2611","targetHints":{"allow":["GET"]}}],"collection":[{"href":"https:\/\/herbaltattoo.eu\/pl\/wp-json\/wp\/v2\/product"}],"about":[{"href":"https:\/\/herbaltattoo.eu\/pl\/wp-json\/wp\/v2\/types\/product"}],"wp:featuredmedia":[{"embeddable":true,"href":"https:\/\/herbaltattoo.eu\/pl\/wp-json\/wp\/v2\/media\/2713"}],"wp:attachment":[{"href":"https:\/\/herbaltattoo.eu\/pl\/wp-json\/wp\/v2\/media?parent=2611"}],"wp:term":[{"taxonomy":"product_brand","embeddable":true,"href":"https:\/\/herbaltattoo.eu\/pl\/wp-json\/wp\/v2\/product_brand?post=2611"},{"taxonomy":"product_cat","embeddable":true,"href":"https:\/\/herbaltattoo.eu\/pl\/wp-json\/wp\/v2\/product_cat?post=2611"},{"taxonomy":"product_tag","embeddable":true,"href":"https:\/\/herbaltattoo.eu\/pl\/wp-json\/wp\/v2\/product_tag?post=2611"}],"curies":[{"name":"wp","href":"https:\/\/api.w.org\/{rel}","templated":true}]}}