{"id":2609,"date":"2025-02-16T16:49:59","date_gmt":"2025-02-16T15:49:59","guid":{"rendered":"https:\/?post_type=product&#038;p=2609"},"modified":"2026-02-25T12:54:02","modified_gmt":"2026-02-25T11:54:02","slug":"nieskonczonosc-2","status":"publish","type":"product","link":"https:\/\/herbaltattoo.eu\/pl\/produkt\/nieskonczonosc-2\/","title":{"rendered":"Niesko\u0144czono\u015b\u0107"},"content":{"rendered":"<p>Tatua\u017c z niesko\u0144czono\u015bci\u0105 i napisem &#8222;love&#8221; symbolizuje wieczn\u0105 mi\u0142o\u015b\u0107, trwa\u0142e uczucia i nierozerwaln\u0105 wi\u0119\u017a. Mo\u017ce odnosi\u0107 si\u0119 do mi\u0142o\u015bci romantycznej, rodzinnej lub do samego siebie. To popularny wz\u00f3r wyra\u017caj\u0105cy ponadczasowe emocje i przywi\u0105zanie.<\/p>\n","protected":false},"excerpt":{"rendered":"<p>Tatua\u017c z niesko\u0144czono\u015bci\u0105 i napisem &#8222;love&#8221; symbolizuje wieczn\u0105 mi\u0142o\u015b\u0107, trwa\u0142e uczucia i nierozerwaln\u0105 wi\u0119\u017a. Mo\u017ce odnosi\u0107 si\u0119 do mi\u0142o\u015bci romantycznej, rodzinnej lub do samego siebie. To popularny wz\u00f3r wyra\u017caj\u0105cy ponadczasowe emocje i przywi\u0105zanie.<\/p>\n","protected":false},"featured_media":2712,"template":"","meta":{"_monsterinsights_skip_tracking":false,"_monsterinsights_sitenote_active":false,"_monsterinsights_sitenote_note":"","_monsterinsights_sitenote_category":0,"_kadence_starter_templates_imported_post":false,"_kad_post_transparent":"default","_kad_post_title":"","_kad_post_layout":"default","_kad_post_sidebar_id":"","_kad_post_content_style":"default","_kad_post_vertical_padding":"default","_kad_post_feature":"","_kad_post_feature_position":"","_kad_post_header":false,"_kad_post_footer":false,"_kad_post_classname":""},"product_brand":[],"product_cat":[51,16],"product_tag":[],"class_list":{"0":"post-2609","1":"product","2":"type-product","3":"status-publish","4":"has-post-thumbnail","6":"product_cat-male","7":"product_cat-wszystko","9":"first","10":"instock","11":"taxable","12":"shipping-taxable","13":"purchasable","14":"product-type-simple","15":"entry","16":"content-bg","17":"loop-entry"},"jetpack_sharing_enabled":true,"_links":{"self":[{"href":"https:\/\/herbaltattoo.eu\/pl\/wp-json\/wp\/v2\/product\/2609","targetHints":{"allow":["GET"]}}],"collection":[{"href":"https:\/\/herbaltattoo.eu\/pl\/wp-json\/wp\/v2\/product"}],"about":[{"href":"https:\/\/herbaltattoo.eu\/pl\/wp-json\/wp\/v2\/types\/product"}],"wp:featuredmedia":[{"embeddable":true,"href":"https:\/\/herbaltattoo.eu\/pl\/wp-json\/wp\/v2\/media\/2712"}],"wp:attachment":[{"href":"https:\/\/herbaltattoo.eu\/pl\/wp-json\/wp\/v2\/media?parent=2609"}],"wp:term":[{"taxonomy":"product_brand","embeddable":true,"href":"https:\/\/herbaltattoo.eu\/pl\/wp-json\/wp\/v2\/product_brand?post=2609"},{"taxonomy":"product_cat","embeddable":true,"href":"https:\/\/herbaltattoo.eu\/pl\/wp-json\/wp\/v2\/product_cat?post=2609"},{"taxonomy":"product_tag","embeddable":true,"href":"https:\/\/herbaltattoo.eu\/pl\/wp-json\/wp\/v2\/product_tag?post=2609"}],"curies":[{"name":"wp","href":"https:\/\/api.w.org\/{rel}","templated":true}]}}