{"id":2603,"date":"2025-02-16T16:47:56","date_gmt":"2025-02-16T15:47:56","guid":{"rendered":"https:\/?post_type=product&#038;p=2603"},"modified":"2026-02-25T12:54:02","modified_gmt":"2026-02-25T11:54:02","slug":"serce","status":"publish","type":"product","link":"https:\/\/herbaltattoo.eu\/pl\/produkt\/serce\/","title":{"rendered":"Serce"},"content":{"rendered":"<p>Tatua\u017c z sercem, anio\u0142em i diab\u0142em symbolizuje wewn\u0119trzn\u0105 walk\u0119 mi\u0119dzy dobrem a z\u0142em, nami\u0119tno\u015bci\u0105 a cnot\u0105, rozs\u0105dkiem a pokus\u0105. Mo\u017ce przedstawia\u0107 r\u00f3wnowag\u0119 mi\u0119dzy tymi si\u0142ami lub osobiste zmagania z decyzjami i emocjami. Cz\u0119sto wybierany przez osoby, kt\u00f3re chc\u0105 podkre\u015bli\u0107 swoj\u0105 dwoist\u0105 natur\u0119 lub \u017cycie pe\u0142ne kontrast\u00f3w.<\/p>\n","protected":false},"excerpt":{"rendered":"<p>Tatua\u017c z sercem, anio\u0142em i diab\u0142em symbolizuje wewn\u0119trzn\u0105 walk\u0119 mi\u0119dzy dobrem a z\u0142em, nami\u0119tno\u015bci\u0105 a cnot\u0105, rozs\u0105dkiem a pokus\u0105. Mo\u017ce przedstawia\u0107 r\u00f3wnowag\u0119 mi\u0119dzy tymi si\u0142ami lub osobiste zmagania z decyzjami i emocjami. Cz\u0119sto wybierany przez osoby, kt\u00f3re chc\u0105 podkre\u015bli\u0107 swoj\u0105 dwoist\u0105 natur\u0119 lub \u017cycie pe\u0142ne kontrast\u00f3w.<\/p>\n","protected":false},"featured_media":2709,"template":"","meta":{"_monsterinsights_skip_tracking":false,"_monsterinsights_sitenote_active":false,"_monsterinsights_sitenote_note":"","_monsterinsights_sitenote_category":0,"_kadence_starter_templates_imported_post":false,"_kad_post_transparent":"default","_kad_post_title":"","_kad_post_layout":"default","_kad_post_sidebar_id":"","_kad_post_content_style":"default","_kad_post_vertical_padding":"default","_kad_post_feature":"","_kad_post_feature_position":"","_kad_post_header":false,"_kad_post_footer":false,"_kad_post_classname":""},"product_brand":[],"product_cat":[51,16],"product_tag":[],"class_list":{"0":"post-2603","1":"product","2":"type-product","3":"status-publish","4":"has-post-thumbnail","6":"product_cat-male","7":"product_cat-wszystko","9":"first","10":"instock","11":"taxable","12":"shipping-taxable","13":"purchasable","14":"product-type-simple","15":"entry","16":"content-bg","17":"loop-entry"},"jetpack_sharing_enabled":true,"_links":{"self":[{"href":"https:\/\/herbaltattoo.eu\/pl\/wp-json\/wp\/v2\/product\/2603","targetHints":{"allow":["GET"]}}],"collection":[{"href":"https:\/\/herbaltattoo.eu\/pl\/wp-json\/wp\/v2\/product"}],"about":[{"href":"https:\/\/herbaltattoo.eu\/pl\/wp-json\/wp\/v2\/types\/product"}],"wp:featuredmedia":[{"embeddable":true,"href":"https:\/\/herbaltattoo.eu\/pl\/wp-json\/wp\/v2\/media\/2709"}],"wp:attachment":[{"href":"https:\/\/herbaltattoo.eu\/pl\/wp-json\/wp\/v2\/media?parent=2603"}],"wp:term":[{"taxonomy":"product_brand","embeddable":true,"href":"https:\/\/herbaltattoo.eu\/pl\/wp-json\/wp\/v2\/product_brand?post=2603"},{"taxonomy":"product_cat","embeddable":true,"href":"https:\/\/herbaltattoo.eu\/pl\/wp-json\/wp\/v2\/product_cat?post=2603"},{"taxonomy":"product_tag","embeddable":true,"href":"https:\/\/herbaltattoo.eu\/pl\/wp-json\/wp\/v2\/product_tag?post=2603"}],"curies":[{"name":"wp","href":"https:\/\/api.w.org\/{rel}","templated":true}]}}