{"id":2595,"date":"2025-02-16T16:45:10","date_gmt":"2025-02-16T15:45:10","guid":{"rendered":"https:\/?post_type=product&#038;p=2595"},"modified":"2026-02-25T12:54:03","modified_gmt":"2026-02-25T11:54:03","slug":"klamka","status":"publish","type":"product","link":"https:\/\/herbaltattoo.eu\/pl\/produkt\/klamka\/","title":{"rendered":"Klamka"},"content":{"rendered":"<p>Tatua\u017c z motywem d\u0142oni z\u0142o\u017conych w pistolet mo\u017ce symbolizowa\u0107 zabaw\u0119, luz i humor, nawi\u0105zuj\u0105c do gestu znanego z dzieci\u0144stwa. Mo\u017ce te\u017c wyra\u017ca\u0107 pewno\u015b\u0107 siebie, gotowo\u015b\u0107 do dzia\u0142ania lub dystans do powagi \u017cycia.<\/p>\n","protected":false},"excerpt":{"rendered":"<p>Tatua\u017c z motywem d\u0142oni z\u0142o\u017conych w pistolet mo\u017ce symbolizowa\u0107 zabaw\u0119, luz i humor, nawi\u0105zuj\u0105c do gestu znanego z dzieci\u0144stwa. Mo\u017ce te\u017c wyra\u017ca\u0107 pewno\u015b\u0107 siebie, gotowo\u015b\u0107 do dzia\u0142ania lub dystans do powagi \u017cycia.<\/p>\n","protected":false},"featured_media":2705,"template":"","meta":{"_monsterinsights_skip_tracking":false,"_monsterinsights_sitenote_active":false,"_monsterinsights_sitenote_note":"","_monsterinsights_sitenote_category":0,"_kadence_starter_templates_imported_post":false,"_kad_post_transparent":"default","_kad_post_title":"","_kad_post_layout":"default","_kad_post_sidebar_id":"","_kad_post_content_style":"default","_kad_post_vertical_padding":"default","_kad_post_feature":"","_kad_post_feature_position":"","_kad_post_header":false,"_kad_post_footer":false,"_kad_post_classname":""},"product_brand":[],"product_cat":[51,16],"product_tag":[],"class_list":{"0":"post-2595","1":"product","2":"type-product","3":"status-publish","4":"has-post-thumbnail","6":"product_cat-male","7":"product_cat-wszystko","9":"first","10":"instock","11":"taxable","12":"shipping-taxable","13":"purchasable","14":"product-type-simple","15":"entry","16":"content-bg","17":"loop-entry"},"jetpack_sharing_enabled":true,"_links":{"self":[{"href":"https:\/\/herbaltattoo.eu\/pl\/wp-json\/wp\/v2\/product\/2595","targetHints":{"allow":["GET"]}}],"collection":[{"href":"https:\/\/herbaltattoo.eu\/pl\/wp-json\/wp\/v2\/product"}],"about":[{"href":"https:\/\/herbaltattoo.eu\/pl\/wp-json\/wp\/v2\/types\/product"}],"wp:featuredmedia":[{"embeddable":true,"href":"https:\/\/herbaltattoo.eu\/pl\/wp-json\/wp\/v2\/media\/2705"}],"wp:attachment":[{"href":"https:\/\/herbaltattoo.eu\/pl\/wp-json\/wp\/v2\/media?parent=2595"}],"wp:term":[{"taxonomy":"product_brand","embeddable":true,"href":"https:\/\/herbaltattoo.eu\/pl\/wp-json\/wp\/v2\/product_brand?post=2595"},{"taxonomy":"product_cat","embeddable":true,"href":"https:\/\/herbaltattoo.eu\/pl\/wp-json\/wp\/v2\/product_cat?post=2595"},{"taxonomy":"product_tag","embeddable":true,"href":"https:\/\/herbaltattoo.eu\/pl\/wp-json\/wp\/v2\/product_tag?post=2595"}],"curies":[{"name":"wp","href":"https:\/\/api.w.org\/{rel}","templated":true}]}}