{"id":2591,"date":"2025-02-16T16:43:58","date_gmt":"2025-02-16T15:43:58","guid":{"rendered":"https:\/?post_type=product&#038;p=2591"},"modified":"2026-02-25T12:54:03","modified_gmt":"2026-02-25T11:54:03","slug":"drzewo","status":"publish","type":"product","link":"https:\/\/herbaltattoo.eu\/pl\/produkt\/drzewo\/","title":{"rendered":"Drzewo"},"content":{"rendered":"<p>Tatua\u017c z motywem drzewa symbolizuje \u017cycie, si\u0142\u0119, stabilno\u015b\u0107 i wzrost. Cz\u0119sto kojarzy si\u0119 z wi\u0119ziami rodzinnymi (drzewo genealogiczne), a tak\u017ce z cyklem \u017cycia i odrodzeniem (zmieniaj\u0105ce si\u0119 pory roku). Drzewo z g\u0142\u0119bokimi korzeniami mo\u017ce wyra\u017ca\u0107 ugruntowanie i wi\u0119\u017a z przesz\u0142o\u015bci\u0105, a roz\u0142o\u017cyste ga\u0142\u0119zie \u2014 rozw\u00f3j i d\u0105\u017cenie do przysz\u0142o\u015bci.<\/p>\n","protected":false},"excerpt":{"rendered":"<p>Tatua\u017c z motywem drzewa symbolizuje \u017cycie, si\u0142\u0119, stabilno\u015b\u0107 i wzrost. Cz\u0119sto kojarzy si\u0119 z wi\u0119ziami rodzinnymi (drzewo genealogiczne), a tak\u017ce z cyklem \u017cycia i odrodzeniem (zmieniaj\u0105ce si\u0119 pory roku). Drzewo z g\u0142\u0119bokimi korzeniami mo\u017ce wyra\u017ca\u0107 ugruntowanie i wi\u0119\u017a z przesz\u0142o\u015bci\u0105, a roz\u0142o\u017cyste ga\u0142\u0119zie \u2014 rozw\u00f3j i d\u0105\u017cenie do przysz\u0142o\u015bci.<\/p>\n","protected":false},"featured_media":2702,"template":"","meta":{"_monsterinsights_skip_tracking":false,"_monsterinsights_sitenote_active":false,"_monsterinsights_sitenote_note":"","_monsterinsights_sitenote_category":0,"_kadence_starter_templates_imported_post":false,"_kad_post_transparent":"default","_kad_post_title":"","_kad_post_layout":"default","_kad_post_sidebar_id":"","_kad_post_content_style":"default","_kad_post_vertical_padding":"default","_kad_post_feature":"","_kad_post_feature_position":"","_kad_post_header":false,"_kad_post_footer":false,"_kad_post_classname":""},"product_brand":[],"product_cat":[51,16],"product_tag":[],"class_list":{"0":"post-2591","1":"product","2":"type-product","3":"status-publish","4":"has-post-thumbnail","6":"product_cat-male","7":"product_cat-wszystko","9":"first","10":"instock","11":"taxable","12":"shipping-taxable","13":"purchasable","14":"product-type-simple","15":"entry","16":"content-bg","17":"loop-entry"},"jetpack_sharing_enabled":true,"_links":{"self":[{"href":"https:\/\/herbaltattoo.eu\/pl\/wp-json\/wp\/v2\/product\/2591","targetHints":{"allow":["GET"]}}],"collection":[{"href":"https:\/\/herbaltattoo.eu\/pl\/wp-json\/wp\/v2\/product"}],"about":[{"href":"https:\/\/herbaltattoo.eu\/pl\/wp-json\/wp\/v2\/types\/product"}],"wp:featuredmedia":[{"embeddable":true,"href":"https:\/\/herbaltattoo.eu\/pl\/wp-json\/wp\/v2\/media\/2702"}],"wp:attachment":[{"href":"https:\/\/herbaltattoo.eu\/pl\/wp-json\/wp\/v2\/media?parent=2591"}],"wp:term":[{"taxonomy":"product_brand","embeddable":true,"href":"https:\/\/herbaltattoo.eu\/pl\/wp-json\/wp\/v2\/product_brand?post=2591"},{"taxonomy":"product_cat","embeddable":true,"href":"https:\/\/herbaltattoo.eu\/pl\/wp-json\/wp\/v2\/product_cat?post=2591"},{"taxonomy":"product_tag","embeddable":true,"href":"https:\/\/herbaltattoo.eu\/pl\/wp-json\/wp\/v2\/product_tag?post=2591"}],"curies":[{"name":"wp","href":"https:\/\/api.w.org\/{rel}","templated":true}]}}