{"id":2589,"date":"2025-02-16T16:39:26","date_gmt":"2025-02-16T15:39:26","guid":{"rendered":"https:\/?post_type=product&#038;p=2589"},"modified":"2026-02-25T12:54:03","modified_gmt":"2026-02-25T11:54:03","slug":"xoxo","status":"publish","type":"product","link":"https:\/\/herbaltattoo.eu\/pl\/produkt\/xoxo\/","title":{"rendered":"XOXO"},"content":{"rendered":"<p>Tatua\u017c z motywem \u201exoxo\u201d (oznaczaj\u0105cym \u201ebuziaki i u\u015bciski\u201d) symbolizuje mi\u0142o\u015b\u0107, czu\u0142o\u015b\u0107 i blisko\u015b\u0107. To lekki, pozytywny znak, kt\u00f3ry mo\u017ce wyra\u017ca\u0107 przywi\u0105zanie do bliskiej osoby, rado\u015b\u0107 \u017cycia lub po prostu dodawa\u0107 uroku i energii. Idealny w minimalistycznym stylu, cz\u0119sto wybierany jako delikatny tatua\u017c na nadgarstku, palcu czy za uchem.<\/p>\n","protected":false},"excerpt":{"rendered":"<p>Tatua\u017c z motywem \u201exoxo\u201d (oznaczaj\u0105cym \u201ebuziaki i u\u015bciski\u201d) symbolizuje mi\u0142o\u015b\u0107, czu\u0142o\u015b\u0107 i blisko\u015b\u0107. To lekki, pozytywny znak, kt\u00f3ry mo\u017ce wyra\u017ca\u0107 przywi\u0105zanie do bliskiej osoby, rado\u015b\u0107 \u017cycia lub po prostu dodawa\u0107 uroku i energii. Idealny w minimalistycznym stylu, cz\u0119sto wybierany jako delikatny tatua\u017c na nadgarstku, palcu czy za uchem.<\/p>\n","protected":false},"featured_media":2701,"template":"","meta":{"_monsterinsights_skip_tracking":false,"_monsterinsights_sitenote_active":false,"_monsterinsights_sitenote_note":"","_monsterinsights_sitenote_category":0,"_kadence_starter_templates_imported_post":false,"_kad_post_transparent":"default","_kad_post_title":"","_kad_post_layout":"default","_kad_post_sidebar_id":"","_kad_post_content_style":"default","_kad_post_vertical_padding":"default","_kad_post_feature":"","_kad_post_feature_position":"","_kad_post_header":false,"_kad_post_footer":false,"_kad_post_classname":""},"product_brand":[],"product_cat":[51,16],"product_tag":[],"class_list":{"0":"post-2589","1":"product","2":"type-product","3":"status-publish","4":"has-post-thumbnail","6":"product_cat-male","7":"product_cat-wszystko","9":"first","10":"instock","11":"taxable","12":"shipping-taxable","13":"purchasable","14":"product-type-simple","15":"entry","16":"content-bg","17":"loop-entry"},"jetpack_sharing_enabled":true,"_links":{"self":[{"href":"https:\/\/herbaltattoo.eu\/pl\/wp-json\/wp\/v2\/product\/2589","targetHints":{"allow":["GET"]}}],"collection":[{"href":"https:\/\/herbaltattoo.eu\/pl\/wp-json\/wp\/v2\/product"}],"about":[{"href":"https:\/\/herbaltattoo.eu\/pl\/wp-json\/wp\/v2\/types\/product"}],"wp:featuredmedia":[{"embeddable":true,"href":"https:\/\/herbaltattoo.eu\/pl\/wp-json\/wp\/v2\/media\/2701"}],"wp:attachment":[{"href":"https:\/\/herbaltattoo.eu\/pl\/wp-json\/wp\/v2\/media?parent=2589"}],"wp:term":[{"taxonomy":"product_brand","embeddable":true,"href":"https:\/\/herbaltattoo.eu\/pl\/wp-json\/wp\/v2\/product_brand?post=2589"},{"taxonomy":"product_cat","embeddable":true,"href":"https:\/\/herbaltattoo.eu\/pl\/wp-json\/wp\/v2\/product_cat?post=2589"},{"taxonomy":"product_tag","embeddable":true,"href":"https:\/\/herbaltattoo.eu\/pl\/wp-json\/wp\/v2\/product_tag?post=2589"}],"curies":[{"name":"wp","href":"https:\/\/api.w.org\/{rel}","templated":true}]}}