{"id":2587,"date":"2025-02-16T16:38:51","date_gmt":"2025-02-16T15:38:51","guid":{"rendered":"https:\/?post_type=product&#038;p=2587"},"modified":"2026-02-25T12:54:03","modified_gmt":"2026-02-25T11:54:03","slug":"pioro","status":"publish","type":"product","link":"https:\/\/herbaltattoo.eu\/pl\/produkt\/pioro\/","title":{"rendered":"Pi\u00f3ro"},"content":{"rendered":"<p>Tatua\u017c z motywem pi\u00f3ra symbolizuje lekko\u015b\u0107, wolno\u015b\u0107 i duchow\u0105 podr\u00f3\u017c. Mo\u017ce nawi\u0105zywa\u0107 do kreatywno\u015bci i pisarstwa (pi\u00f3ro jako narz\u0119dzie pisarza) lub do natury i po\u0142\u0105czenia z ptakami, kt\u00f3re reprezentuj\u0105 wolno\u015b\u0107 i marzenia.<\/p>\n","protected":false},"excerpt":{"rendered":"<p>Tatua\u017c z motywem pi\u00f3ra symbolizuje lekko\u015b\u0107, wolno\u015b\u0107 i duchow\u0105 podr\u00f3\u017c. Mo\u017ce nawi\u0105zywa\u0107 do kreatywno\u015bci i pisarstwa (pi\u00f3ro jako narz\u0119dzie pisarza) lub do natury i po\u0142\u0105czenia z ptakami, kt\u00f3re reprezentuj\u0105 wolno\u015b\u0107 i marzenia.<\/p>\n","protected":false},"featured_media":2700,"template":"","meta":{"_monsterinsights_skip_tracking":false,"_monsterinsights_sitenote_active":false,"_monsterinsights_sitenote_note":"","_monsterinsights_sitenote_category":0,"_kadence_starter_templates_imported_post":false,"_kad_post_transparent":"default","_kad_post_title":"","_kad_post_layout":"default","_kad_post_sidebar_id":"","_kad_post_content_style":"default","_kad_post_vertical_padding":"default","_kad_post_feature":"","_kad_post_feature_position":"","_kad_post_header":false,"_kad_post_footer":false,"_kad_post_classname":""},"product_brand":[],"product_cat":[51,16],"product_tag":[],"class_list":{"0":"post-2587","1":"product","2":"type-product","3":"status-publish","4":"has-post-thumbnail","6":"product_cat-male","7":"product_cat-wszystko","9":"first","10":"instock","11":"taxable","12":"shipping-taxable","13":"purchasable","14":"product-type-simple","15":"entry","16":"content-bg","17":"loop-entry"},"jetpack_sharing_enabled":true,"_links":{"self":[{"href":"https:\/\/herbaltattoo.eu\/pl\/wp-json\/wp\/v2\/product\/2587","targetHints":{"allow":["GET"]}}],"collection":[{"href":"https:\/\/herbaltattoo.eu\/pl\/wp-json\/wp\/v2\/product"}],"about":[{"href":"https:\/\/herbaltattoo.eu\/pl\/wp-json\/wp\/v2\/types\/product"}],"wp:featuredmedia":[{"embeddable":true,"href":"https:\/\/herbaltattoo.eu\/pl\/wp-json\/wp\/v2\/media\/2700"}],"wp:attachment":[{"href":"https:\/\/herbaltattoo.eu\/pl\/wp-json\/wp\/v2\/media?parent=2587"}],"wp:term":[{"taxonomy":"product_brand","embeddable":true,"href":"https:\/\/herbaltattoo.eu\/pl\/wp-json\/wp\/v2\/product_brand?post=2587"},{"taxonomy":"product_cat","embeddable":true,"href":"https:\/\/herbaltattoo.eu\/pl\/wp-json\/wp\/v2\/product_cat?post=2587"},{"taxonomy":"product_tag","embeddable":true,"href":"https:\/\/herbaltattoo.eu\/pl\/wp-json\/wp\/v2\/product_tag?post=2587"}],"curies":[{"name":"wp","href":"https:\/\/api.w.org\/{rel}","templated":true}]}}