{"id":2583,"date":"2025-02-16T16:33:35","date_gmt":"2025-02-16T15:33:35","guid":{"rendered":"https:\/?post_type=product&#038;p=2583"},"modified":"2026-02-25T12:54:04","modified_gmt":"2026-02-25T11:54:04","slug":"krol-i-dama","status":"publish","type":"product","link":"https:\/\/herbaltattoo.eu\/pl\/produkt\/krol-i-dama\/","title":{"rendered":"Kr\u00f3l i Dama"},"content":{"rendered":"<p>Tatua\u017c z motywem kr\u00f3la i damy symbolizuje mi\u0142o\u015b\u0107, lojalno\u015b\u0107 i partnersk\u0105 wi\u0119\u017a. Cz\u0119sto wybierany przez pary jako znak wzajemnego szacunku i uzupe\u0142niania si\u0119, gdzie kr\u00f3l i dama przedstawiaj\u0105 r\u00f3wnowag\u0119 si\u0142y i delikatno\u015bci. Mo\u017ce tak\u017ce oznacza\u0107 poczucie w\u0142asnej warto\u015bci, kr\u00f3lewsk\u0105 pewno\u015b\u0107 siebie oraz gotowo\u015b\u0107 do wsp\u00f3lnego panowania nad \u017cyciem.<\/p>\n","protected":false},"excerpt":{"rendered":"<p>Tatua\u017c z motywem kr\u00f3la i damy symbolizuje mi\u0142o\u015b\u0107, lojalno\u015b\u0107 i partnersk\u0105 wi\u0119\u017a. Cz\u0119sto wybierany przez pary jako znak wzajemnego szacunku i uzupe\u0142niania si\u0119, gdzie kr\u00f3l i dama przedstawiaj\u0105 r\u00f3wnowag\u0119 si\u0142y i delikatno\u015bci. Mo\u017ce tak\u017ce oznacza\u0107 poczucie w\u0142asnej warto\u015bci, kr\u00f3lewsk\u0105 pewno\u015b\u0107 siebie oraz gotowo\u015b\u0107 do wsp\u00f3lnego panowania nad \u017cyciem.<\/p>\n","protected":false},"featured_media":2698,"template":"","meta":{"_monsterinsights_skip_tracking":false,"_monsterinsights_sitenote_active":false,"_monsterinsights_sitenote_note":"","_monsterinsights_sitenote_category":0,"_kadence_starter_templates_imported_post":false,"_kad_post_transparent":"default","_kad_post_title":"","_kad_post_layout":"default","_kad_post_sidebar_id":"","_kad_post_content_style":"default","_kad_post_vertical_padding":"default","_kad_post_feature":"","_kad_post_feature_position":"","_kad_post_header":false,"_kad_post_footer":false,"_kad_post_classname":""},"product_brand":[],"product_cat":[51,16],"product_tag":[],"class_list":{"0":"post-2583","1":"product","2":"type-product","3":"status-publish","4":"has-post-thumbnail","6":"product_cat-male","7":"product_cat-wszystko","9":"first","10":"instock","11":"taxable","12":"shipping-taxable","13":"purchasable","14":"product-type-simple","15":"entry","16":"content-bg","17":"loop-entry"},"jetpack_sharing_enabled":true,"_links":{"self":[{"href":"https:\/\/herbaltattoo.eu\/pl\/wp-json\/wp\/v2\/product\/2583","targetHints":{"allow":["GET"]}}],"collection":[{"href":"https:\/\/herbaltattoo.eu\/pl\/wp-json\/wp\/v2\/product"}],"about":[{"href":"https:\/\/herbaltattoo.eu\/pl\/wp-json\/wp\/v2\/types\/product"}],"wp:featuredmedia":[{"embeddable":true,"href":"https:\/\/herbaltattoo.eu\/pl\/wp-json\/wp\/v2\/media\/2698"}],"wp:attachment":[{"href":"https:\/\/herbaltattoo.eu\/pl\/wp-json\/wp\/v2\/media?parent=2583"}],"wp:term":[{"taxonomy":"product_brand","embeddable":true,"href":"https:\/\/herbaltattoo.eu\/pl\/wp-json\/wp\/v2\/product_brand?post=2583"},{"taxonomy":"product_cat","embeddable":true,"href":"https:\/\/herbaltattoo.eu\/pl\/wp-json\/wp\/v2\/product_cat?post=2583"},{"taxonomy":"product_tag","embeddable":true,"href":"https:\/\/herbaltattoo.eu\/pl\/wp-json\/wp\/v2\/product_tag?post=2583"}],"curies":[{"name":"wp","href":"https:\/\/api.w.org\/{rel}","templated":true}]}}