{"id":2573,"date":"2025-02-16T16:30:32","date_gmt":"2025-02-16T15:30:32","guid":{"rendered":"https:\/?post_type=product&#038;p=2573"},"modified":"2026-02-25T12:54:06","modified_gmt":"2026-02-25T11:54:06","slug":"smok-2","status":"publish","type":"product","link":"https:\/\/herbaltattoo.eu\/pl\/produkt\/smok-2\/","title":{"rendered":"Smok"},"content":{"rendered":"<p>Tatua\u017c ze smokiem symbolizuje si\u0142\u0119, m\u0105dro\u015b\u0107 i ochron\u0119. Smok jest r\u00f3wnie\u017c zwi\u0105zany z magi\u0105, tajemnic\u0105 i transformacj\u0105, reprezentuj\u0105c pot\u0119\u017cn\u0105 energi\u0119 oraz zdolno\u015b\u0107 do pokonywania przeszk\u00f3d. W wielu kulturach smok mo\u017ce tak\u017ce oznacza\u0107 r\u00f3wnowag\u0119 mi\u0119dzy \u015bwiat\u0142em a ciemno\u015bci\u0105, a tak\u017ce odwag\u0119 w d\u0105\u017ceniu do celu.<\/p>\n","protected":false},"excerpt":{"rendered":"<p>Tatua\u017c ze smokiem symbolizuje si\u0142\u0119, m\u0105dro\u015b\u0107 i ochron\u0119. Smok jest r\u00f3wnie\u017c zwi\u0105zany z magi\u0105, tajemnic\u0105 i transformacj\u0105, reprezentuj\u0105c pot\u0119\u017cn\u0105 energi\u0119 oraz zdolno\u015b\u0107 do pokonywania przeszk\u00f3d. W wielu kulturach smok mo\u017ce tak\u017ce oznacza\u0107 r\u00f3wnowag\u0119 mi\u0119dzy \u015bwiat\u0142em a ciemno\u015bci\u0105, a tak\u017ce odwag\u0119 w d\u0105\u017ceniu do celu.<\/p>\n","protected":false},"featured_media":2693,"template":"","meta":{"_monsterinsights_skip_tracking":false,"_monsterinsights_sitenote_active":false,"_monsterinsights_sitenote_note":"","_monsterinsights_sitenote_category":0,"_kadence_starter_templates_imported_post":false,"_kad_post_transparent":"default","_kad_post_title":"","_kad_post_layout":"default","_kad_post_sidebar_id":"","_kad_post_content_style":"default","_kad_post_vertical_padding":"default","_kad_post_feature":"","_kad_post_feature_position":"","_kad_post_header":false,"_kad_post_footer":false,"_kad_post_classname":""},"product_brand":[],"product_cat":[51,16],"product_tag":[],"class_list":{"0":"post-2573","1":"product","2":"type-product","3":"status-publish","4":"has-post-thumbnail","6":"product_cat-male","7":"product_cat-wszystko","9":"first","10":"instock","11":"taxable","12":"shipping-taxable","13":"purchasable","14":"product-type-simple","15":"entry","16":"content-bg","17":"loop-entry"},"jetpack_sharing_enabled":true,"_links":{"self":[{"href":"https:\/\/herbaltattoo.eu\/pl\/wp-json\/wp\/v2\/product\/2573","targetHints":{"allow":["GET"]}}],"collection":[{"href":"https:\/\/herbaltattoo.eu\/pl\/wp-json\/wp\/v2\/product"}],"about":[{"href":"https:\/\/herbaltattoo.eu\/pl\/wp-json\/wp\/v2\/types\/product"}],"wp:featuredmedia":[{"embeddable":true,"href":"https:\/\/herbaltattoo.eu\/pl\/wp-json\/wp\/v2\/media\/2693"}],"wp:attachment":[{"href":"https:\/\/herbaltattoo.eu\/pl\/wp-json\/wp\/v2\/media?parent=2573"}],"wp:term":[{"taxonomy":"product_brand","embeddable":true,"href":"https:\/\/herbaltattoo.eu\/pl\/wp-json\/wp\/v2\/product_brand?post=2573"},{"taxonomy":"product_cat","embeddable":true,"href":"https:\/\/herbaltattoo.eu\/pl\/wp-json\/wp\/v2\/product_cat?post=2573"},{"taxonomy":"product_tag","embeddable":true,"href":"https:\/\/herbaltattoo.eu\/pl\/wp-json\/wp\/v2\/product_tag?post=2573"}],"curies":[{"name":"wp","href":"https:\/\/api.w.org\/{rel}","templated":true}]}}