{"id":2569,"date":"2025-02-16T16:29:19","date_gmt":"2025-02-16T15:29:19","guid":{"rendered":"https:\/?post_type=product&#038;p=2569"},"modified":"2026-02-25T12:54:06","modified_gmt":"2026-02-25T11:54:06","slug":"astronauta","status":"publish","type":"product","link":"https:\/\/herbaltattoo.eu\/pl\/produkt\/astronauta\/","title":{"rendered":"Astronauta"},"content":{"rendered":"<p>Tatua\u017c z motywem astronauty symbolizuje eksploracj\u0119, odkrywanie nowych granic i marzenia. Mo\u017ce wyra\u017ca\u0107 fascynacj\u0119 kosmosem, wolno\u015bci\u0105, a tak\u017ce d\u0105\u017cenie do realizacji swoich cel\u00f3w mimo trudno\u015bci. Astronauta w tatua\u017cu cz\u0119sto oznacza tak\u017ce poszukiwanie sensu \u017cycia, duchow\u0105 podr\u00f3\u017c lub ch\u0119\u0107 \u201eodlotu\u201d od codziennych ogranicze\u0144<\/p>\n","protected":false},"excerpt":{"rendered":"<p>Tatua\u017c z motywem astronauty symbolizuje eksploracj\u0119, odkrywanie nowych granic i marzenia. Mo\u017ce wyra\u017ca\u0107 fascynacj\u0119 kosmosem, wolno\u015bci\u0105, a tak\u017ce d\u0105\u017cenie do realizacji swoich cel\u00f3w mimo trudno\u015bci. Astronauta w tatua\u017cu cz\u0119sto oznacza tak\u017ce poszukiwanie sensu \u017cycia, duchow\u0105 podr\u00f3\u017c lub ch\u0119\u0107 \u201eodlotu\u201d od codziennych ogranicze\u0144<\/p>\n","protected":false},"featured_media":2691,"template":"","meta":{"_monsterinsights_skip_tracking":false,"_monsterinsights_sitenote_active":false,"_monsterinsights_sitenote_note":"","_monsterinsights_sitenote_category":0,"_kadence_starter_templates_imported_post":false,"_kad_post_transparent":"default","_kad_post_title":"","_kad_post_layout":"default","_kad_post_sidebar_id":"","_kad_post_content_style":"default","_kad_post_vertical_padding":"default","_kad_post_feature":"","_kad_post_feature_position":"","_kad_post_header":false,"_kad_post_footer":false,"_kad_post_classname":""},"product_brand":[],"product_cat":[51,16],"product_tag":[],"class_list":{"0":"post-2569","1":"product","2":"type-product","3":"status-publish","4":"has-post-thumbnail","6":"product_cat-male","7":"product_cat-wszystko","9":"first","10":"instock","11":"taxable","12":"shipping-taxable","13":"purchasable","14":"product-type-simple","15":"entry","16":"content-bg","17":"loop-entry"},"jetpack_sharing_enabled":true,"_links":{"self":[{"href":"https:\/\/herbaltattoo.eu\/pl\/wp-json\/wp\/v2\/product\/2569","targetHints":{"allow":["GET"]}}],"collection":[{"href":"https:\/\/herbaltattoo.eu\/pl\/wp-json\/wp\/v2\/product"}],"about":[{"href":"https:\/\/herbaltattoo.eu\/pl\/wp-json\/wp\/v2\/types\/product"}],"wp:featuredmedia":[{"embeddable":true,"href":"https:\/\/herbaltattoo.eu\/pl\/wp-json\/wp\/v2\/media\/2691"}],"wp:attachment":[{"href":"https:\/\/herbaltattoo.eu\/pl\/wp-json\/wp\/v2\/media?parent=2569"}],"wp:term":[{"taxonomy":"product_brand","embeddable":true,"href":"https:\/\/herbaltattoo.eu\/pl\/wp-json\/wp\/v2\/product_brand?post=2569"},{"taxonomy":"product_cat","embeddable":true,"href":"https:\/\/herbaltattoo.eu\/pl\/wp-json\/wp\/v2\/product_cat?post=2569"},{"taxonomy":"product_tag","embeddable":true,"href":"https:\/\/herbaltattoo.eu\/pl\/wp-json\/wp\/v2\/product_tag?post=2569"}],"curies":[{"name":"wp","href":"https:\/\/api.w.org\/{rel}","templated":true}]}}