{"id":2567,"date":"2025-02-16T16:28:18","date_gmt":"2025-02-16T15:28:18","guid":{"rendered":"https:\/?post_type=product&#038;p=2567"},"modified":"2026-02-25T12:54:06","modified_gmt":"2026-02-25T11:54:06","slug":"mozg-z-kwiatow","status":"publish","type":"product","link":"https:\/\/herbaltattoo.eu\/pl\/produkt\/mozg-z-kwiatow\/","title":{"rendered":"M\u00f3zg z kwiat\u00f3w"},"content":{"rendered":"<p>Tatua\u017c z motywem m\u00f3zgu z kwiat\u00f3w symbolizuje po\u0142\u0105czenie umys\u0142u i emocji. Mo\u017ce oznacza\u0107 harmoni\u0119 mi\u0119dzy rozumem a uczuciami, kreatywno\u015b\u0107 oraz rozw\u00f3j intelektualny i duchowy. Kwiaty dodaj\u0105 delikatno\u015bci i pi\u0119kna, wskazuj\u0105c na wzrost, odrodzenie i pozytywne my\u015blenie, podczas gdy m\u00f3zg reprezentuje inteligencj\u0119 i procesy my\u015blowe. Taki tatua\u017c mo\u017ce by\u0107 r\u00f3wnie\u017c manifestem tw\u00f3rczej mocy umys\u0142u.<\/p>\n","protected":false},"excerpt":{"rendered":"<p>Tatua\u017c z motywem m\u00f3zgu z kwiat\u00f3w symbolizuje po\u0142\u0105czenie umys\u0142u i emocji. Mo\u017ce oznacza\u0107 harmoni\u0119 mi\u0119dzy rozumem a uczuciami, kreatywno\u015b\u0107 oraz rozw\u00f3j intelektualny i duchowy. Kwiaty dodaj\u0105 delikatno\u015bci i pi\u0119kna, wskazuj\u0105c na wzrost, odrodzenie i pozytywne my\u015blenie, podczas gdy m\u00f3zg reprezentuje inteligencj\u0119 i procesy my\u015blowe. Taki tatua\u017c mo\u017ce by\u0107 r\u00f3wnie\u017c manifestem tw\u00f3rczej mocy umys\u0142u.<\/p>\n","protected":false},"featured_media":2690,"template":"","meta":{"_monsterinsights_skip_tracking":false,"_monsterinsights_sitenote_active":false,"_monsterinsights_sitenote_note":"","_monsterinsights_sitenote_category":0,"_kadence_starter_templates_imported_post":false,"_kad_post_transparent":"default","_kad_post_title":"","_kad_post_layout":"default","_kad_post_sidebar_id":"","_kad_post_content_style":"default","_kad_post_vertical_padding":"default","_kad_post_feature":"","_kad_post_feature_position":"","_kad_post_header":false,"_kad_post_footer":false,"_kad_post_classname":""},"product_brand":[],"product_cat":[51,16],"product_tag":[],"class_list":{"0":"post-2567","1":"product","2":"type-product","3":"status-publish","4":"has-post-thumbnail","6":"product_cat-male","7":"product_cat-wszystko","9":"first","10":"outofstock","11":"taxable","12":"shipping-taxable","13":"purchasable","14":"product-type-simple","15":"entry","16":"content-bg","17":"loop-entry"},"jetpack_sharing_enabled":true,"_links":{"self":[{"href":"https:\/\/herbaltattoo.eu\/pl\/wp-json\/wp\/v2\/product\/2567","targetHints":{"allow":["GET"]}}],"collection":[{"href":"https:\/\/herbaltattoo.eu\/pl\/wp-json\/wp\/v2\/product"}],"about":[{"href":"https:\/\/herbaltattoo.eu\/pl\/wp-json\/wp\/v2\/types\/product"}],"wp:featuredmedia":[{"embeddable":true,"href":"https:\/\/herbaltattoo.eu\/pl\/wp-json\/wp\/v2\/media\/2690"}],"wp:attachment":[{"href":"https:\/\/herbaltattoo.eu\/pl\/wp-json\/wp\/v2\/media?parent=2567"}],"wp:term":[{"taxonomy":"product_brand","embeddable":true,"href":"https:\/\/herbaltattoo.eu\/pl\/wp-json\/wp\/v2\/product_brand?post=2567"},{"taxonomy":"product_cat","embeddable":true,"href":"https:\/\/herbaltattoo.eu\/pl\/wp-json\/wp\/v2\/product_cat?post=2567"},{"taxonomy":"product_tag","embeddable":true,"href":"https:\/\/herbaltattoo.eu\/pl\/wp-json\/wp\/v2\/product_tag?post=2567"}],"curies":[{"name":"wp","href":"https:\/\/api.w.org\/{rel}","templated":true}]}}