{"id":2565,"date":"2025-02-16T16:27:22","date_gmt":"2025-02-16T15:27:22","guid":{"rendered":"https:\/?post_type=product&#038;p=2565"},"modified":"2026-02-25T12:54:06","modified_gmt":"2026-02-25T11:54:06","slug":"polne-kwiaty","status":"publish","type":"product","link":"https:\/\/herbaltattoo.eu\/pl\/produkt\/polne-kwiaty\/","title":{"rendered":"Polne kwiaty"},"content":{"rendered":"<p>Tatua\u017c z motywem polnych kwiat\u00f3w symbolizuje naturalno\u015b\u0107, wolno\u015b\u0107 i prostot\u0119. Mo\u017ce wyra\u017ca\u0107 wi\u0119\u017a z natur\u0105, rado\u015b\u0107 z drobnych chwil i pi\u0119kno otaczaj\u0105cego \u015bwiata. Polne kwiaty cz\u0119sto kojarz\u0105 si\u0119 z beztrosk\u0105, \u015bwie\u017co\u015bci\u0105 oraz witalno\u015bci\u0105, a tak\u017ce z indywidualno\u015bci\u0105 i autentyczno\u015bci\u0105.<\/p>\n","protected":false},"excerpt":{"rendered":"<p>Tatua\u017c z motywem polnych kwiat\u00f3w symbolizuje naturalno\u015b\u0107, wolno\u015b\u0107 i prostot\u0119. Mo\u017ce wyra\u017ca\u0107 wi\u0119\u017a z natur\u0105, rado\u015b\u0107 z drobnych chwil i pi\u0119kno otaczaj\u0105cego \u015bwiata. Polne kwiaty cz\u0119sto kojarz\u0105 si\u0119 z beztrosk\u0105, \u015bwie\u017co\u015bci\u0105 oraz witalno\u015bci\u0105, a tak\u017ce z indywidualno\u015bci\u0105 i autentyczno\u015bci\u0105.<\/p>\n","protected":false},"featured_media":2689,"template":"","meta":{"_monsterinsights_skip_tracking":false,"_monsterinsights_sitenote_active":false,"_monsterinsights_sitenote_note":"","_monsterinsights_sitenote_category":0,"_kadence_starter_templates_imported_post":false,"_kad_post_transparent":"default","_kad_post_title":"","_kad_post_layout":"default","_kad_post_sidebar_id":"","_kad_post_content_style":"default","_kad_post_vertical_padding":"default","_kad_post_feature":"","_kad_post_feature_position":"","_kad_post_header":false,"_kad_post_footer":false,"_kad_post_classname":""},"product_brand":[],"product_cat":[51,16],"product_tag":[],"class_list":{"0":"post-2565","1":"product","2":"type-product","3":"status-publish","4":"has-post-thumbnail","6":"product_cat-male","7":"product_cat-wszystko","9":"first","10":"instock","11":"taxable","12":"shipping-taxable","13":"purchasable","14":"product-type-simple","15":"entry","16":"content-bg","17":"loop-entry"},"jetpack_sharing_enabled":true,"_links":{"self":[{"href":"https:\/\/herbaltattoo.eu\/pl\/wp-json\/wp\/v2\/product\/2565","targetHints":{"allow":["GET"]}}],"collection":[{"href":"https:\/\/herbaltattoo.eu\/pl\/wp-json\/wp\/v2\/product"}],"about":[{"href":"https:\/\/herbaltattoo.eu\/pl\/wp-json\/wp\/v2\/types\/product"}],"wp:featuredmedia":[{"embeddable":true,"href":"https:\/\/herbaltattoo.eu\/pl\/wp-json\/wp\/v2\/media\/2689"}],"wp:attachment":[{"href":"https:\/\/herbaltattoo.eu\/pl\/wp-json\/wp\/v2\/media?parent=2565"}],"wp:term":[{"taxonomy":"product_brand","embeddable":true,"href":"https:\/\/herbaltattoo.eu\/pl\/wp-json\/wp\/v2\/product_brand?post=2565"},{"taxonomy":"product_cat","embeddable":true,"href":"https:\/\/herbaltattoo.eu\/pl\/wp-json\/wp\/v2\/product_cat?post=2565"},{"taxonomy":"product_tag","embeddable":true,"href":"https:\/\/herbaltattoo.eu\/pl\/wp-json\/wp\/v2\/product_tag?post=2565"}],"curies":[{"name":"wp","href":"https:\/\/api.w.org\/{rel}","templated":true}]}}