{"id":2561,"date":"2025-02-16T16:25:14","date_gmt":"2025-02-16T15:25:14","guid":{"rendered":"https:\/?post_type=product&#038;p=2561"},"modified":"2026-02-25T12:54:07","modified_gmt":"2026-02-25T11:54:07","slug":"ksiezyc","status":"publish","type":"product","link":"https:\/\/herbaltattoo.eu\/pl\/produkt\/ksiezyc\/","title":{"rendered":"Ksi\u0119\u017cyc"},"content":{"rendered":"<p>Tatua\u017c z motywem ksi\u0119\u017cyca i r\u00f3\u017cy symbolizuje r\u00f3wnowag\u0119 mi\u0119dzy przeciwie\u0144stwami \u2013 delikatno\u015bci\u0105 a si\u0142\u0105, noc\u0105 a dniem. Ksi\u0119\u017cyc mo\u017ce reprezentowa\u0107 tajemnic\u0119, intuicj\u0119 i cykliczno\u015b\u0107, podczas gdy r\u00f3\u017ca symbolizuje mi\u0142o\u015b\u0107, pi\u0119kno i pasj\u0119. Razem tworz\u0105 obraz harmonii, w kt\u00f3rym zmys\u0142owo\u015b\u0107 i duchowo\u015b\u0107 wsp\u00f3\u0142istniej\u0105.<\/p>\n","protected":false},"excerpt":{"rendered":"<p>Tatua\u017c z motywem ksi\u0119\u017cyca i r\u00f3\u017cy symbolizuje r\u00f3wnowag\u0119 mi\u0119dzy przeciwie\u0144stwami \u2013 delikatno\u015bci\u0105 a si\u0142\u0105, noc\u0105 a dniem. Ksi\u0119\u017cyc mo\u017ce reprezentowa\u0107 tajemnic\u0119, intuicj\u0119 i cykliczno\u015b\u0107, podczas gdy r\u00f3\u017ca symbolizuje mi\u0142o\u015b\u0107, pi\u0119kno i pasj\u0119. Razem tworz\u0105 obraz harmonii, w kt\u00f3rym zmys\u0142owo\u015b\u0107 i duchowo\u015b\u0107 wsp\u00f3\u0142istniej\u0105.<\/p>\n","protected":false},"featured_media":2687,"template":"","meta":{"_monsterinsights_skip_tracking":false,"_monsterinsights_sitenote_active":false,"_monsterinsights_sitenote_note":"","_monsterinsights_sitenote_category":0,"_kadence_starter_templates_imported_post":false,"_kad_post_transparent":"default","_kad_post_title":"","_kad_post_layout":"default","_kad_post_sidebar_id":"","_kad_post_content_style":"default","_kad_post_vertical_padding":"default","_kad_post_feature":"","_kad_post_feature_position":"","_kad_post_header":false,"_kad_post_footer":false,"_kad_post_classname":""},"product_brand":[],"product_cat":[51,16],"product_tag":[],"class_list":{"0":"post-2561","1":"product","2":"type-product","3":"status-publish","4":"has-post-thumbnail","6":"product_cat-male","7":"product_cat-wszystko","9":"first","10":"instock","11":"taxable","12":"shipping-taxable","13":"purchasable","14":"product-type-simple","15":"entry","16":"content-bg","17":"loop-entry"},"jetpack_sharing_enabled":true,"_links":{"self":[{"href":"https:\/\/herbaltattoo.eu\/pl\/wp-json\/wp\/v2\/product\/2561","targetHints":{"allow":["GET"]}}],"collection":[{"href":"https:\/\/herbaltattoo.eu\/pl\/wp-json\/wp\/v2\/product"}],"about":[{"href":"https:\/\/herbaltattoo.eu\/pl\/wp-json\/wp\/v2\/types\/product"}],"wp:featuredmedia":[{"embeddable":true,"href":"https:\/\/herbaltattoo.eu\/pl\/wp-json\/wp\/v2\/media\/2687"}],"wp:attachment":[{"href":"https:\/\/herbaltattoo.eu\/pl\/wp-json\/wp\/v2\/media?parent=2561"}],"wp:term":[{"taxonomy":"product_brand","embeddable":true,"href":"https:\/\/herbaltattoo.eu\/pl\/wp-json\/wp\/v2\/product_brand?post=2561"},{"taxonomy":"product_cat","embeddable":true,"href":"https:\/\/herbaltattoo.eu\/pl\/wp-json\/wp\/v2\/product_cat?post=2561"},{"taxonomy":"product_tag","embeddable":true,"href":"https:\/\/herbaltattoo.eu\/pl\/wp-json\/wp\/v2\/product_tag?post=2561"}],"curies":[{"name":"wp","href":"https:\/\/api.w.org\/{rel}","templated":true}]}}